{"id":770,"date":"2025-02-17T14:54:13","date_gmt":"2025-02-17T14:54:13","guid":{"rendered":"https:\/\/smarvet.eu\/?post_type=product&#038;p=770"},"modified":"2025-02-25T18:00:03","modified_gmt":"2025-02-25T18:00:03","slug":"crib-2","status":"publish","type":"product","link":"https:\/\/smarvet.eu\/bs\/proizvod\/crib-2\/","title":{"rendered":"Baby krevet"},"content":{"rendered":"<p>The <strong data-start=\"4\" data-end=\"17\">LUNA Crib<\/strong> adds warmth and coziness to any nursery with its modern lines, angled legs, and naturally oiled wood.<\/p>\n<p class=\"translation-block\">Dizajniran za stil i funkcionalnost, sadr\u017ei podesivu podr\u0161ku za madrac s tri visinske razine te uklju\u010duje nisku konvertibilnu ogradu za jednostavnu transformaciju u krevet za djecu. Ovo osigurava glatku tranziciju za va\u0161e dijete, pru\u017eaju\u0107i sigurnost i samostalnost tijekom spavanja.<\/p>","protected":false},"excerpt":{"rendered":"<p>Moderni, udobni baby krevet s podesivim visinama i konvertibilnim dizajnom.<\/p>","protected":false},"featured_media":895,"template":"","meta":[],"product_brand":[20],"product_cat":[80,44,33],"product_tag":[],"class_list":{"0":"post-770","1":"product","2":"type-product","3":"status-publish","4":"has-post-thumbnail","6":"product_brand-smarvet","7":"product_cat-baby-room-luna-collection","8":"product_cat-luna-collection","9":"product_cat-classics","11":"first","12":"instock","13":"sold-individually","14":"shipping-taxable","15":"product-type-simple"},"yoast_head":"<!-- This site is optimized with the Yoast SEO plugin v27.3 - https:\/\/yoast.com\/product\/yoast-seo-wordpress\/ -->\n<title>Crib - Smarvet<\/title>\n<meta name=\"robots\" content=\"index, follow, max-snippet:-1, max-image-preview:large, max-video-preview:-1\" \/>\n<link rel=\"canonical\" href=\"https:\/\/smarvet.eu\/bs\/proizvod\/crib-2\/\" \/>\n<meta property=\"og:locale\" content=\"bs_BA\" \/>\n<meta property=\"og:type\" content=\"article\" \/>\n<meta property=\"og:title\" content=\"Crib - Smarvet\" \/>\n<meta property=\"og:description\" content=\"Modern, cozy crib with adjustable heights and convertible design.\" \/>\n<meta property=\"og:url\" content=\"https:\/\/smarvet.eu\/bs\/proizvod\/crib-2\/\" \/>\n<meta property=\"og:site_name\" content=\"Smarvet\" \/>\n<meta property=\"article:modified_time\" content=\"2025-02-25T18:00:03+00:00\" \/>\n<meta property=\"og:image\" content=\"https:\/\/smarvet.eu\/wp-content\/uploads\/2025\/02\/luna-baby-krevet-crib-side.jpg\" \/>\n\t<meta property=\"og:image:width\" content=\"1200\" \/>\n\t<meta property=\"og:image:height\" content=\"800\" \/>\n\t<meta property=\"og:image:type\" content=\"image\/jpeg\" \/>\n<meta name=\"twitter:card\" content=\"summary_large_image\" \/>\n<meta name=\"twitter:label1\" content=\"Est. reading time\" \/>\n\t<meta name=\"twitter:data1\" content=\"1 minuta\" \/>\n<script type=\"application\/ld+json\" class=\"yoast-schema-graph\">{\"@context\":\"https:\\\/\\\/schema.org\",\"@graph\":[{\"@type\":\"WebPage\",\"@id\":\"https:\\\/\\\/smarvet.eu\\\/product\\\/crib-2\\\/\",\"url\":\"https:\\\/\\\/smarvet.eu\\\/product\\\/crib-2\\\/\",\"name\":\"Crib - Smarvet\",\"isPartOf\":{\"@id\":\"https:\\\/\\\/smarvet.eu\\\/#website\"},\"primaryImageOfPage\":{\"@id\":\"https:\\\/\\\/smarvet.eu\\\/product\\\/crib-2\\\/#primaryimage\"},\"image\":{\"@id\":\"https:\\\/\\\/smarvet.eu\\\/product\\\/crib-2\\\/#primaryimage\"},\"thumbnailUrl\":\"https:\\\/\\\/smarvet.eu\\\/wp-content\\\/uploads\\\/2025\\\/02\\\/luna-baby-krevet-crib-side.jpg\",\"datePublished\":\"2025-02-17T14:54:13+00:00\",\"dateModified\":\"2025-02-25T18:00:03+00:00\",\"breadcrumb\":{\"@id\":\"https:\\\/\\\/smarvet.eu\\\/product\\\/crib-2\\\/#breadcrumb\"},\"inLanguage\":\"bs-BA\",\"potentialAction\":[{\"@type\":\"ReadAction\",\"target\":[\"https:\\\/\\\/smarvet.eu\\\/product\\\/crib-2\\\/\"]}]},{\"@type\":\"ImageObject\",\"inLanguage\":\"bs-BA\",\"@id\":\"https:\\\/\\\/smarvet.eu\\\/product\\\/crib-2\\\/#primaryimage\",\"url\":\"https:\\\/\\\/smarvet.eu\\\/wp-content\\\/uploads\\\/2025\\\/02\\\/luna-baby-krevet-crib-side.jpg\",\"contentUrl\":\"https:\\\/\\\/smarvet.eu\\\/wp-content\\\/uploads\\\/2025\\\/02\\\/luna-baby-krevet-crib-side.jpg\",\"width\":1200,\"height\":800},{\"@type\":\"BreadcrumbList\",\"@id\":\"https:\\\/\\\/smarvet.eu\\\/product\\\/crib-2\\\/#breadcrumb\",\"itemListElement\":[{\"@type\":\"ListItem\",\"position\":1,\"name\":\"Home\",\"item\":\"https:\\\/\\\/smarvet.eu\\\/\"},{\"@type\":\"ListItem\",\"position\":2,\"name\":\"Products\",\"item\":\"https:\\\/\\\/smarvet.eu\\\/shop\\\/\"},{\"@type\":\"ListItem\",\"position\":3,\"name\":\"Crib\"}]},{\"@type\":\"WebSite\",\"@id\":\"https:\\\/\\\/smarvet.eu\\\/#website\",\"url\":\"https:\\\/\\\/smarvet.eu\\\/\",\"name\":\"Smarvet\",\"description\":\"\",\"potentialAction\":[{\"@type\":\"SearchAction\",\"target\":{\"@type\":\"EntryPoint\",\"urlTemplate\":\"https:\\\/\\\/smarvet.eu\\\/?s={search_term_string}\"},\"query-input\":{\"@type\":\"PropertyValueSpecification\",\"valueRequired\":true,\"valueName\":\"search_term_string\"}}],\"inLanguage\":\"bs-BA\"}]}<\/script>\n<!-- \/ Yoast SEO plugin. -->","yoast_head_json":{"title":"Crib - Smarvet","robots":{"index":"index","follow":"follow","max-snippet":"max-snippet:-1","max-image-preview":"max-image-preview:large","max-video-preview":"max-video-preview:-1"},"canonical":"https:\/\/smarvet.eu\/bs\/proizvod\/crib-2\/","og_locale":"bs_BA","og_type":"article","og_title":"Crib - Smarvet","og_description":"Modern, cozy crib with adjustable heights and convertible design.","og_url":"https:\/\/smarvet.eu\/bs\/proizvod\/crib-2\/","og_site_name":"Smarvet","article_modified_time":"2025-02-25T18:00:03+00:00","og_image":[{"width":1200,"height":800,"url":"https:\/\/smarvet.eu\/wp-content\/uploads\/2025\/02\/luna-baby-krevet-crib-side.jpg","type":"image\/jpeg"}],"twitter_card":"summary_large_image","twitter_misc":{"Est. reading time":"1 minuta"},"schema":{"@context":"https:\/\/schema.org","@graph":[{"@type":"WebPage","@id":"https:\/\/smarvet.eu\/product\/crib-2\/","url":"https:\/\/smarvet.eu\/product\/crib-2\/","name":"Crib - Smarvet","isPartOf":{"@id":"https:\/\/smarvet.eu\/#website"},"primaryImageOfPage":{"@id":"https:\/\/smarvet.eu\/product\/crib-2\/#primaryimage"},"image":{"@id":"https:\/\/smarvet.eu\/product\/crib-2\/#primaryimage"},"thumbnailUrl":"https:\/\/smarvet.eu\/wp-content\/uploads\/2025\/02\/luna-baby-krevet-crib-side.jpg","datePublished":"2025-02-17T14:54:13+00:00","dateModified":"2025-02-25T18:00:03+00:00","breadcrumb":{"@id":"https:\/\/smarvet.eu\/product\/crib-2\/#breadcrumb"},"inLanguage":"bs-BA","potentialAction":[{"@type":"ReadAction","target":["https:\/\/smarvet.eu\/product\/crib-2\/"]}]},{"@type":"ImageObject","inLanguage":"bs-BA","@id":"https:\/\/smarvet.eu\/product\/crib-2\/#primaryimage","url":"https:\/\/smarvet.eu\/wp-content\/uploads\/2025\/02\/luna-baby-krevet-crib-side.jpg","contentUrl":"https:\/\/smarvet.eu\/wp-content\/uploads\/2025\/02\/luna-baby-krevet-crib-side.jpg","width":1200,"height":800},{"@type":"BreadcrumbList","@id":"https:\/\/smarvet.eu\/product\/crib-2\/#breadcrumb","itemListElement":[{"@type":"ListItem","position":1,"name":"Home","item":"https:\/\/smarvet.eu\/"},{"@type":"ListItem","position":2,"name":"Products","item":"https:\/\/smarvet.eu\/shop\/"},{"@type":"ListItem","position":3,"name":"Crib"}]},{"@type":"WebSite","@id":"https:\/\/smarvet.eu\/#website","url":"https:\/\/smarvet.eu\/","name":"Smarvet","description":"","potentialAction":[{"@type":"SearchAction","target":{"@type":"EntryPoint","urlTemplate":"https:\/\/smarvet.eu\/?s={search_term_string}"},"query-input":{"@type":"PropertyValueSpecification","valueRequired":true,"valueName":"search_term_string"}}],"inLanguage":"bs-BA"}]}},"jetpack_sharing_enabled":true,"_links":{"self":[{"href":"https:\/\/smarvet.eu\/bs\/wp-json\/wp\/v2\/product\/770","targetHints":{"allow":["GET"]}}],"collection":[{"href":"https:\/\/smarvet.eu\/bs\/wp-json\/wp\/v2\/product"}],"about":[{"href":"https:\/\/smarvet.eu\/bs\/wp-json\/wp\/v2\/types\/product"}],"wp:featuredmedia":[{"embeddable":true,"href":"https:\/\/smarvet.eu\/bs\/wp-json\/wp\/v2\/media\/895"}],"wp:attachment":[{"href":"https:\/\/smarvet.eu\/bs\/wp-json\/wp\/v2\/media?parent=770"}],"wp:term":[{"taxonomy":"product_brand","embeddable":true,"href":"https:\/\/smarvet.eu\/bs\/wp-json\/wp\/v2\/product_brand?post=770"},{"taxonomy":"product_cat","embeddable":true,"href":"https:\/\/smarvet.eu\/bs\/wp-json\/wp\/v2\/product_cat?post=770"},{"taxonomy":"product_tag","embeddable":true,"href":"https:\/\/smarvet.eu\/bs\/wp-json\/wp\/v2\/product_tag?post=770"}],"curies":[{"name":"wp","href":"https:\/\/api.w.org\/{rel}","templated":true}]}}