{"id":700,"date":"2025-02-17T00:58:05","date_gmt":"2025-02-17T00:58:05","guid":{"rendered":"https:\/\/smarvet.eu\/?post_type=product&#038;p=700"},"modified":"2025-02-26T00:18:53","modified_gmt":"2025-02-26T00:18:53","slug":"promo-bed","status":"publish","type":"product","link":"https:\/\/smarvet.eu\/bs\/proizvod\/promo-bed\/","title":{"rendered":"Krevet Promo"},"content":{"rendered":"<p class=\"translation-block\">Krevet Promo iz kolekcije Wood Arts pravo je remek-djelo zanatstva, izra\u0111en od vrhunskog jasenovog drveta koje nagla\u0161ava njegovu prirodnu ljepotu i izdr\u017eljivost.<\/p>\n<p>Prepoznatljiva karakteristika je jedinstveno oblikovano uzglavlje koje se blago zakrivljuje, pru\u017eaju\u0107i vizualnu harmoniju i ergonomski podr\u0161ku. Bogata tekstura drveta pobolj\u0161ava njegovu toplu, organsku privla\u010dnost, dok elegantni okvir i su\u017eene noge dodaju da\u0161ak bezvremenske elegancije. Dizajniran za one koji cijene profinjenu estetiku i vrhunske materijale, Promo je upe\u010datljiv komad koji unosi sofisticiranost i udobnost u svaku spava\u0107u sobu.<\/p>","protected":false},"excerpt":{"rendered":"<p>Elegantni krevet od jasenovog drveta s jedinstvenim dizajnom zakrivljenog naslona.<\/p>","protected":false},"featured_media":688,"template":"","meta":[],"product_brand":[20],"product_cat":[32,37,40,70],"product_tag":[],"class_list":{"0":"post-700","1":"product","2":"type-product","3":"status-publish","4":"has-post-thumbnail","6":"product_brand-smarvet","7":"product_cat-designer-collections","8":"product_cat-wood-arts-collection","9":"product_cat-bedroom-furniture","10":"product_cat-beds","12":"first","13":"instock","14":"sold-individually","15":"shipping-taxable","16":"product-type-variable","17":"has-default-attributes"},"yoast_head":"<!-- This site is optimized with the Yoast SEO plugin v27.3 - https:\/\/yoast.com\/product\/yoast-seo-wordpress\/ -->\n<title>Promo Bed - Smarvet<\/title>\n<meta name=\"robots\" content=\"index, follow, max-snippet:-1, max-image-preview:large, max-video-preview:-1\" \/>\n<link rel=\"canonical\" href=\"https:\/\/smarvet.eu\/bs\/proizvod\/promo-bed\/\" \/>\n<meta property=\"og:locale\" content=\"bs_BA\" \/>\n<meta property=\"og:type\" content=\"article\" \/>\n<meta property=\"og:title\" content=\"Promo Bed - Smarvet\" \/>\n<meta property=\"og:description\" content=\"Elegant ash wood bed with unique curved backrest design.\" \/>\n<meta property=\"og:url\" content=\"https:\/\/smarvet.eu\/bs\/proizvod\/promo-bed\/\" \/>\n<meta property=\"og:site_name\" content=\"Smarvet\" \/>\n<meta property=\"article:modified_time\" content=\"2025-02-26T00:18:53+00:00\" \/>\n<meta property=\"og:image\" content=\"https:\/\/smarvet.eu\/wp-content\/uploads\/2025\/02\/wood-arts-promo-walnut-side-full.jpeg\" \/>\n\t<meta property=\"og:image:width\" content=\"2000\" \/>\n\t<meta property=\"og:image:height\" content=\"2000\" \/>\n\t<meta property=\"og:image:type\" content=\"image\/jpeg\" \/>\n<meta name=\"twitter:card\" content=\"summary_large_image\" \/>\n<meta name=\"twitter:label1\" content=\"Est. reading time\" \/>\n\t<meta name=\"twitter:data1\" content=\"1 minuta\" \/>\n<script type=\"application\/ld+json\" class=\"yoast-schema-graph\">{\"@context\":\"https:\\\/\\\/schema.org\",\"@graph\":[{\"@type\":\"WebPage\",\"@id\":\"https:\\\/\\\/smarvet.eu\\\/product\\\/promo-bed\\\/\",\"url\":\"https:\\\/\\\/smarvet.eu\\\/product\\\/promo-bed\\\/\",\"name\":\"Promo Bed - Smarvet\",\"isPartOf\":{\"@id\":\"https:\\\/\\\/smarvet.eu\\\/#website\"},\"primaryImageOfPage\":{\"@id\":\"https:\\\/\\\/smarvet.eu\\\/product\\\/promo-bed\\\/#primaryimage\"},\"image\":{\"@id\":\"https:\\\/\\\/smarvet.eu\\\/product\\\/promo-bed\\\/#primaryimage\"},\"thumbnailUrl\":\"https:\\\/\\\/smarvet.eu\\\/wp-content\\\/uploads\\\/2025\\\/02\\\/wood-arts-promo-walnut-side-full.jpeg\",\"datePublished\":\"2025-02-17T00:58:05+00:00\",\"dateModified\":\"2025-02-26T00:18:53+00:00\",\"breadcrumb\":{\"@id\":\"https:\\\/\\\/smarvet.eu\\\/product\\\/promo-bed\\\/#breadcrumb\"},\"inLanguage\":\"bs-BA\",\"potentialAction\":[{\"@type\":\"ReadAction\",\"target\":[\"https:\\\/\\\/smarvet.eu\\\/product\\\/promo-bed\\\/\"]}]},{\"@type\":\"ImageObject\",\"inLanguage\":\"bs-BA\",\"@id\":\"https:\\\/\\\/smarvet.eu\\\/product\\\/promo-bed\\\/#primaryimage\",\"url\":\"https:\\\/\\\/smarvet.eu\\\/wp-content\\\/uploads\\\/2025\\\/02\\\/wood-arts-promo-walnut-side-full.jpeg\",\"contentUrl\":\"https:\\\/\\\/smarvet.eu\\\/wp-content\\\/uploads\\\/2025\\\/02\\\/wood-arts-promo-walnut-side-full.jpeg\",\"width\":2000,\"height\":2000},{\"@type\":\"BreadcrumbList\",\"@id\":\"https:\\\/\\\/smarvet.eu\\\/product\\\/promo-bed\\\/#breadcrumb\",\"itemListElement\":[{\"@type\":\"ListItem\",\"position\":1,\"name\":\"Home\",\"item\":\"https:\\\/\\\/smarvet.eu\\\/\"},{\"@type\":\"ListItem\",\"position\":2,\"name\":\"Products\",\"item\":\"https:\\\/\\\/smarvet.eu\\\/shop\\\/\"},{\"@type\":\"ListItem\",\"position\":3,\"name\":\"Promo Bed\"}]},{\"@type\":\"WebSite\",\"@id\":\"https:\\\/\\\/smarvet.eu\\\/#website\",\"url\":\"https:\\\/\\\/smarvet.eu\\\/\",\"name\":\"Smarvet\",\"description\":\"\",\"potentialAction\":[{\"@type\":\"SearchAction\",\"target\":{\"@type\":\"EntryPoint\",\"urlTemplate\":\"https:\\\/\\\/smarvet.eu\\\/?s={search_term_string}\"},\"query-input\":{\"@type\":\"PropertyValueSpecification\",\"valueRequired\":true,\"valueName\":\"search_term_string\"}}],\"inLanguage\":\"bs-BA\"}]}<\/script>\n<!-- \/ Yoast SEO plugin. -->","yoast_head_json":{"title":"Promo Bed - Smarvet","robots":{"index":"index","follow":"follow","max-snippet":"max-snippet:-1","max-image-preview":"max-image-preview:large","max-video-preview":"max-video-preview:-1"},"canonical":"https:\/\/smarvet.eu\/bs\/proizvod\/promo-bed\/","og_locale":"bs_BA","og_type":"article","og_title":"Promo Bed - Smarvet","og_description":"Elegant ash wood bed with unique curved backrest design.","og_url":"https:\/\/smarvet.eu\/bs\/proizvod\/promo-bed\/","og_site_name":"Smarvet","article_modified_time":"2025-02-26T00:18:53+00:00","og_image":[{"width":2000,"height":2000,"url":"https:\/\/smarvet.eu\/wp-content\/uploads\/2025\/02\/wood-arts-promo-walnut-side-full.jpeg","type":"image\/jpeg"}],"twitter_card":"summary_large_image","twitter_misc":{"Est. reading time":"1 minuta"},"schema":{"@context":"https:\/\/schema.org","@graph":[{"@type":"WebPage","@id":"https:\/\/smarvet.eu\/product\/promo-bed\/","url":"https:\/\/smarvet.eu\/product\/promo-bed\/","name":"Promo Bed - Smarvet","isPartOf":{"@id":"https:\/\/smarvet.eu\/#website"},"primaryImageOfPage":{"@id":"https:\/\/smarvet.eu\/product\/promo-bed\/#primaryimage"},"image":{"@id":"https:\/\/smarvet.eu\/product\/promo-bed\/#primaryimage"},"thumbnailUrl":"https:\/\/smarvet.eu\/wp-content\/uploads\/2025\/02\/wood-arts-promo-walnut-side-full.jpeg","datePublished":"2025-02-17T00:58:05+00:00","dateModified":"2025-02-26T00:18:53+00:00","breadcrumb":{"@id":"https:\/\/smarvet.eu\/product\/promo-bed\/#breadcrumb"},"inLanguage":"bs-BA","potentialAction":[{"@type":"ReadAction","target":["https:\/\/smarvet.eu\/product\/promo-bed\/"]}]},{"@type":"ImageObject","inLanguage":"bs-BA","@id":"https:\/\/smarvet.eu\/product\/promo-bed\/#primaryimage","url":"https:\/\/smarvet.eu\/wp-content\/uploads\/2025\/02\/wood-arts-promo-walnut-side-full.jpeg","contentUrl":"https:\/\/smarvet.eu\/wp-content\/uploads\/2025\/02\/wood-arts-promo-walnut-side-full.jpeg","width":2000,"height":2000},{"@type":"BreadcrumbList","@id":"https:\/\/smarvet.eu\/product\/promo-bed\/#breadcrumb","itemListElement":[{"@type":"ListItem","position":1,"name":"Home","item":"https:\/\/smarvet.eu\/"},{"@type":"ListItem","position":2,"name":"Products","item":"https:\/\/smarvet.eu\/shop\/"},{"@type":"ListItem","position":3,"name":"Promo Bed"}]},{"@type":"WebSite","@id":"https:\/\/smarvet.eu\/#website","url":"https:\/\/smarvet.eu\/","name":"Smarvet","description":"","potentialAction":[{"@type":"SearchAction","target":{"@type":"EntryPoint","urlTemplate":"https:\/\/smarvet.eu\/?s={search_term_string}"},"query-input":{"@type":"PropertyValueSpecification","valueRequired":true,"valueName":"search_term_string"}}],"inLanguage":"bs-BA"}]}},"jetpack_sharing_enabled":true,"_links":{"self":[{"href":"https:\/\/smarvet.eu\/bs\/wp-json\/wp\/v2\/product\/700","targetHints":{"allow":["GET"]}}],"collection":[{"href":"https:\/\/smarvet.eu\/bs\/wp-json\/wp\/v2\/product"}],"about":[{"href":"https:\/\/smarvet.eu\/bs\/wp-json\/wp\/v2\/types\/product"}],"wp:featuredmedia":[{"embeddable":true,"href":"https:\/\/smarvet.eu\/bs\/wp-json\/wp\/v2\/media\/688"}],"wp:attachment":[{"href":"https:\/\/smarvet.eu\/bs\/wp-json\/wp\/v2\/media?parent=700"}],"wp:term":[{"taxonomy":"product_brand","embeddable":true,"href":"https:\/\/smarvet.eu\/bs\/wp-json\/wp\/v2\/product_brand?post=700"},{"taxonomy":"product_cat","embeddable":true,"href":"https:\/\/smarvet.eu\/bs\/wp-json\/wp\/v2\/product_cat?post=700"},{"taxonomy":"product_tag","embeddable":true,"href":"https:\/\/smarvet.eu\/bs\/wp-json\/wp\/v2\/product_tag?post=700"}],"curies":[{"name":"wp","href":"https:\/\/api.w.org\/{rel}","templated":true}]}}