{"id":681,"date":"2025-02-17T00:36:39","date_gmt":"2025-02-17T00:36:39","guid":{"rendered":"https:\/\/smarvet.eu\/?post_type=product&#038;p=681"},"modified":"2025-02-26T00:16:08","modified_gmt":"2025-02-26T00:16:08","slug":"causual-night-stand","status":"publish","type":"product","link":"https:\/\/smarvet.eu\/bs\/proizvod\/causual-night-stand\/","title":{"rendered":"No\u0107nik Casual"},"content":{"rendered":"<p>The <strong>Casual<\/strong><strong data-start=\"4\" data-end=\"23\">\u00a0No\u0107nik<\/strong> is a beautifully crafted piece made from premium ash wood, featuring an open design with sleek, minimalist lines.<\/p>\n<p>Elegantno zako\u0161ene noge i otvorene police nude i stil i funkcionalnost, pru\u017eaju\u0107i prostor za izlaganje ili odlaganje osnovnih stvari na pristupa\u010dan na\u010din. Prirodna tekstura jasenovog drveta poja\u010dava njegovu bezvremensku privla\u010dnost, \u010dine\u0107i ga svestranim dodatkom svakoj modernoj spava\u0107oj sobi. Otvoreni dizajn unosi prozra\u010dan, savremeni dojam u prostor, savr\u0161eno se uklapaju\u0107i u razli\u010dite stilove interijera.<\/p>","protected":false},"excerpt":{"rendered":"<p>Elegantni no\u0107ni ormari\u0107 od jasenovog drveta sa uko\u0161enim nogama, otvorenog dizajna.<\/p>","protected":false},"featured_media":849,"template":"","meta":[],"product_brand":[20],"product_cat":[32,37,40,71],"product_tag":[],"class_list":{"0":"post-681","1":"product","2":"type-product","3":"status-publish","4":"has-post-thumbnail","6":"product_brand-smarvet","7":"product_cat-designer-collections","8":"product_cat-wood-arts-collection","9":"product_cat-bedroom-furniture","10":"product_cat-night-stand","12":"first","13":"instock","14":"sold-individually","15":"shipping-taxable","16":"product-type-variable"},"yoast_head":"<!-- This site is optimized with the Yoast SEO plugin v27.3 - https:\/\/yoast.com\/product\/yoast-seo-wordpress\/ -->\n<title>Casual Night Stand - Smarvet<\/title>\n<meta name=\"robots\" content=\"index, follow, max-snippet:-1, max-image-preview:large, max-video-preview:-1\" \/>\n<link rel=\"canonical\" href=\"https:\/\/smarvet.eu\/bs\/proizvod\/causual-night-stand\/\" \/>\n<meta property=\"og:locale\" content=\"bs_BA\" \/>\n<meta property=\"og:type\" content=\"article\" \/>\n<meta property=\"og:title\" content=\"Casual Night Stand - Smarvet\" \/>\n<meta property=\"og:description\" content=\"Sleek ash wood night stand with angled legs, open design.\" \/>\n<meta property=\"og:url\" content=\"https:\/\/smarvet.eu\/bs\/proizvod\/causual-night-stand\/\" \/>\n<meta property=\"og:site_name\" content=\"Smarvet\" \/>\n<meta property=\"article:modified_time\" content=\"2025-02-26T00:16:08+00:00\" \/>\n<meta property=\"og:image\" content=\"https:\/\/smarvet.eu\/wp-content\/uploads\/2025\/02\/casual-night-stand-side.jpg\" \/>\n\t<meta property=\"og:image:width\" content=\"2000\" \/>\n\t<meta property=\"og:image:height\" content=\"2000\" \/>\n\t<meta property=\"og:image:type\" content=\"image\/jpeg\" \/>\n<meta name=\"twitter:card\" content=\"summary_large_image\" \/>\n<meta name=\"twitter:label1\" content=\"Est. reading time\" \/>\n\t<meta name=\"twitter:data1\" content=\"1 minuta\" \/>\n<script type=\"application\/ld+json\" class=\"yoast-schema-graph\">{\"@context\":\"https:\\\/\\\/schema.org\",\"@graph\":[{\"@type\":\"WebPage\",\"@id\":\"https:\\\/\\\/smarvet.eu\\\/product\\\/causual-night-stand\\\/\",\"url\":\"https:\\\/\\\/smarvet.eu\\\/product\\\/causual-night-stand\\\/\",\"name\":\"Casual Night Stand - Smarvet\",\"isPartOf\":{\"@id\":\"https:\\\/\\\/smarvet.eu\\\/#website\"},\"primaryImageOfPage\":{\"@id\":\"https:\\\/\\\/smarvet.eu\\\/product\\\/causual-night-stand\\\/#primaryimage\"},\"image\":{\"@id\":\"https:\\\/\\\/smarvet.eu\\\/product\\\/causual-night-stand\\\/#primaryimage\"},\"thumbnailUrl\":\"https:\\\/\\\/smarvet.eu\\\/wp-content\\\/uploads\\\/2025\\\/02\\\/casual-night-stand-side.jpg\",\"datePublished\":\"2025-02-17T00:36:39+00:00\",\"dateModified\":\"2025-02-26T00:16:08+00:00\",\"breadcrumb\":{\"@id\":\"https:\\\/\\\/smarvet.eu\\\/product\\\/causual-night-stand\\\/#breadcrumb\"},\"inLanguage\":\"bs-BA\",\"potentialAction\":[{\"@type\":\"ReadAction\",\"target\":[\"https:\\\/\\\/smarvet.eu\\\/product\\\/causual-night-stand\\\/\"]}]},{\"@type\":\"ImageObject\",\"inLanguage\":\"bs-BA\",\"@id\":\"https:\\\/\\\/smarvet.eu\\\/product\\\/causual-night-stand\\\/#primaryimage\",\"url\":\"https:\\\/\\\/smarvet.eu\\\/wp-content\\\/uploads\\\/2025\\\/02\\\/casual-night-stand-side.jpg\",\"contentUrl\":\"https:\\\/\\\/smarvet.eu\\\/wp-content\\\/uploads\\\/2025\\\/02\\\/casual-night-stand-side.jpg\",\"width\":2000,\"height\":2000},{\"@type\":\"BreadcrumbList\",\"@id\":\"https:\\\/\\\/smarvet.eu\\\/product\\\/causual-night-stand\\\/#breadcrumb\",\"itemListElement\":[{\"@type\":\"ListItem\",\"position\":1,\"name\":\"Home\",\"item\":\"https:\\\/\\\/smarvet.eu\\\/\"},{\"@type\":\"ListItem\",\"position\":2,\"name\":\"Products\",\"item\":\"https:\\\/\\\/smarvet.eu\\\/shop\\\/\"},{\"@type\":\"ListItem\",\"position\":3,\"name\":\"Casual Night Stand\"}]},{\"@type\":\"WebSite\",\"@id\":\"https:\\\/\\\/smarvet.eu\\\/#website\",\"url\":\"https:\\\/\\\/smarvet.eu\\\/\",\"name\":\"Smarvet\",\"description\":\"\",\"potentialAction\":[{\"@type\":\"SearchAction\",\"target\":{\"@type\":\"EntryPoint\",\"urlTemplate\":\"https:\\\/\\\/smarvet.eu\\\/?s={search_term_string}\"},\"query-input\":{\"@type\":\"PropertyValueSpecification\",\"valueRequired\":true,\"valueName\":\"search_term_string\"}}],\"inLanguage\":\"bs-BA\"}]}<\/script>\n<!-- \/ Yoast SEO plugin. -->","yoast_head_json":{"title":"Casual Night Stand - Smarvet","robots":{"index":"index","follow":"follow","max-snippet":"max-snippet:-1","max-image-preview":"max-image-preview:large","max-video-preview":"max-video-preview:-1"},"canonical":"https:\/\/smarvet.eu\/bs\/proizvod\/causual-night-stand\/","og_locale":"bs_BA","og_type":"article","og_title":"Casual Night Stand - Smarvet","og_description":"Sleek ash wood night stand with angled legs, open design.","og_url":"https:\/\/smarvet.eu\/bs\/proizvod\/causual-night-stand\/","og_site_name":"Smarvet","article_modified_time":"2025-02-26T00:16:08+00:00","og_image":[{"width":2000,"height":2000,"url":"https:\/\/smarvet.eu\/wp-content\/uploads\/2025\/02\/casual-night-stand-side.jpg","type":"image\/jpeg"}],"twitter_card":"summary_large_image","twitter_misc":{"Est. reading time":"1 minuta"},"schema":{"@context":"https:\/\/schema.org","@graph":[{"@type":"WebPage","@id":"https:\/\/smarvet.eu\/product\/causual-night-stand\/","url":"https:\/\/smarvet.eu\/product\/causual-night-stand\/","name":"Casual Night Stand - Smarvet","isPartOf":{"@id":"https:\/\/smarvet.eu\/#website"},"primaryImageOfPage":{"@id":"https:\/\/smarvet.eu\/product\/causual-night-stand\/#primaryimage"},"image":{"@id":"https:\/\/smarvet.eu\/product\/causual-night-stand\/#primaryimage"},"thumbnailUrl":"https:\/\/smarvet.eu\/wp-content\/uploads\/2025\/02\/casual-night-stand-side.jpg","datePublished":"2025-02-17T00:36:39+00:00","dateModified":"2025-02-26T00:16:08+00:00","breadcrumb":{"@id":"https:\/\/smarvet.eu\/product\/causual-night-stand\/#breadcrumb"},"inLanguage":"bs-BA","potentialAction":[{"@type":"ReadAction","target":["https:\/\/smarvet.eu\/product\/causual-night-stand\/"]}]},{"@type":"ImageObject","inLanguage":"bs-BA","@id":"https:\/\/smarvet.eu\/product\/causual-night-stand\/#primaryimage","url":"https:\/\/smarvet.eu\/wp-content\/uploads\/2025\/02\/casual-night-stand-side.jpg","contentUrl":"https:\/\/smarvet.eu\/wp-content\/uploads\/2025\/02\/casual-night-stand-side.jpg","width":2000,"height":2000},{"@type":"BreadcrumbList","@id":"https:\/\/smarvet.eu\/product\/causual-night-stand\/#breadcrumb","itemListElement":[{"@type":"ListItem","position":1,"name":"Home","item":"https:\/\/smarvet.eu\/"},{"@type":"ListItem","position":2,"name":"Products","item":"https:\/\/smarvet.eu\/shop\/"},{"@type":"ListItem","position":3,"name":"Casual Night Stand"}]},{"@type":"WebSite","@id":"https:\/\/smarvet.eu\/#website","url":"https:\/\/smarvet.eu\/","name":"Smarvet","description":"","potentialAction":[{"@type":"SearchAction","target":{"@type":"EntryPoint","urlTemplate":"https:\/\/smarvet.eu\/?s={search_term_string}"},"query-input":{"@type":"PropertyValueSpecification","valueRequired":true,"valueName":"search_term_string"}}],"inLanguage":"bs-BA"}]}},"jetpack_sharing_enabled":true,"_links":{"self":[{"href":"https:\/\/smarvet.eu\/bs\/wp-json\/wp\/v2\/product\/681","targetHints":{"allow":["GET"]}}],"collection":[{"href":"https:\/\/smarvet.eu\/bs\/wp-json\/wp\/v2\/product"}],"about":[{"href":"https:\/\/smarvet.eu\/bs\/wp-json\/wp\/v2\/types\/product"}],"wp:featuredmedia":[{"embeddable":true,"href":"https:\/\/smarvet.eu\/bs\/wp-json\/wp\/v2\/media\/849"}],"wp:attachment":[{"href":"https:\/\/smarvet.eu\/bs\/wp-json\/wp\/v2\/media?parent=681"}],"wp:term":[{"taxonomy":"product_brand","embeddable":true,"href":"https:\/\/smarvet.eu\/bs\/wp-json\/wp\/v2\/product_brand?post=681"},{"taxonomy":"product_cat","embeddable":true,"href":"https:\/\/smarvet.eu\/bs\/wp-json\/wp\/v2\/product_cat?post=681"},{"taxonomy":"product_tag","embeddable":true,"href":"https:\/\/smarvet.eu\/bs\/wp-json\/wp\/v2\/product_tag?post=681"}],"curies":[{"name":"wp","href":"https:\/\/api.w.org\/{rel}","templated":true}]}}