{"id":665,"date":"2025-02-17T00:20:02","date_gmt":"2025-02-17T00:20:02","guid":{"rendered":"https:\/\/smarvet.eu\/?post_type=product&#038;p=665"},"modified":"2025-02-25T18:02:14","modified_gmt":"2025-02-25T18:02:14","slug":"chair","status":"publish","type":"product","link":"https:\/\/smarvet.eu\/bs\/proizvod\/chair\/","title":{"rendered":"Stolica"},"content":{"rendered":"<p class=\"translation-block\">Do\u017eivite vrhunski komfor i eleganciju uz Inat trpezarijsku stolicu\u2014savr\u0161eni spoj luksuza, udobnosti i bezvremenskog dizajna.<\/p>\n<p class=\"translation-block\">Vrhunski izra\u0111ena od masivnog jasenovog drveta i presvu\u010dena za dodatnu udobnost, ova stolica se besprijekorno uklapa u sofisticirane interijere, nude\u0107i savr\u0161en spoj elegancije i funkcionalnosti. Njena graciozno zakrivljena silueta, u kombinaciji s besprijekornom izradom, osigurava optimalnu udobnost i profinjenu potporu, \u010dine\u0107i je savr\u0161enim dodatkom svakoj trpezariji gdje se ljepota susre\u0107e s prakti\u010dno\u0161\u0107u.<\/p>\n<p><em><strong>Dizajnirao Edin Li\u010dina<\/strong><\/em><br \/>\n<img fetchpriority=\"high\" decoding=\"async\" class=\"alignleft wp-image-1162 size-large\" src=\"https:\/\/smarvet.eu\/wp-content\/uploads\/2025\/02\/designer_edin-scaled-e1740061608439-1520x710.jpg\" alt=\"\" width=\"1520\" height=\"710\" srcset=\"https:\/\/smarvet.eu\/wp-content\/uploads\/2025\/02\/designer_edin-scaled-e1740061608439-1520x710.jpg 1520w, https:\/\/smarvet.eu\/wp-content\/uploads\/2025\/02\/designer_edin-scaled-e1740061608439-460x215.jpg 460w, https:\/\/smarvet.eu\/wp-content\/uploads\/2025\/02\/designer_edin-scaled-e1740061608439-760x355.jpg 760w, https:\/\/smarvet.eu\/wp-content\/uploads\/2025\/02\/designer_edin-scaled-e1740061608439-18x8.jpg 18w, https:\/\/smarvet.eu\/wp-content\/uploads\/2025\/02\/designer_edin-scaled-e1740061608439-920x430.jpg 920w, https:\/\/smarvet.eu\/wp-content\/uploads\/2025\/02\/designer_edin-scaled-e1740061608439-310x145.jpg 310w, https:\/\/smarvet.eu\/wp-content\/uploads\/2025\/02\/designer_edin-scaled-e1740061608439-621x290.jpg 621w\" sizes=\"(max-width: 1520px) 100vw, 1520px\" \/><\/p>\n<p>&nbsp;<\/p>","protected":false},"excerpt":{"rendered":"<p>Elevate your dining experience with the Inat Dining Chair\u2014a bold statement piece that exudes luxury, comfort, and timeless&hellip;<\/p>","protected":false},"featured_media":864,"template":"","meta":[],"product_brand":[20],"product_cat":[38,32,68],"product_tag":[],"class_list":{"0":"post-665","1":"product","2":"type-product","3":"status-publish","4":"has-post-thumbnail","6":"product_brand-smarvet","7":"product_cat-inat-collection","8":"product_cat-designer-collections","9":"product_cat-inat-dining-room","11":"first","12":"instock","13":"featured","14":"sold-individually","15":"shipping-taxable","16":"product-type-variable","17":"has-default-attributes"},"yoast_head":"<!-- This site is optimized with the Yoast SEO plugin v27.3 - https:\/\/yoast.com\/product\/yoast-seo-wordpress\/ -->\n<title>Chair - Smarvet<\/title>\n<meta name=\"robots\" content=\"index, follow, max-snippet:-1, max-image-preview:large, max-video-preview:-1\" \/>\n<link rel=\"canonical\" href=\"https:\/\/smarvet.eu\/bs\/proizvod\/chair\/\" \/>\n<meta property=\"og:locale\" content=\"bs_BA\" \/>\n<meta property=\"og:type\" content=\"article\" \/>\n<meta property=\"og:title\" content=\"Chair - Smarvet\" \/>\n<meta property=\"og:description\" content=\"Elevate your dining experience with the Inat Dining Chair\u2014a bold statement piece that exudes luxury, comfort, and timeless&hellip;\" \/>\n<meta property=\"og:url\" content=\"https:\/\/smarvet.eu\/bs\/proizvod\/chair\/\" \/>\n<meta property=\"og:site_name\" content=\"Smarvet\" \/>\n<meta property=\"article:modified_time\" content=\"2025-02-25T18:02:14+00:00\" \/>\n<meta property=\"og:image\" content=\"https:\/\/smarvet.eu\/wp-content\/uploads\/2025\/02\/inat-chair-full.jpg\" \/>\n\t<meta property=\"og:image:width\" content=\"1600\" \/>\n\t<meta property=\"og:image:height\" content=\"1067\" \/>\n\t<meta property=\"og:image:type\" content=\"image\/jpeg\" \/>\n<meta name=\"twitter:card\" content=\"summary_large_image\" \/>\n<meta name=\"twitter:label1\" content=\"Est. reading time\" \/>\n\t<meta name=\"twitter:data1\" content=\"1 minuta\" \/>\n<script type=\"application\/ld+json\" class=\"yoast-schema-graph\">{\"@context\":\"https:\\\/\\\/schema.org\",\"@graph\":[{\"@type\":\"WebPage\",\"@id\":\"https:\\\/\\\/smarvet.eu\\\/product\\\/chair\\\/\",\"url\":\"https:\\\/\\\/smarvet.eu\\\/product\\\/chair\\\/\",\"name\":\"Chair - Smarvet\",\"isPartOf\":{\"@id\":\"https:\\\/\\\/smarvet.eu\\\/#website\"},\"primaryImageOfPage\":{\"@id\":\"https:\\\/\\\/smarvet.eu\\\/product\\\/chair\\\/#primaryimage\"},\"image\":{\"@id\":\"https:\\\/\\\/smarvet.eu\\\/product\\\/chair\\\/#primaryimage\"},\"thumbnailUrl\":\"https:\\\/\\\/smarvet.eu\\\/wp-content\\\/uploads\\\/2025\\\/02\\\/inat-chair-full.jpg\",\"datePublished\":\"2025-02-17T00:20:02+00:00\",\"dateModified\":\"2025-02-25T18:02:14+00:00\",\"breadcrumb\":{\"@id\":\"https:\\\/\\\/smarvet.eu\\\/product\\\/chair\\\/#breadcrumb\"},\"inLanguage\":\"bs-BA\",\"potentialAction\":[{\"@type\":\"ReadAction\",\"target\":[\"https:\\\/\\\/smarvet.eu\\\/product\\\/chair\\\/\"]}]},{\"@type\":\"ImageObject\",\"inLanguage\":\"bs-BA\",\"@id\":\"https:\\\/\\\/smarvet.eu\\\/product\\\/chair\\\/#primaryimage\",\"url\":\"https:\\\/\\\/smarvet.eu\\\/wp-content\\\/uploads\\\/2025\\\/02\\\/inat-chair-full.jpg\",\"contentUrl\":\"https:\\\/\\\/smarvet.eu\\\/wp-content\\\/uploads\\\/2025\\\/02\\\/inat-chair-full.jpg\",\"width\":1600,\"height\":1067},{\"@type\":\"BreadcrumbList\",\"@id\":\"https:\\\/\\\/smarvet.eu\\\/product\\\/chair\\\/#breadcrumb\",\"itemListElement\":[{\"@type\":\"ListItem\",\"position\":1,\"name\":\"Home\",\"item\":\"https:\\\/\\\/smarvet.eu\\\/\"},{\"@type\":\"ListItem\",\"position\":2,\"name\":\"Products\",\"item\":\"https:\\\/\\\/smarvet.eu\\\/shop\\\/\"},{\"@type\":\"ListItem\",\"position\":3,\"name\":\"Chair\"}]},{\"@type\":\"WebSite\",\"@id\":\"https:\\\/\\\/smarvet.eu\\\/#website\",\"url\":\"https:\\\/\\\/smarvet.eu\\\/\",\"name\":\"Smarvet\",\"description\":\"\",\"potentialAction\":[{\"@type\":\"SearchAction\",\"target\":{\"@type\":\"EntryPoint\",\"urlTemplate\":\"https:\\\/\\\/smarvet.eu\\\/?s={search_term_string}\"},\"query-input\":{\"@type\":\"PropertyValueSpecification\",\"valueRequired\":true,\"valueName\":\"search_term_string\"}}],\"inLanguage\":\"bs-BA\"}]}<\/script>\n<!-- \/ Yoast SEO plugin. -->","yoast_head_json":{"title":"Chair - Smarvet","robots":{"index":"index","follow":"follow","max-snippet":"max-snippet:-1","max-image-preview":"max-image-preview:large","max-video-preview":"max-video-preview:-1"},"canonical":"https:\/\/smarvet.eu\/bs\/proizvod\/chair\/","og_locale":"bs_BA","og_type":"article","og_title":"Chair - Smarvet","og_description":"Elevate your dining experience with the Inat Dining Chair\u2014a bold statement piece that exudes luxury, comfort, and timeless&hellip;","og_url":"https:\/\/smarvet.eu\/bs\/proizvod\/chair\/","og_site_name":"Smarvet","article_modified_time":"2025-02-25T18:02:14+00:00","og_image":[{"width":1600,"height":1067,"url":"https:\/\/smarvet.eu\/wp-content\/uploads\/2025\/02\/inat-chair-full.jpg","type":"image\/jpeg"}],"twitter_card":"summary_large_image","twitter_misc":{"Est. reading time":"1 minuta"},"schema":{"@context":"https:\/\/schema.org","@graph":[{"@type":"WebPage","@id":"https:\/\/smarvet.eu\/product\/chair\/","url":"https:\/\/smarvet.eu\/product\/chair\/","name":"Chair - Smarvet","isPartOf":{"@id":"https:\/\/smarvet.eu\/#website"},"primaryImageOfPage":{"@id":"https:\/\/smarvet.eu\/product\/chair\/#primaryimage"},"image":{"@id":"https:\/\/smarvet.eu\/product\/chair\/#primaryimage"},"thumbnailUrl":"https:\/\/smarvet.eu\/wp-content\/uploads\/2025\/02\/inat-chair-full.jpg","datePublished":"2025-02-17T00:20:02+00:00","dateModified":"2025-02-25T18:02:14+00:00","breadcrumb":{"@id":"https:\/\/smarvet.eu\/product\/chair\/#breadcrumb"},"inLanguage":"bs-BA","potentialAction":[{"@type":"ReadAction","target":["https:\/\/smarvet.eu\/product\/chair\/"]}]},{"@type":"ImageObject","inLanguage":"bs-BA","@id":"https:\/\/smarvet.eu\/product\/chair\/#primaryimage","url":"https:\/\/smarvet.eu\/wp-content\/uploads\/2025\/02\/inat-chair-full.jpg","contentUrl":"https:\/\/smarvet.eu\/wp-content\/uploads\/2025\/02\/inat-chair-full.jpg","width":1600,"height":1067},{"@type":"BreadcrumbList","@id":"https:\/\/smarvet.eu\/product\/chair\/#breadcrumb","itemListElement":[{"@type":"ListItem","position":1,"name":"Home","item":"https:\/\/smarvet.eu\/"},{"@type":"ListItem","position":2,"name":"Products","item":"https:\/\/smarvet.eu\/shop\/"},{"@type":"ListItem","position":3,"name":"Chair"}]},{"@type":"WebSite","@id":"https:\/\/smarvet.eu\/#website","url":"https:\/\/smarvet.eu\/","name":"Smarvet","description":"","potentialAction":[{"@type":"SearchAction","target":{"@type":"EntryPoint","urlTemplate":"https:\/\/smarvet.eu\/?s={search_term_string}"},"query-input":{"@type":"PropertyValueSpecification","valueRequired":true,"valueName":"search_term_string"}}],"inLanguage":"bs-BA"}]}},"jetpack_sharing_enabled":true,"_links":{"self":[{"href":"https:\/\/smarvet.eu\/bs\/wp-json\/wp\/v2\/product\/665","targetHints":{"allow":["GET"]}}],"collection":[{"href":"https:\/\/smarvet.eu\/bs\/wp-json\/wp\/v2\/product"}],"about":[{"href":"https:\/\/smarvet.eu\/bs\/wp-json\/wp\/v2\/types\/product"}],"wp:featuredmedia":[{"embeddable":true,"href":"https:\/\/smarvet.eu\/bs\/wp-json\/wp\/v2\/media\/864"}],"wp:attachment":[{"href":"https:\/\/smarvet.eu\/bs\/wp-json\/wp\/v2\/media?parent=665"}],"wp:term":[{"taxonomy":"product_brand","embeddable":true,"href":"https:\/\/smarvet.eu\/bs\/wp-json\/wp\/v2\/product_brand?post=665"},{"taxonomy":"product_cat","embeddable":true,"href":"https:\/\/smarvet.eu\/bs\/wp-json\/wp\/v2\/product_cat?post=665"},{"taxonomy":"product_tag","embeddable":true,"href":"https:\/\/smarvet.eu\/bs\/wp-json\/wp\/v2\/product_tag?post=665"}],"curies":[{"name":"wp","href":"https:\/\/api.w.org\/{rel}","templated":true}]}}