{"id":653,"date":"2025-02-17T00:16:02","date_gmt":"2025-02-17T00:16:02","guid":{"rendered":"https:\/\/smarvet.eu\/?post_type=product&#038;p=653"},"modified":"2025-02-25T18:02:14","modified_gmt":"2025-02-25T18:02:14","slug":"tv-stand","status":"publish","type":"product","link":"https:\/\/smarvet.eu\/bs\/proizvod\/tv-stand\/","title":{"rendered":"Tv komoda"},"content":{"rendered":"<p class=\"translation-block\">Unesite dozu luksuza i elegancije u svoj prostor s Inat TV komodom, komad koji spaja funkcionalnost i bezvremenski dizajn.<\/p>\n<p class=\"translation-block\">Izra\u0111ena od masivnog jasenovog drveta, ova TV komoda savr\u0161eno se uklapa u sofisticirane interijere, nude\u0107i estetsku privla\u010dnost i prakti\u010dna rje\u0161enja za pohranu. S elegantnim linijama i pa\u017eljivo dizajniranim odjeljcima, pru\u017ea dovoljno prostora za medijske ure\u0111aje, dok odr\u017eava profinjen i uredan izgled.<\/p>\n<p><em><strong>Dizajnirao Edin Li\u010dina<\/strong><\/em><br \/>\n<img fetchpriority=\"high\" decoding=\"async\" class=\"alignnone wp-image-1161 size-large\" src=\"https:\/\/smarvet.eu\/wp-content\/uploads\/2025\/02\/designer-edin-1520x875.jpg\" alt=\"\" width=\"1160\" height=\"668\" srcset=\"https:\/\/smarvet.eu\/wp-content\/uploads\/2025\/02\/designer-edin-1520x875.jpg 1520w, https:\/\/smarvet.eu\/wp-content\/uploads\/2025\/02\/designer-edin-460x265.jpg 460w, https:\/\/smarvet.eu\/wp-content\/uploads\/2025\/02\/designer-edin-760x437.jpg 760w, https:\/\/smarvet.eu\/wp-content\/uploads\/2025\/02\/designer-edin-18x10.jpg 18w, https:\/\/smarvet.eu\/wp-content\/uploads\/2025\/02\/designer-edin-920x530.jpg 920w, https:\/\/smarvet.eu\/wp-content\/uploads\/2025\/02\/designer-edin-252x145.jpg 252w, https:\/\/smarvet.eu\/wp-content\/uploads\/2025\/02\/designer-edin-504x290.jpg 504w, https:\/\/smarvet.eu\/wp-content\/uploads\/2025\/02\/designer-edin.jpg 1600w\" sizes=\"(max-width: 1160px) 100vw, 1160px\" \/><\/p>\n<p>&nbsp;<\/p>","protected":false},"excerpt":{"rendered":"<p>Elevate your entertainment space with the Inat TV Stand, a statement piece that embodies luxury, functionality, and timeless&hellip;<\/p>","protected":false},"featured_media":860,"template":"","meta":[],"product_brand":[20],"product_cat":[38,32,69],"product_tag":[],"class_list":{"0":"post-653","1":"product","2":"type-product","3":"status-publish","4":"has-post-thumbnail","6":"product_brand-smarvet","7":"product_cat-inat-collection","8":"product_cat-designer-collections","9":"product_cat-inat-living-room","11":"first","12":"instock","13":"featured","14":"sold-individually","15":"shipping-taxable","16":"product-type-variable","17":"has-default-attributes"},"yoast_head":"<!-- This site is optimized with the Yoast SEO plugin v27.3 - https:\/\/yoast.com\/product\/yoast-seo-wordpress\/ -->\n<title>TV Stand - Smarvet<\/title>\n<meta name=\"robots\" content=\"index, follow, max-snippet:-1, max-image-preview:large, max-video-preview:-1\" \/>\n<link rel=\"canonical\" href=\"https:\/\/smarvet.eu\/bs\/proizvod\/tv-stand\/\" \/>\n<meta property=\"og:locale\" content=\"bs_BA\" \/>\n<meta property=\"og:type\" content=\"article\" \/>\n<meta property=\"og:title\" content=\"TV Stand - Smarvet\" \/>\n<meta property=\"og:description\" content=\"Elevate your entertainment space with the Inat TV Stand, a statement piece that embodies luxury, functionality, and timeless&hellip;\" \/>\n<meta property=\"og:url\" content=\"https:\/\/smarvet.eu\/bs\/proizvod\/tv-stand\/\" \/>\n<meta property=\"og:site_name\" content=\"Smarvet\" \/>\n<meta property=\"article:modified_time\" content=\"2025-02-25T18:02:14+00:00\" \/>\n<meta property=\"og:image\" content=\"https:\/\/smarvet.eu\/wp-content\/uploads\/2025\/02\/inat-tv-stand-bio-oil.jpg\" \/>\n\t<meta property=\"og:image:width\" content=\"1600\" \/>\n\t<meta property=\"og:image:height\" content=\"1067\" \/>\n\t<meta property=\"og:image:type\" content=\"image\/jpeg\" \/>\n<meta name=\"twitter:card\" content=\"summary_large_image\" \/>\n<meta name=\"twitter:label1\" content=\"Est. reading time\" \/>\n\t<meta name=\"twitter:data1\" content=\"1 minuta\" \/>\n<script type=\"application\/ld+json\" class=\"yoast-schema-graph\">{\"@context\":\"https:\\\/\\\/schema.org\",\"@graph\":[{\"@type\":\"WebPage\",\"@id\":\"https:\\\/\\\/smarvet.eu\\\/product\\\/tv-stand\\\/\",\"url\":\"https:\\\/\\\/smarvet.eu\\\/product\\\/tv-stand\\\/\",\"name\":\"TV Stand - Smarvet\",\"isPartOf\":{\"@id\":\"https:\\\/\\\/smarvet.eu\\\/#website\"},\"primaryImageOfPage\":{\"@id\":\"https:\\\/\\\/smarvet.eu\\\/product\\\/tv-stand\\\/#primaryimage\"},\"image\":{\"@id\":\"https:\\\/\\\/smarvet.eu\\\/product\\\/tv-stand\\\/#primaryimage\"},\"thumbnailUrl\":\"https:\\\/\\\/smarvet.eu\\\/wp-content\\\/uploads\\\/2025\\\/02\\\/inat-tv-stand-bio-oil.jpg\",\"datePublished\":\"2025-02-17T00:16:02+00:00\",\"dateModified\":\"2025-02-25T18:02:14+00:00\",\"breadcrumb\":{\"@id\":\"https:\\\/\\\/smarvet.eu\\\/product\\\/tv-stand\\\/#breadcrumb\"},\"inLanguage\":\"bs-BA\",\"potentialAction\":[{\"@type\":\"ReadAction\",\"target\":[\"https:\\\/\\\/smarvet.eu\\\/product\\\/tv-stand\\\/\"]}]},{\"@type\":\"ImageObject\",\"inLanguage\":\"bs-BA\",\"@id\":\"https:\\\/\\\/smarvet.eu\\\/product\\\/tv-stand\\\/#primaryimage\",\"url\":\"https:\\\/\\\/smarvet.eu\\\/wp-content\\\/uploads\\\/2025\\\/02\\\/inat-tv-stand-bio-oil.jpg\",\"contentUrl\":\"https:\\\/\\\/smarvet.eu\\\/wp-content\\\/uploads\\\/2025\\\/02\\\/inat-tv-stand-bio-oil.jpg\",\"width\":1600,\"height\":1067},{\"@type\":\"BreadcrumbList\",\"@id\":\"https:\\\/\\\/smarvet.eu\\\/product\\\/tv-stand\\\/#breadcrumb\",\"itemListElement\":[{\"@type\":\"ListItem\",\"position\":1,\"name\":\"Home\",\"item\":\"https:\\\/\\\/smarvet.eu\\\/\"},{\"@type\":\"ListItem\",\"position\":2,\"name\":\"Products\",\"item\":\"https:\\\/\\\/smarvet.eu\\\/shop\\\/\"},{\"@type\":\"ListItem\",\"position\":3,\"name\":\"TV Stand\"}]},{\"@type\":\"WebSite\",\"@id\":\"https:\\\/\\\/smarvet.eu\\\/#website\",\"url\":\"https:\\\/\\\/smarvet.eu\\\/\",\"name\":\"Smarvet\",\"description\":\"\",\"potentialAction\":[{\"@type\":\"SearchAction\",\"target\":{\"@type\":\"EntryPoint\",\"urlTemplate\":\"https:\\\/\\\/smarvet.eu\\\/?s={search_term_string}\"},\"query-input\":{\"@type\":\"PropertyValueSpecification\",\"valueRequired\":true,\"valueName\":\"search_term_string\"}}],\"inLanguage\":\"bs-BA\"}]}<\/script>\n<!-- \/ Yoast SEO plugin. -->","yoast_head_json":{"title":"TV Stand - Smarvet","robots":{"index":"index","follow":"follow","max-snippet":"max-snippet:-1","max-image-preview":"max-image-preview:large","max-video-preview":"max-video-preview:-1"},"canonical":"https:\/\/smarvet.eu\/bs\/proizvod\/tv-stand\/","og_locale":"bs_BA","og_type":"article","og_title":"TV Stand - Smarvet","og_description":"Elevate your entertainment space with the Inat TV Stand, a statement piece that embodies luxury, functionality, and timeless&hellip;","og_url":"https:\/\/smarvet.eu\/bs\/proizvod\/tv-stand\/","og_site_name":"Smarvet","article_modified_time":"2025-02-25T18:02:14+00:00","og_image":[{"width":1600,"height":1067,"url":"https:\/\/smarvet.eu\/wp-content\/uploads\/2025\/02\/inat-tv-stand-bio-oil.jpg","type":"image\/jpeg"}],"twitter_card":"summary_large_image","twitter_misc":{"Est. reading time":"1 minuta"},"schema":{"@context":"https:\/\/schema.org","@graph":[{"@type":"WebPage","@id":"https:\/\/smarvet.eu\/product\/tv-stand\/","url":"https:\/\/smarvet.eu\/product\/tv-stand\/","name":"TV Stand - Smarvet","isPartOf":{"@id":"https:\/\/smarvet.eu\/#website"},"primaryImageOfPage":{"@id":"https:\/\/smarvet.eu\/product\/tv-stand\/#primaryimage"},"image":{"@id":"https:\/\/smarvet.eu\/product\/tv-stand\/#primaryimage"},"thumbnailUrl":"https:\/\/smarvet.eu\/wp-content\/uploads\/2025\/02\/inat-tv-stand-bio-oil.jpg","datePublished":"2025-02-17T00:16:02+00:00","dateModified":"2025-02-25T18:02:14+00:00","breadcrumb":{"@id":"https:\/\/smarvet.eu\/product\/tv-stand\/#breadcrumb"},"inLanguage":"bs-BA","potentialAction":[{"@type":"ReadAction","target":["https:\/\/smarvet.eu\/product\/tv-stand\/"]}]},{"@type":"ImageObject","inLanguage":"bs-BA","@id":"https:\/\/smarvet.eu\/product\/tv-stand\/#primaryimage","url":"https:\/\/smarvet.eu\/wp-content\/uploads\/2025\/02\/inat-tv-stand-bio-oil.jpg","contentUrl":"https:\/\/smarvet.eu\/wp-content\/uploads\/2025\/02\/inat-tv-stand-bio-oil.jpg","width":1600,"height":1067},{"@type":"BreadcrumbList","@id":"https:\/\/smarvet.eu\/product\/tv-stand\/#breadcrumb","itemListElement":[{"@type":"ListItem","position":1,"name":"Home","item":"https:\/\/smarvet.eu\/"},{"@type":"ListItem","position":2,"name":"Products","item":"https:\/\/smarvet.eu\/shop\/"},{"@type":"ListItem","position":3,"name":"TV Stand"}]},{"@type":"WebSite","@id":"https:\/\/smarvet.eu\/#website","url":"https:\/\/smarvet.eu\/","name":"Smarvet","description":"","potentialAction":[{"@type":"SearchAction","target":{"@type":"EntryPoint","urlTemplate":"https:\/\/smarvet.eu\/?s={search_term_string}"},"query-input":{"@type":"PropertyValueSpecification","valueRequired":true,"valueName":"search_term_string"}}],"inLanguage":"bs-BA"}]}},"jetpack_sharing_enabled":true,"_links":{"self":[{"href":"https:\/\/smarvet.eu\/bs\/wp-json\/wp\/v2\/product\/653","targetHints":{"allow":["GET"]}}],"collection":[{"href":"https:\/\/smarvet.eu\/bs\/wp-json\/wp\/v2\/product"}],"about":[{"href":"https:\/\/smarvet.eu\/bs\/wp-json\/wp\/v2\/types\/product"}],"wp:featuredmedia":[{"embeddable":true,"href":"https:\/\/smarvet.eu\/bs\/wp-json\/wp\/v2\/media\/860"}],"wp:attachment":[{"href":"https:\/\/smarvet.eu\/bs\/wp-json\/wp\/v2\/media?parent=653"}],"wp:term":[{"taxonomy":"product_brand","embeddable":true,"href":"https:\/\/smarvet.eu\/bs\/wp-json\/wp\/v2\/product_brand?post=653"},{"taxonomy":"product_cat","embeddable":true,"href":"https:\/\/smarvet.eu\/bs\/wp-json\/wp\/v2\/product_cat?post=653"},{"taxonomy":"product_tag","embeddable":true,"href":"https:\/\/smarvet.eu\/bs\/wp-json\/wp\/v2\/product_tag?post=653"}],"curies":[{"name":"wp","href":"https:\/\/api.w.org\/{rel}","templated":true}]}}