{"id":274,"date":"2025-02-14T04:14:39","date_gmt":"2025-02-14T04:14:39","guid":{"rendered":"https:\/\/smarvet.eu\/?post_type=product&#038;p=274"},"modified":"2025-02-25T18:00:23","modified_gmt":"2025-02-25T18:00:23","slug":"dresser-6","status":"publish","type":"product","link":"https:\/\/smarvet.eu\/bs\/proizvod\/dresser-6\/","title":{"rendered":"Komoda"},"content":{"rendered":"<p>The <strong>PINTA Dresser<\/strong> is a modern, eye-catching piece that seamlessly fits into any space. With its clean lines and sophisticated design, it adds elegance to any room.<\/p>\n<p class=\"translation-block\">Dostavljena unaprijed sastavljena, komoda ima tri prostrane ladice s visokokvalitetnim, mekim zatvaranjem koje omogu\u0107ava glatko funkcioniranje. Jedinstvene utorene ru\u010dke pobolj\u0161avaju njezinu profinjenu estetiku. Dostupna u prirodnom jasenovom drvetu i komplementarnoj Palace Green boji, zavr\u0161ne obrade su netoksi\u010dne, certificirane i potpuno sigurne za djecu, osiguravaju\u0107i i stil i mir za roditelje.<\/p>","protected":false},"excerpt":{"rendered":"<p>Elegantna komoda s ladicama s mekim zatvaranjem i bezvremenskim zavr\u0161nim obradama.<\/p>","protected":false},"featured_media":578,"template":"","meta":[],"product_brand":[20],"product_cat":[43,73,33],"product_tag":[],"class_list":{"0":"post-274","1":"product","2":"type-product","3":"status-publish","4":"has-post-thumbnail","6":"product_brand-smarvet","7":"product_cat-pinta-collection","8":"product_cat-baby-room-pinta","9":"product_cat-classics","11":"first","12":"instock","13":"sold-individually","14":"shipping-taxable","15":"product-type-simple"},"yoast_head":"<!-- This site is optimized with the Yoast SEO plugin v27.3 - https:\/\/yoast.com\/product\/yoast-seo-wordpress\/ -->\n<title>Dresser - Smarvet<\/title>\n<meta name=\"robots\" content=\"index, follow, max-snippet:-1, max-image-preview:large, max-video-preview:-1\" \/>\n<link rel=\"canonical\" href=\"https:\/\/smarvet.eu\/bs\/proizvod\/dresser-6\/\" \/>\n<meta property=\"og:locale\" content=\"bs_BA\" \/>\n<meta property=\"og:type\" content=\"article\" \/>\n<meta property=\"og:title\" content=\"Dresser - Smarvet\" \/>\n<meta property=\"og:description\" content=\"Sleek, sophisticated dresser with soft-close drawers and timeless finishes.\" \/>\n<meta property=\"og:url\" content=\"https:\/\/smarvet.eu\/bs\/proizvod\/dresser-6\/\" \/>\n<meta property=\"og:site_name\" content=\"Smarvet\" \/>\n<meta property=\"article:modified_time\" content=\"2025-02-25T18:00:23+00:00\" \/>\n<meta property=\"og:image\" content=\"https:\/\/smarvet.eu\/wp-content\/uploads\/2025\/02\/pinta-komoda-dresser-oak-pinta.jpg\" \/>\n\t<meta property=\"og:image:width\" content=\"1200\" \/>\n\t<meta property=\"og:image:height\" content=\"800\" \/>\n\t<meta property=\"og:image:type\" content=\"image\/jpeg\" \/>\n<meta name=\"twitter:card\" content=\"summary_large_image\" \/>\n<meta name=\"twitter:label1\" content=\"Est. reading time\" \/>\n\t<meta name=\"twitter:data1\" content=\"1 minuta\" \/>\n<script type=\"application\/ld+json\" class=\"yoast-schema-graph\">{\"@context\":\"https:\\\/\\\/schema.org\",\"@graph\":[{\"@type\":\"WebPage\",\"@id\":\"https:\\\/\\\/smarvet.eu\\\/product\\\/dresser-6\\\/\",\"url\":\"https:\\\/\\\/smarvet.eu\\\/product\\\/dresser-6\\\/\",\"name\":\"Dresser - Smarvet\",\"isPartOf\":{\"@id\":\"https:\\\/\\\/smarvet.eu\\\/#website\"},\"primaryImageOfPage\":{\"@id\":\"https:\\\/\\\/smarvet.eu\\\/product\\\/dresser-6\\\/#primaryimage\"},\"image\":{\"@id\":\"https:\\\/\\\/smarvet.eu\\\/product\\\/dresser-6\\\/#primaryimage\"},\"thumbnailUrl\":\"https:\\\/\\\/smarvet.eu\\\/wp-content\\\/uploads\\\/2025\\\/02\\\/pinta-komoda-dresser-oak-pinta.jpg\",\"datePublished\":\"2025-02-14T04:14:39+00:00\",\"dateModified\":\"2025-02-25T18:00:23+00:00\",\"breadcrumb\":{\"@id\":\"https:\\\/\\\/smarvet.eu\\\/product\\\/dresser-6\\\/#breadcrumb\"},\"inLanguage\":\"bs-BA\",\"potentialAction\":[{\"@type\":\"ReadAction\",\"target\":[\"https:\\\/\\\/smarvet.eu\\\/product\\\/dresser-6\\\/\"]}]},{\"@type\":\"ImageObject\",\"inLanguage\":\"bs-BA\",\"@id\":\"https:\\\/\\\/smarvet.eu\\\/product\\\/dresser-6\\\/#primaryimage\",\"url\":\"https:\\\/\\\/smarvet.eu\\\/wp-content\\\/uploads\\\/2025\\\/02\\\/pinta-komoda-dresser-oak-pinta.jpg\",\"contentUrl\":\"https:\\\/\\\/smarvet.eu\\\/wp-content\\\/uploads\\\/2025\\\/02\\\/pinta-komoda-dresser-oak-pinta.jpg\",\"width\":1200,\"height\":800},{\"@type\":\"BreadcrumbList\",\"@id\":\"https:\\\/\\\/smarvet.eu\\\/product\\\/dresser-6\\\/#breadcrumb\",\"itemListElement\":[{\"@type\":\"ListItem\",\"position\":1,\"name\":\"Home\",\"item\":\"https:\\\/\\\/smarvet.eu\\\/\"},{\"@type\":\"ListItem\",\"position\":2,\"name\":\"Products\",\"item\":\"https:\\\/\\\/smarvet.eu\\\/shop\\\/\"},{\"@type\":\"ListItem\",\"position\":3,\"name\":\"Dresser\"}]},{\"@type\":\"WebSite\",\"@id\":\"https:\\\/\\\/smarvet.eu\\\/#website\",\"url\":\"https:\\\/\\\/smarvet.eu\\\/\",\"name\":\"Smarvet\",\"description\":\"\",\"potentialAction\":[{\"@type\":\"SearchAction\",\"target\":{\"@type\":\"EntryPoint\",\"urlTemplate\":\"https:\\\/\\\/smarvet.eu\\\/?s={search_term_string}\"},\"query-input\":{\"@type\":\"PropertyValueSpecification\",\"valueRequired\":true,\"valueName\":\"search_term_string\"}}],\"inLanguage\":\"bs-BA\"}]}<\/script>\n<!-- \/ Yoast SEO plugin. -->","yoast_head_json":{"title":"Dresser - Smarvet","robots":{"index":"index","follow":"follow","max-snippet":"max-snippet:-1","max-image-preview":"max-image-preview:large","max-video-preview":"max-video-preview:-1"},"canonical":"https:\/\/smarvet.eu\/bs\/proizvod\/dresser-6\/","og_locale":"bs_BA","og_type":"article","og_title":"Dresser - Smarvet","og_description":"Sleek, sophisticated dresser with soft-close drawers and timeless finishes.","og_url":"https:\/\/smarvet.eu\/bs\/proizvod\/dresser-6\/","og_site_name":"Smarvet","article_modified_time":"2025-02-25T18:00:23+00:00","og_image":[{"width":1200,"height":800,"url":"https:\/\/smarvet.eu\/wp-content\/uploads\/2025\/02\/pinta-komoda-dresser-oak-pinta.jpg","type":"image\/jpeg"}],"twitter_card":"summary_large_image","twitter_misc":{"Est. reading time":"1 minuta"},"schema":{"@context":"https:\/\/schema.org","@graph":[{"@type":"WebPage","@id":"https:\/\/smarvet.eu\/product\/dresser-6\/","url":"https:\/\/smarvet.eu\/product\/dresser-6\/","name":"Dresser - Smarvet","isPartOf":{"@id":"https:\/\/smarvet.eu\/#website"},"primaryImageOfPage":{"@id":"https:\/\/smarvet.eu\/product\/dresser-6\/#primaryimage"},"image":{"@id":"https:\/\/smarvet.eu\/product\/dresser-6\/#primaryimage"},"thumbnailUrl":"https:\/\/smarvet.eu\/wp-content\/uploads\/2025\/02\/pinta-komoda-dresser-oak-pinta.jpg","datePublished":"2025-02-14T04:14:39+00:00","dateModified":"2025-02-25T18:00:23+00:00","breadcrumb":{"@id":"https:\/\/smarvet.eu\/product\/dresser-6\/#breadcrumb"},"inLanguage":"bs-BA","potentialAction":[{"@type":"ReadAction","target":["https:\/\/smarvet.eu\/product\/dresser-6\/"]}]},{"@type":"ImageObject","inLanguage":"bs-BA","@id":"https:\/\/smarvet.eu\/product\/dresser-6\/#primaryimage","url":"https:\/\/smarvet.eu\/wp-content\/uploads\/2025\/02\/pinta-komoda-dresser-oak-pinta.jpg","contentUrl":"https:\/\/smarvet.eu\/wp-content\/uploads\/2025\/02\/pinta-komoda-dresser-oak-pinta.jpg","width":1200,"height":800},{"@type":"BreadcrumbList","@id":"https:\/\/smarvet.eu\/product\/dresser-6\/#breadcrumb","itemListElement":[{"@type":"ListItem","position":1,"name":"Home","item":"https:\/\/smarvet.eu\/"},{"@type":"ListItem","position":2,"name":"Products","item":"https:\/\/smarvet.eu\/shop\/"},{"@type":"ListItem","position":3,"name":"Dresser"}]},{"@type":"WebSite","@id":"https:\/\/smarvet.eu\/#website","url":"https:\/\/smarvet.eu\/","name":"Smarvet","description":"","potentialAction":[{"@type":"SearchAction","target":{"@type":"EntryPoint","urlTemplate":"https:\/\/smarvet.eu\/?s={search_term_string}"},"query-input":{"@type":"PropertyValueSpecification","valueRequired":true,"valueName":"search_term_string"}}],"inLanguage":"bs-BA"}]}},"jetpack_sharing_enabled":true,"_links":{"self":[{"href":"https:\/\/smarvet.eu\/bs\/wp-json\/wp\/v2\/product\/274","targetHints":{"allow":["GET"]}}],"collection":[{"href":"https:\/\/smarvet.eu\/bs\/wp-json\/wp\/v2\/product"}],"about":[{"href":"https:\/\/smarvet.eu\/bs\/wp-json\/wp\/v2\/types\/product"}],"wp:featuredmedia":[{"embeddable":true,"href":"https:\/\/smarvet.eu\/bs\/wp-json\/wp\/v2\/media\/578"}],"wp:attachment":[{"href":"https:\/\/smarvet.eu\/bs\/wp-json\/wp\/v2\/media?parent=274"}],"wp:term":[{"taxonomy":"product_brand","embeddable":true,"href":"https:\/\/smarvet.eu\/bs\/wp-json\/wp\/v2\/product_brand?post=274"},{"taxonomy":"product_cat","embeddable":true,"href":"https:\/\/smarvet.eu\/bs\/wp-json\/wp\/v2\/product_cat?post=274"},{"taxonomy":"product_tag","embeddable":true,"href":"https:\/\/smarvet.eu\/bs\/wp-json\/wp\/v2\/product_tag?post=274"}],"curies":[{"name":"wp","href":"https:\/\/api.w.org\/{rel}","templated":true}]}}