{"id":273,"date":"2025-02-14T04:11:09","date_gmt":"2025-02-14T04:11:09","guid":{"rendered":"https:\/\/smarvet.eu\/?post_type=product&#038;p=273"},"modified":"2025-03-02T15:44:05","modified_gmt":"2025-03-02T15:44:05","slug":"gymnastic-wooden-rings","status":"publish","type":"product","link":"https:\/\/smarvet.eu\/bs\/proizvod\/gymnastic-wooden-rings\/","title":{"rendered":"KARIKE"},"content":{"rendered":"<p class=\"translation-block\">Drvene Karike su izdr\u017eljiv i svestran komad sportske opreme, dizajnirane za pobolj\u0161anje snage, ravnote\u017ee i kordinacije.<\/p>\n<p class=\"translation-block\">Napravljene od visokokvalitetnog masivnog drveta, pru\u017eaju pouzdan grip i dugotrajan rad, \u010dine\u0107i ih idealnim za \u0161kole, teretane i trening centre.<\/p>\n<p><strong><a href=\"https:\/\/smarvet.eu\/wp-content\/uploads\/2025\/03\/SPORT-Collection-Catalog.pdf\" target=\"_blank\" rel=\"noopener\">Product Info Brochure<\/a><\/strong><\/p>","protected":false},"excerpt":{"rendered":"<p>Izdr\u017eljive drvene karike za snagu, ravnote\u017eu i kordinaciju.<\/p>","protected":false},"featured_media":1240,"template":"","meta":[],"product_brand":[20],"product_cat":[49,35],"product_tag":[],"class_list":{"0":"post-273","1":"product","2":"type-product","3":"status-publish","4":"has-post-thumbnail","6":"product_brand-smarvet","7":"product_cat-gymnastic-wooden-rings","8":"product_cat-sports-equipment","10":"first","11":"instock","12":"sold-individually","13":"shipping-taxable","14":"product-type-simple"},"yoast_head":"<!-- This site is optimized with the Yoast SEO plugin v27.3 - https:\/\/yoast.com\/product\/yoast-seo-wordpress\/ -->\n<title>GYMNASTIC WOODEN RINGS - Smarvet<\/title>\n<meta name=\"robots\" content=\"index, follow, max-snippet:-1, max-image-preview:large, max-video-preview:-1\" \/>\n<link rel=\"canonical\" href=\"https:\/\/smarvet.eu\/bs\/proizvod\/gymnastic-wooden-rings\/\" \/>\n<meta property=\"og:locale\" content=\"bs_BA\" \/>\n<meta property=\"og:type\" content=\"article\" \/>\n<meta property=\"og:title\" content=\"GYMNASTIC WOODEN RINGS - Smarvet\" \/>\n<meta property=\"og:description\" content=\"Durable wooden rings for strength, balance, and coordination.\" \/>\n<meta property=\"og:url\" content=\"https:\/\/smarvet.eu\/bs\/proizvod\/gymnastic-wooden-rings\/\" \/>\n<meta property=\"og:site_name\" content=\"Smarvet\" \/>\n<meta property=\"article:modified_time\" content=\"2025-03-02T15:44:05+00:00\" \/>\n<meta property=\"og:image\" content=\"https:\/\/smarvet.eu\/wp-content\/uploads\/2025\/02\/gymnastic-rings-full-detail-view.jpg\" \/>\n\t<meta property=\"og:image:width\" content=\"894\" \/>\n\t<meta property=\"og:image:height\" content=\"670\" \/>\n\t<meta property=\"og:image:type\" content=\"image\/jpeg\" \/>\n<meta name=\"twitter:card\" content=\"summary_large_image\" \/>\n<meta name=\"twitter:label1\" content=\"Est. reading time\" \/>\n\t<meta name=\"twitter:data1\" content=\"1 minuta\" \/>\n<script type=\"application\/ld+json\" class=\"yoast-schema-graph\">{\"@context\":\"https:\\\/\\\/schema.org\",\"@graph\":[{\"@type\":\"WebPage\",\"@id\":\"https:\\\/\\\/smarvet.eu\\\/product\\\/gymnastic-wooden-rings\\\/\",\"url\":\"https:\\\/\\\/smarvet.eu\\\/product\\\/gymnastic-wooden-rings\\\/\",\"name\":\"GYMNASTIC WOODEN RINGS - Smarvet\",\"isPartOf\":{\"@id\":\"https:\\\/\\\/smarvet.eu\\\/#website\"},\"primaryImageOfPage\":{\"@id\":\"https:\\\/\\\/smarvet.eu\\\/product\\\/gymnastic-wooden-rings\\\/#primaryimage\"},\"image\":{\"@id\":\"https:\\\/\\\/smarvet.eu\\\/product\\\/gymnastic-wooden-rings\\\/#primaryimage\"},\"thumbnailUrl\":\"https:\\\/\\\/smarvet.eu\\\/wp-content\\\/uploads\\\/2025\\\/02\\\/gymnastic-rings-full-detail-view.jpg\",\"datePublished\":\"2025-02-14T04:11:09+00:00\",\"dateModified\":\"2025-03-02T15:44:05+00:00\",\"breadcrumb\":{\"@id\":\"https:\\\/\\\/smarvet.eu\\\/product\\\/gymnastic-wooden-rings\\\/#breadcrumb\"},\"inLanguage\":\"bs-BA\",\"potentialAction\":[{\"@type\":\"ReadAction\",\"target\":[\"https:\\\/\\\/smarvet.eu\\\/product\\\/gymnastic-wooden-rings\\\/\"]}]},{\"@type\":\"ImageObject\",\"inLanguage\":\"bs-BA\",\"@id\":\"https:\\\/\\\/smarvet.eu\\\/product\\\/gymnastic-wooden-rings\\\/#primaryimage\",\"url\":\"https:\\\/\\\/smarvet.eu\\\/wp-content\\\/uploads\\\/2025\\\/02\\\/gymnastic-rings-full-detail-view.jpg\",\"contentUrl\":\"https:\\\/\\\/smarvet.eu\\\/wp-content\\\/uploads\\\/2025\\\/02\\\/gymnastic-rings-full-detail-view.jpg\",\"width\":894,\"height\":670},{\"@type\":\"BreadcrumbList\",\"@id\":\"https:\\\/\\\/smarvet.eu\\\/product\\\/gymnastic-wooden-rings\\\/#breadcrumb\",\"itemListElement\":[{\"@type\":\"ListItem\",\"position\":1,\"name\":\"Home\",\"item\":\"https:\\\/\\\/smarvet.eu\\\/\"},{\"@type\":\"ListItem\",\"position\":2,\"name\":\"Products\",\"item\":\"https:\\\/\\\/smarvet.eu\\\/shop\\\/\"},{\"@type\":\"ListItem\",\"position\":3,\"name\":\"GYMNASTIC WOODEN RINGS\"}]},{\"@type\":\"WebSite\",\"@id\":\"https:\\\/\\\/smarvet.eu\\\/#website\",\"url\":\"https:\\\/\\\/smarvet.eu\\\/\",\"name\":\"Smarvet\",\"description\":\"\",\"potentialAction\":[{\"@type\":\"SearchAction\",\"target\":{\"@type\":\"EntryPoint\",\"urlTemplate\":\"https:\\\/\\\/smarvet.eu\\\/?s={search_term_string}\"},\"query-input\":{\"@type\":\"PropertyValueSpecification\",\"valueRequired\":true,\"valueName\":\"search_term_string\"}}],\"inLanguage\":\"bs-BA\"}]}<\/script>\n<!-- \/ Yoast SEO plugin. -->","yoast_head_json":{"title":"GYMNASTIC WOODEN RINGS - Smarvet","robots":{"index":"index","follow":"follow","max-snippet":"max-snippet:-1","max-image-preview":"max-image-preview:large","max-video-preview":"max-video-preview:-1"},"canonical":"https:\/\/smarvet.eu\/bs\/proizvod\/gymnastic-wooden-rings\/","og_locale":"bs_BA","og_type":"article","og_title":"GYMNASTIC WOODEN RINGS - Smarvet","og_description":"Durable wooden rings for strength, balance, and coordination.","og_url":"https:\/\/smarvet.eu\/bs\/proizvod\/gymnastic-wooden-rings\/","og_site_name":"Smarvet","article_modified_time":"2025-03-02T15:44:05+00:00","og_image":[{"width":894,"height":670,"url":"https:\/\/smarvet.eu\/wp-content\/uploads\/2025\/02\/gymnastic-rings-full-detail-view.jpg","type":"image\/jpeg"}],"twitter_card":"summary_large_image","twitter_misc":{"Est. reading time":"1 minuta"},"schema":{"@context":"https:\/\/schema.org","@graph":[{"@type":"WebPage","@id":"https:\/\/smarvet.eu\/product\/gymnastic-wooden-rings\/","url":"https:\/\/smarvet.eu\/product\/gymnastic-wooden-rings\/","name":"GYMNASTIC WOODEN RINGS - Smarvet","isPartOf":{"@id":"https:\/\/smarvet.eu\/#website"},"primaryImageOfPage":{"@id":"https:\/\/smarvet.eu\/product\/gymnastic-wooden-rings\/#primaryimage"},"image":{"@id":"https:\/\/smarvet.eu\/product\/gymnastic-wooden-rings\/#primaryimage"},"thumbnailUrl":"https:\/\/smarvet.eu\/wp-content\/uploads\/2025\/02\/gymnastic-rings-full-detail-view.jpg","datePublished":"2025-02-14T04:11:09+00:00","dateModified":"2025-03-02T15:44:05+00:00","breadcrumb":{"@id":"https:\/\/smarvet.eu\/product\/gymnastic-wooden-rings\/#breadcrumb"},"inLanguage":"bs-BA","potentialAction":[{"@type":"ReadAction","target":["https:\/\/smarvet.eu\/product\/gymnastic-wooden-rings\/"]}]},{"@type":"ImageObject","inLanguage":"bs-BA","@id":"https:\/\/smarvet.eu\/product\/gymnastic-wooden-rings\/#primaryimage","url":"https:\/\/smarvet.eu\/wp-content\/uploads\/2025\/02\/gymnastic-rings-full-detail-view.jpg","contentUrl":"https:\/\/smarvet.eu\/wp-content\/uploads\/2025\/02\/gymnastic-rings-full-detail-view.jpg","width":894,"height":670},{"@type":"BreadcrumbList","@id":"https:\/\/smarvet.eu\/product\/gymnastic-wooden-rings\/#breadcrumb","itemListElement":[{"@type":"ListItem","position":1,"name":"Home","item":"https:\/\/smarvet.eu\/"},{"@type":"ListItem","position":2,"name":"Products","item":"https:\/\/smarvet.eu\/shop\/"},{"@type":"ListItem","position":3,"name":"GYMNASTIC WOODEN RINGS"}]},{"@type":"WebSite","@id":"https:\/\/smarvet.eu\/#website","url":"https:\/\/smarvet.eu\/","name":"Smarvet","description":"","potentialAction":[{"@type":"SearchAction","target":{"@type":"EntryPoint","urlTemplate":"https:\/\/smarvet.eu\/?s={search_term_string}"},"query-input":{"@type":"PropertyValueSpecification","valueRequired":true,"valueName":"search_term_string"}}],"inLanguage":"bs-BA"}]}},"jetpack_sharing_enabled":true,"_links":{"self":[{"href":"https:\/\/smarvet.eu\/bs\/wp-json\/wp\/v2\/product\/273","targetHints":{"allow":["GET"]}}],"collection":[{"href":"https:\/\/smarvet.eu\/bs\/wp-json\/wp\/v2\/product"}],"about":[{"href":"https:\/\/smarvet.eu\/bs\/wp-json\/wp\/v2\/types\/product"}],"wp:featuredmedia":[{"embeddable":true,"href":"https:\/\/smarvet.eu\/bs\/wp-json\/wp\/v2\/media\/1240"}],"wp:attachment":[{"href":"https:\/\/smarvet.eu\/bs\/wp-json\/wp\/v2\/media?parent=273"}],"wp:term":[{"taxonomy":"product_brand","embeddable":true,"href":"https:\/\/smarvet.eu\/bs\/wp-json\/wp\/v2\/product_brand?post=273"},{"taxonomy":"product_cat","embeddable":true,"href":"https:\/\/smarvet.eu\/bs\/wp-json\/wp\/v2\/product_cat?post=273"},{"taxonomy":"product_tag","embeddable":true,"href":"https:\/\/smarvet.eu\/bs\/wp-json\/wp\/v2\/product_tag?post=273"}],"curies":[{"name":"wp","href":"https:\/\/api.w.org\/{rel}","templated":true}]}}