{"id":272,"date":"2025-02-14T04:10:18","date_gmt":"2025-02-14T04:10:18","guid":{"rendered":"https:\/\/smarvet.eu\/?post_type=product&#038;p=272"},"modified":"2025-03-02T15:47:05","modified_gmt":"2025-03-02T15:47:05","slug":"swedish-vaulting-box","status":"publish","type":"product","link":"https:\/\/smarvet.eu\/bs\/proizvod\/swedish-vaulting-box\/","title":{"rendered":"\u0160VEDSKI SANDUK"},"content":{"rendered":"<p class=\"translation-block\">\u0160vedski sanduk je svestran komad gimnasti\u010dke opreme dizajniran za pobolj\u0161anje snage i koordinacije.<\/p>\n<p class=\"translation-block\">Napravljen od izdr\u017eljivih, visokokvalitetnih materijala, posjeduje \u010dvrstu konstrukciju pogodnu za \u0161irok spektar vje\u017ebi. Idealan za \u0161kole, teretane i trening centre, pru\u017ea pouzdanu povr\u0161inu za skakanje, preskakanje i druge gimnasti\u010dke aktivnosti, poma\u017eu\u0107i sportistima da razviju ravnote\u017eu i performanse.<\/p>\n<p><a href=\"https:\/\/smarvet.eu\/wp-content\/uploads\/2025\/03\/SPORT-Collection-Catalog.pdf\" target=\"_blank\" rel=\"noopener\"><strong>Product Info Brochure<\/strong><\/a><\/p>","protected":false},"excerpt":{"rendered":"<p>Izdr\u017eljivi \u0161vedski sanduk za snagu i kordinaciju.<\/p>","protected":false},"featured_media":1238,"template":"","meta":[],"product_brand":[20],"product_cat":[48,35],"product_tag":[],"class_list":{"0":"post-272","1":"product","2":"type-product","3":"status-publish","4":"has-post-thumbnail","6":"product_brand-smarvet","7":"product_cat-swedish-vaulting-box","8":"product_cat-sports-equipment","10":"first","11":"instock","12":"sold-individually","13":"shipping-taxable","14":"product-type-simple"},"yoast_head":"<!-- This site is optimized with the Yoast SEO plugin v27.3 - https:\/\/yoast.com\/product\/yoast-seo-wordpress\/ -->\n<title>SWEDISH VAULTING BOX - Smarvet<\/title>\n<meta name=\"robots\" content=\"index, follow, max-snippet:-1, max-image-preview:large, max-video-preview:-1\" \/>\n<link rel=\"canonical\" href=\"https:\/\/smarvet.eu\/bs\/proizvod\/swedish-vaulting-box\/\" \/>\n<meta property=\"og:locale\" content=\"bs_BA\" \/>\n<meta property=\"og:type\" content=\"article\" \/>\n<meta property=\"og:title\" content=\"SWEDISH VAULTING BOX - Smarvet\" \/>\n<meta property=\"og:description\" content=\"Durable Swedish vaulting box for strength, agility, coordination.\" \/>\n<meta property=\"og:url\" content=\"https:\/\/smarvet.eu\/bs\/proizvod\/swedish-vaulting-box\/\" \/>\n<meta property=\"og:site_name\" content=\"Smarvet\" \/>\n<meta property=\"article:modified_time\" content=\"2025-03-02T15:47:05+00:00\" \/>\n<meta property=\"og:image\" content=\"https:\/\/smarvet.eu\/wp-content\/uploads\/2025\/02\/vaulting-box-detail-front.jpg\" \/>\n\t<meta property=\"og:image:width\" content=\"225\" \/>\n\t<meta property=\"og:image:height\" content=\"300\" \/>\n\t<meta property=\"og:image:type\" content=\"image\/jpeg\" \/>\n<meta name=\"twitter:card\" content=\"summary_large_image\" \/>\n<meta name=\"twitter:label1\" content=\"Est. reading time\" \/>\n\t<meta name=\"twitter:data1\" content=\"1 minuta\" \/>\n<script type=\"application\/ld+json\" class=\"yoast-schema-graph\">{\"@context\":\"https:\\\/\\\/schema.org\",\"@graph\":[{\"@type\":\"WebPage\",\"@id\":\"https:\\\/\\\/smarvet.eu\\\/product\\\/swedish-vaulting-box\\\/\",\"url\":\"https:\\\/\\\/smarvet.eu\\\/product\\\/swedish-vaulting-box\\\/\",\"name\":\"SWEDISH VAULTING BOX - Smarvet\",\"isPartOf\":{\"@id\":\"https:\\\/\\\/smarvet.eu\\\/#website\"},\"primaryImageOfPage\":{\"@id\":\"https:\\\/\\\/smarvet.eu\\\/product\\\/swedish-vaulting-box\\\/#primaryimage\"},\"image\":{\"@id\":\"https:\\\/\\\/smarvet.eu\\\/product\\\/swedish-vaulting-box\\\/#primaryimage\"},\"thumbnailUrl\":\"https:\\\/\\\/smarvet.eu\\\/wp-content\\\/uploads\\\/2025\\\/02\\\/vaulting-box-detail-front.jpg\",\"datePublished\":\"2025-02-14T04:10:18+00:00\",\"dateModified\":\"2025-03-02T15:47:05+00:00\",\"breadcrumb\":{\"@id\":\"https:\\\/\\\/smarvet.eu\\\/product\\\/swedish-vaulting-box\\\/#breadcrumb\"},\"inLanguage\":\"bs-BA\",\"potentialAction\":[{\"@type\":\"ReadAction\",\"target\":[\"https:\\\/\\\/smarvet.eu\\\/product\\\/swedish-vaulting-box\\\/\"]}]},{\"@type\":\"ImageObject\",\"inLanguage\":\"bs-BA\",\"@id\":\"https:\\\/\\\/smarvet.eu\\\/product\\\/swedish-vaulting-box\\\/#primaryimage\",\"url\":\"https:\\\/\\\/smarvet.eu\\\/wp-content\\\/uploads\\\/2025\\\/02\\\/vaulting-box-detail-front.jpg\",\"contentUrl\":\"https:\\\/\\\/smarvet.eu\\\/wp-content\\\/uploads\\\/2025\\\/02\\\/vaulting-box-detail-front.jpg\",\"width\":225,\"height\":300},{\"@type\":\"BreadcrumbList\",\"@id\":\"https:\\\/\\\/smarvet.eu\\\/product\\\/swedish-vaulting-box\\\/#breadcrumb\",\"itemListElement\":[{\"@type\":\"ListItem\",\"position\":1,\"name\":\"Home\",\"item\":\"https:\\\/\\\/smarvet.eu\\\/\"},{\"@type\":\"ListItem\",\"position\":2,\"name\":\"Products\",\"item\":\"https:\\\/\\\/smarvet.eu\\\/shop\\\/\"},{\"@type\":\"ListItem\",\"position\":3,\"name\":\"SWEDISH VAULTING BOX\"}]},{\"@type\":\"WebSite\",\"@id\":\"https:\\\/\\\/smarvet.eu\\\/#website\",\"url\":\"https:\\\/\\\/smarvet.eu\\\/\",\"name\":\"Smarvet\",\"description\":\"\",\"potentialAction\":[{\"@type\":\"SearchAction\",\"target\":{\"@type\":\"EntryPoint\",\"urlTemplate\":\"https:\\\/\\\/smarvet.eu\\\/?s={search_term_string}\"},\"query-input\":{\"@type\":\"PropertyValueSpecification\",\"valueRequired\":true,\"valueName\":\"search_term_string\"}}],\"inLanguage\":\"bs-BA\"}]}<\/script>\n<!-- \/ Yoast SEO plugin. -->","yoast_head_json":{"title":"SWEDISH VAULTING BOX - Smarvet","robots":{"index":"index","follow":"follow","max-snippet":"max-snippet:-1","max-image-preview":"max-image-preview:large","max-video-preview":"max-video-preview:-1"},"canonical":"https:\/\/smarvet.eu\/bs\/proizvod\/swedish-vaulting-box\/","og_locale":"bs_BA","og_type":"article","og_title":"SWEDISH VAULTING BOX - Smarvet","og_description":"Durable Swedish vaulting box for strength, agility, coordination.","og_url":"https:\/\/smarvet.eu\/bs\/proizvod\/swedish-vaulting-box\/","og_site_name":"Smarvet","article_modified_time":"2025-03-02T15:47:05+00:00","og_image":[{"width":225,"height":300,"url":"https:\/\/smarvet.eu\/wp-content\/uploads\/2025\/02\/vaulting-box-detail-front.jpg","type":"image\/jpeg"}],"twitter_card":"summary_large_image","twitter_misc":{"Est. reading time":"1 minuta"},"schema":{"@context":"https:\/\/schema.org","@graph":[{"@type":"WebPage","@id":"https:\/\/smarvet.eu\/product\/swedish-vaulting-box\/","url":"https:\/\/smarvet.eu\/product\/swedish-vaulting-box\/","name":"SWEDISH VAULTING BOX - Smarvet","isPartOf":{"@id":"https:\/\/smarvet.eu\/#website"},"primaryImageOfPage":{"@id":"https:\/\/smarvet.eu\/product\/swedish-vaulting-box\/#primaryimage"},"image":{"@id":"https:\/\/smarvet.eu\/product\/swedish-vaulting-box\/#primaryimage"},"thumbnailUrl":"https:\/\/smarvet.eu\/wp-content\/uploads\/2025\/02\/vaulting-box-detail-front.jpg","datePublished":"2025-02-14T04:10:18+00:00","dateModified":"2025-03-02T15:47:05+00:00","breadcrumb":{"@id":"https:\/\/smarvet.eu\/product\/swedish-vaulting-box\/#breadcrumb"},"inLanguage":"bs-BA","potentialAction":[{"@type":"ReadAction","target":["https:\/\/smarvet.eu\/product\/swedish-vaulting-box\/"]}]},{"@type":"ImageObject","inLanguage":"bs-BA","@id":"https:\/\/smarvet.eu\/product\/swedish-vaulting-box\/#primaryimage","url":"https:\/\/smarvet.eu\/wp-content\/uploads\/2025\/02\/vaulting-box-detail-front.jpg","contentUrl":"https:\/\/smarvet.eu\/wp-content\/uploads\/2025\/02\/vaulting-box-detail-front.jpg","width":225,"height":300},{"@type":"BreadcrumbList","@id":"https:\/\/smarvet.eu\/product\/swedish-vaulting-box\/#breadcrumb","itemListElement":[{"@type":"ListItem","position":1,"name":"Home","item":"https:\/\/smarvet.eu\/"},{"@type":"ListItem","position":2,"name":"Products","item":"https:\/\/smarvet.eu\/shop\/"},{"@type":"ListItem","position":3,"name":"SWEDISH VAULTING BOX"}]},{"@type":"WebSite","@id":"https:\/\/smarvet.eu\/#website","url":"https:\/\/smarvet.eu\/","name":"Smarvet","description":"","potentialAction":[{"@type":"SearchAction","target":{"@type":"EntryPoint","urlTemplate":"https:\/\/smarvet.eu\/?s={search_term_string}"},"query-input":{"@type":"PropertyValueSpecification","valueRequired":true,"valueName":"search_term_string"}}],"inLanguage":"bs-BA"}]}},"jetpack_sharing_enabled":true,"_links":{"self":[{"href":"https:\/\/smarvet.eu\/bs\/wp-json\/wp\/v2\/product\/272","targetHints":{"allow":["GET"]}}],"collection":[{"href":"https:\/\/smarvet.eu\/bs\/wp-json\/wp\/v2\/product"}],"about":[{"href":"https:\/\/smarvet.eu\/bs\/wp-json\/wp\/v2\/types\/product"}],"wp:featuredmedia":[{"embeddable":true,"href":"https:\/\/smarvet.eu\/bs\/wp-json\/wp\/v2\/media\/1238"}],"wp:attachment":[{"href":"https:\/\/smarvet.eu\/bs\/wp-json\/wp\/v2\/media?parent=272"}],"wp:term":[{"taxonomy":"product_brand","embeddable":true,"href":"https:\/\/smarvet.eu\/bs\/wp-json\/wp\/v2\/product_brand?post=272"},{"taxonomy":"product_cat","embeddable":true,"href":"https:\/\/smarvet.eu\/bs\/wp-json\/wp\/v2\/product_cat?post=272"},{"taxonomy":"product_tag","embeddable":true,"href":"https:\/\/smarvet.eu\/bs\/wp-json\/wp\/v2\/product_tag?post=272"}],"curies":[{"name":"wp","href":"https:\/\/api.w.org\/{rel}","templated":true}]}}