{"id":271,"date":"2025-02-14T04:07:30","date_gmt":"2025-02-14T04:07:30","guid":{"rendered":"https:\/\/smarvet.eu\/?post_type=product&#038;p=271"},"modified":"2026-03-13T07:44:17","modified_gmt":"2026-03-13T06:44:17","slug":"swedish-wall-bars-italian-style","status":"publish","type":"product","link":"https:\/\/smarvet.eu\/bs\/proizvod\/swedish-wall-bars-italian-style\/","title":{"rendered":"\u0160VEDSKE LJESTVE - ITALIJANSKI STANDARD"},"content":{"rendered":"<p data-start=\"0\" data-end=\"320\" class=\"translation-block\">Italijanski standard drvenih ljestvi nudi rafiniran i funkcionalan pristup treningu snage i fizi\u010dkom razvoju. Izra\u0111ene s elegancijom i precizno\u0161\u0107u, ove ljestve kombiniraju bezvremenski dizajn s robusnim performansama, \u010dine\u0107i ih savr\u0161enim za pobolj\u0161anje snage, fleksibilnosti i koordinacije.<\/p>\n<p data-start=\"322\" data-end=\"665\" data-is-last-node=\"\">Ideal for <strong data-start=\"332\" data-end=\"349\">gyms, schools<\/strong>, and <strong data-start=\"355\" data-end=\"381\">rehabilitation centers<\/strong>, these wall bars feature durable construction from <strong data-start=\"433\" data-end=\"460\">high-quality solid wood<\/strong>, ensuring stability and long-lasting use. They add a touch of sophistication to any training space while providing a reliable tool for a variety of exercises.<\/p>\n<p data-start=\"322\" data-end=\"665\" data-is-last-node=\"\"><a href=\"https:\/\/smarvet.eu\/wp-content\/uploads\/2025\/03\/SPORT-Collection-Catalog.pdf\" target=\"_blank\" rel=\"noopener\"><strong>Product Info Brochure<\/strong><\/a><\/p>","protected":false},"excerpt":{"rendered":"<p>Italijanski standard drvenih ljestvi za snagu, fleksibilnost, koordinaciju.<\/p>","protected":false},"featured_media":1886,"template":"","meta":[],"product_brand":[20],"product_cat":[47,35],"product_tag":[],"class_list":{"0":"post-271","1":"product","2":"type-product","3":"status-publish","4":"has-post-thumbnail","6":"product_brand-smarvet","7":"product_cat-swedish-wall-bars","8":"product_cat-sports-equipment","10":"first","11":"instock","12":"sold-individually","13":"shipping-taxable","14":"product-type-simple"},"yoast_head":"<!-- This site is optimized with the Yoast SEO plugin v27.3 - https:\/\/yoast.com\/product\/yoast-seo-wordpress\/ -->\n<title>SWEDISH WALL BARS \u2013 ITALIAN STANDARD - Smarvet<\/title>\n<meta name=\"robots\" content=\"index, follow, max-snippet:-1, max-image-preview:large, max-video-preview:-1\" \/>\n<link rel=\"canonical\" href=\"https:\/\/smarvet.eu\/bs\/proizvod\/swedish-wall-bars-italian-style\/\" \/>\n<meta property=\"og:locale\" content=\"bs_BA\" \/>\n<meta property=\"og:type\" content=\"article\" \/>\n<meta property=\"og:title\" content=\"SWEDISH WALL BARS \u2013 ITALIAN STANDARD - Smarvet\" \/>\n<meta property=\"og:description\" content=\"Italian standard wooden wall bars for strength, flexibility, coordination.\" \/>\n<meta property=\"og:url\" content=\"https:\/\/smarvet.eu\/bs\/proizvod\/swedish-wall-bars-italian-style\/\" \/>\n<meta property=\"og:site_name\" content=\"Smarvet\" \/>\n<meta property=\"article:modified_time\" content=\"2026-03-13T06:44:17+00:00\" \/>\n<meta property=\"og:image\" content=\"https:\/\/smarvet.eu\/wp-content\/uploads\/2025\/02\/svedske-ljestve-it.png\" \/>\n\t<meta property=\"og:image:width\" content=\"1024\" \/>\n\t<meta property=\"og:image:height\" content=\"1536\" \/>\n\t<meta property=\"og:image:type\" content=\"image\/png\" \/>\n<meta name=\"twitter:card\" content=\"summary_large_image\" \/>\n<meta name=\"twitter:label1\" content=\"Est. reading time\" \/>\n\t<meta name=\"twitter:data1\" content=\"1 minuta\" \/>\n<script type=\"application\/ld+json\" class=\"yoast-schema-graph\">{\"@context\":\"https:\\\/\\\/schema.org\",\"@graph\":[{\"@type\":\"WebPage\",\"@id\":\"https:\\\/\\\/smarvet.eu\\\/product\\\/swedish-wall-bars-italian-style\\\/\",\"url\":\"https:\\\/\\\/smarvet.eu\\\/product\\\/swedish-wall-bars-italian-style\\\/\",\"name\":\"SWEDISH WALL BARS \u2013 ITALIAN STANDARD - Smarvet\",\"isPartOf\":{\"@id\":\"https:\\\/\\\/smarvet.eu\\\/#website\"},\"primaryImageOfPage\":{\"@id\":\"https:\\\/\\\/smarvet.eu\\\/product\\\/swedish-wall-bars-italian-style\\\/#primaryimage\"},\"image\":{\"@id\":\"https:\\\/\\\/smarvet.eu\\\/product\\\/swedish-wall-bars-italian-style\\\/#primaryimage\"},\"thumbnailUrl\":\"https:\\\/\\\/smarvet.eu\\\/wp-content\\\/uploads\\\/2025\\\/02\\\/svedske-ljestve-it.png\",\"datePublished\":\"2025-02-14T04:07:30+00:00\",\"dateModified\":\"2026-03-13T06:44:17+00:00\",\"breadcrumb\":{\"@id\":\"https:\\\/\\\/smarvet.eu\\\/product\\\/swedish-wall-bars-italian-style\\\/#breadcrumb\"},\"inLanguage\":\"bs-BA\",\"potentialAction\":[{\"@type\":\"ReadAction\",\"target\":[\"https:\\\/\\\/smarvet.eu\\\/product\\\/swedish-wall-bars-italian-style\\\/\"]}]},{\"@type\":\"ImageObject\",\"inLanguage\":\"bs-BA\",\"@id\":\"https:\\\/\\\/smarvet.eu\\\/product\\\/swedish-wall-bars-italian-style\\\/#primaryimage\",\"url\":\"https:\\\/\\\/smarvet.eu\\\/wp-content\\\/uploads\\\/2025\\\/02\\\/svedske-ljestve-it.png\",\"contentUrl\":\"https:\\\/\\\/smarvet.eu\\\/wp-content\\\/uploads\\\/2025\\\/02\\\/svedske-ljestve-it.png\",\"width\":1024,\"height\":1536},{\"@type\":\"BreadcrumbList\",\"@id\":\"https:\\\/\\\/smarvet.eu\\\/product\\\/swedish-wall-bars-italian-style\\\/#breadcrumb\",\"itemListElement\":[{\"@type\":\"ListItem\",\"position\":1,\"name\":\"Home\",\"item\":\"https:\\\/\\\/smarvet.eu\\\/\"},{\"@type\":\"ListItem\",\"position\":2,\"name\":\"Products\",\"item\":\"https:\\\/\\\/smarvet.eu\\\/shop\\\/\"},{\"@type\":\"ListItem\",\"position\":3,\"name\":\"SWEDISH WALL BARS \u2013 ITALIAN STANDARD\"}]},{\"@type\":\"WebSite\",\"@id\":\"https:\\\/\\\/smarvet.eu\\\/#website\",\"url\":\"https:\\\/\\\/smarvet.eu\\\/\",\"name\":\"Smarvet\",\"description\":\"\",\"potentialAction\":[{\"@type\":\"SearchAction\",\"target\":{\"@type\":\"EntryPoint\",\"urlTemplate\":\"https:\\\/\\\/smarvet.eu\\\/?s={search_term_string}\"},\"query-input\":{\"@type\":\"PropertyValueSpecification\",\"valueRequired\":true,\"valueName\":\"search_term_string\"}}],\"inLanguage\":\"bs-BA\"}]}<\/script>\n<!-- \/ Yoast SEO plugin. -->","yoast_head_json":{"title":"SWEDISH WALL BARS \u2013 ITALIAN STANDARD - Smarvet","robots":{"index":"index","follow":"follow","max-snippet":"max-snippet:-1","max-image-preview":"max-image-preview:large","max-video-preview":"max-video-preview:-1"},"canonical":"https:\/\/smarvet.eu\/bs\/proizvod\/swedish-wall-bars-italian-style\/","og_locale":"bs_BA","og_type":"article","og_title":"SWEDISH WALL BARS \u2013 ITALIAN STANDARD - Smarvet","og_description":"Italian standard wooden wall bars for strength, flexibility, coordination.","og_url":"https:\/\/smarvet.eu\/bs\/proizvod\/swedish-wall-bars-italian-style\/","og_site_name":"Smarvet","article_modified_time":"2026-03-13T06:44:17+00:00","og_image":[{"width":1024,"height":1536,"url":"https:\/\/smarvet.eu\/wp-content\/uploads\/2025\/02\/svedske-ljestve-it.png","type":"image\/png"}],"twitter_card":"summary_large_image","twitter_misc":{"Est. reading time":"1 minuta"},"schema":{"@context":"https:\/\/schema.org","@graph":[{"@type":"WebPage","@id":"https:\/\/smarvet.eu\/product\/swedish-wall-bars-italian-style\/","url":"https:\/\/smarvet.eu\/product\/swedish-wall-bars-italian-style\/","name":"SWEDISH WALL BARS \u2013 ITALIAN STANDARD - Smarvet","isPartOf":{"@id":"https:\/\/smarvet.eu\/#website"},"primaryImageOfPage":{"@id":"https:\/\/smarvet.eu\/product\/swedish-wall-bars-italian-style\/#primaryimage"},"image":{"@id":"https:\/\/smarvet.eu\/product\/swedish-wall-bars-italian-style\/#primaryimage"},"thumbnailUrl":"https:\/\/smarvet.eu\/wp-content\/uploads\/2025\/02\/svedske-ljestve-it.png","datePublished":"2025-02-14T04:07:30+00:00","dateModified":"2026-03-13T06:44:17+00:00","breadcrumb":{"@id":"https:\/\/smarvet.eu\/product\/swedish-wall-bars-italian-style\/#breadcrumb"},"inLanguage":"bs-BA","potentialAction":[{"@type":"ReadAction","target":["https:\/\/smarvet.eu\/product\/swedish-wall-bars-italian-style\/"]}]},{"@type":"ImageObject","inLanguage":"bs-BA","@id":"https:\/\/smarvet.eu\/product\/swedish-wall-bars-italian-style\/#primaryimage","url":"https:\/\/smarvet.eu\/wp-content\/uploads\/2025\/02\/svedske-ljestve-it.png","contentUrl":"https:\/\/smarvet.eu\/wp-content\/uploads\/2025\/02\/svedske-ljestve-it.png","width":1024,"height":1536},{"@type":"BreadcrumbList","@id":"https:\/\/smarvet.eu\/product\/swedish-wall-bars-italian-style\/#breadcrumb","itemListElement":[{"@type":"ListItem","position":1,"name":"Home","item":"https:\/\/smarvet.eu\/"},{"@type":"ListItem","position":2,"name":"Products","item":"https:\/\/smarvet.eu\/shop\/"},{"@type":"ListItem","position":3,"name":"SWEDISH WALL BARS \u2013 ITALIAN STANDARD"}]},{"@type":"WebSite","@id":"https:\/\/smarvet.eu\/#website","url":"https:\/\/smarvet.eu\/","name":"Smarvet","description":"","potentialAction":[{"@type":"SearchAction","target":{"@type":"EntryPoint","urlTemplate":"https:\/\/smarvet.eu\/?s={search_term_string}"},"query-input":{"@type":"PropertyValueSpecification","valueRequired":true,"valueName":"search_term_string"}}],"inLanguage":"bs-BA"}]}},"jetpack_sharing_enabled":true,"_links":{"self":[{"href":"https:\/\/smarvet.eu\/bs\/wp-json\/wp\/v2\/product\/271","targetHints":{"allow":["GET"]}}],"collection":[{"href":"https:\/\/smarvet.eu\/bs\/wp-json\/wp\/v2\/product"}],"about":[{"href":"https:\/\/smarvet.eu\/bs\/wp-json\/wp\/v2\/types\/product"}],"wp:featuredmedia":[{"embeddable":true,"href":"https:\/\/smarvet.eu\/bs\/wp-json\/wp\/v2\/media\/1886"}],"wp:attachment":[{"href":"https:\/\/smarvet.eu\/bs\/wp-json\/wp\/v2\/media?parent=271"}],"wp:term":[{"taxonomy":"product_brand","embeddable":true,"href":"https:\/\/smarvet.eu\/bs\/wp-json\/wp\/v2\/product_brand?post=271"},{"taxonomy":"product_cat","embeddable":true,"href":"https:\/\/smarvet.eu\/bs\/wp-json\/wp\/v2\/product_cat?post=271"},{"taxonomy":"product_tag","embeddable":true,"href":"https:\/\/smarvet.eu\/bs\/wp-json\/wp\/v2\/product_tag?post=271"}],"curies":[{"name":"wp","href":"https:\/\/api.w.org\/{rel}","templated":true}]}}