{"id":261,"date":"2025-02-14T02:31:10","date_gmt":"2025-02-14T02:31:10","guid":{"rendered":"https:\/\/smarvet.eu\/?post_type=product&#038;p=261"},"modified":"2026-03-13T07:47:46","modified_gmt":"2026-03-13T06:47:46","slug":"swedish-wall-bars-standard","status":"publish","type":"product","link":"https:\/\/smarvet.eu\/bs\/proizvod\/swedish-wall-bars-standard\/","title":{"rendered":"\u0160VEDSKE LJESTVE - STANDARD"},"content":{"rendered":"<p class=\"translation-block\">\u0160vedske ljestve su svestran alat za trening dizajniran za pobolj\u0161anje snage, fleksibilnosti i koordinacije. Izra\u0111ene od visokokvalitetnog punog drva, pru\u017eaju \u010dvrstu i pouzdanu strukturu za razli\u010dite vje\u017ebe.<\/p>\n<p class=\"translation-block\">Dostupne u standardnom modelu, idealne za \u0161kole, teretane i rehabilitacijske centre, osiguravaju\u0107i izdr\u017eljivost, sigurnost i u\u010dinkovitost za profesionalni trening i terapiju.<\/p>\n<p data-start=\"1223\" data-end=\"1382\"><a href=\"https:\/\/smarvet.eu\/wp-content\/uploads\/2025\/03\/SPORT-Collection-Catalog.pdf\" target=\"_blank\" rel=\"noopener\"><strong>Product Info Brochure<\/strong><\/a><\/p>","protected":false},"excerpt":{"rendered":"<p>Svestrane drvene ljestve za snagu i fleksibilnost.<\/p>","protected":false},"featured_media":1887,"template":"","meta":[],"product_brand":[20],"product_cat":[47,35],"product_tag":[],"class_list":{"0":"post-261","1":"product","2":"type-product","3":"status-publish","4":"has-post-thumbnail","6":"product_brand-smarvet","7":"product_cat-swedish-wall-bars","8":"product_cat-sports-equipment","10":"first","11":"instock","12":"sold-individually","13":"shipping-taxable","14":"product-type-simple"},"yoast_head":"<!-- This site is optimized with the Yoast SEO plugin v27.3 - https:\/\/yoast.com\/product\/yoast-seo-wordpress\/ -->\n<title>SWEDISH WALL BARS \u2013 STANDARD - Smarvet<\/title>\n<meta name=\"robots\" content=\"index, follow, max-snippet:-1, max-image-preview:large, max-video-preview:-1\" \/>\n<link rel=\"canonical\" href=\"https:\/\/smarvet.eu\/bs\/proizvod\/swedish-wall-bars-standard\/\" \/>\n<meta property=\"og:locale\" content=\"bs_BA\" \/>\n<meta property=\"og:type\" content=\"article\" \/>\n<meta property=\"og:title\" content=\"SWEDISH WALL BARS \u2013 STANDARD - Smarvet\" \/>\n<meta property=\"og:description\" content=\"Versatile wooden wall bars for strength and flexibility.\" \/>\n<meta property=\"og:url\" content=\"https:\/\/smarvet.eu\/bs\/proizvod\/swedish-wall-bars-standard\/\" \/>\n<meta property=\"og:site_name\" content=\"Smarvet\" \/>\n<meta property=\"article:modified_time\" content=\"2026-03-13T06:47:46+00:00\" \/>\n<meta property=\"og:image\" content=\"https:\/\/smarvet.eu\/wp-content\/uploads\/2025\/02\/svedske-ljestve-st.png\" \/>\n\t<meta property=\"og:image:width\" content=\"1024\" \/>\n\t<meta property=\"og:image:height\" content=\"1536\" \/>\n\t<meta property=\"og:image:type\" content=\"image\/png\" \/>\n<meta name=\"twitter:card\" content=\"summary_large_image\" \/>\n<meta name=\"twitter:label1\" content=\"Est. reading time\" \/>\n\t<meta name=\"twitter:data1\" content=\"1 minuta\" \/>\n<script type=\"application\/ld+json\" class=\"yoast-schema-graph\">{\"@context\":\"https:\\\/\\\/schema.org\",\"@graph\":[{\"@type\":\"WebPage\",\"@id\":\"https:\\\/\\\/smarvet.eu\\\/product\\\/swedish-wall-bars-standard\\\/\",\"url\":\"https:\\\/\\\/smarvet.eu\\\/product\\\/swedish-wall-bars-standard\\\/\",\"name\":\"SWEDISH WALL BARS \u2013 STANDARD - Smarvet\",\"isPartOf\":{\"@id\":\"https:\\\/\\\/smarvet.eu\\\/#website\"},\"primaryImageOfPage\":{\"@id\":\"https:\\\/\\\/smarvet.eu\\\/product\\\/swedish-wall-bars-standard\\\/#primaryimage\"},\"image\":{\"@id\":\"https:\\\/\\\/smarvet.eu\\\/product\\\/swedish-wall-bars-standard\\\/#primaryimage\"},\"thumbnailUrl\":\"https:\\\/\\\/smarvet.eu\\\/wp-content\\\/uploads\\\/2025\\\/02\\\/svedske-ljestve-st.png\",\"datePublished\":\"2025-02-14T02:31:10+00:00\",\"dateModified\":\"2026-03-13T06:47:46+00:00\",\"breadcrumb\":{\"@id\":\"https:\\\/\\\/smarvet.eu\\\/product\\\/swedish-wall-bars-standard\\\/#breadcrumb\"},\"inLanguage\":\"bs-BA\",\"potentialAction\":[{\"@type\":\"ReadAction\",\"target\":[\"https:\\\/\\\/smarvet.eu\\\/product\\\/swedish-wall-bars-standard\\\/\"]}]},{\"@type\":\"ImageObject\",\"inLanguage\":\"bs-BA\",\"@id\":\"https:\\\/\\\/smarvet.eu\\\/product\\\/swedish-wall-bars-standard\\\/#primaryimage\",\"url\":\"https:\\\/\\\/smarvet.eu\\\/wp-content\\\/uploads\\\/2025\\\/02\\\/svedske-ljestve-st.png\",\"contentUrl\":\"https:\\\/\\\/smarvet.eu\\\/wp-content\\\/uploads\\\/2025\\\/02\\\/svedske-ljestve-st.png\",\"width\":1024,\"height\":1536},{\"@type\":\"BreadcrumbList\",\"@id\":\"https:\\\/\\\/smarvet.eu\\\/product\\\/swedish-wall-bars-standard\\\/#breadcrumb\",\"itemListElement\":[{\"@type\":\"ListItem\",\"position\":1,\"name\":\"Home\",\"item\":\"https:\\\/\\\/smarvet.eu\\\/\"},{\"@type\":\"ListItem\",\"position\":2,\"name\":\"Products\",\"item\":\"https:\\\/\\\/smarvet.eu\\\/shop\\\/\"},{\"@type\":\"ListItem\",\"position\":3,\"name\":\"SWEDISH WALL BARS \u2013 STANDARD\"}]},{\"@type\":\"WebSite\",\"@id\":\"https:\\\/\\\/smarvet.eu\\\/#website\",\"url\":\"https:\\\/\\\/smarvet.eu\\\/\",\"name\":\"Smarvet\",\"description\":\"\",\"potentialAction\":[{\"@type\":\"SearchAction\",\"target\":{\"@type\":\"EntryPoint\",\"urlTemplate\":\"https:\\\/\\\/smarvet.eu\\\/?s={search_term_string}\"},\"query-input\":{\"@type\":\"PropertyValueSpecification\",\"valueRequired\":true,\"valueName\":\"search_term_string\"}}],\"inLanguage\":\"bs-BA\"}]}<\/script>\n<!-- \/ Yoast SEO plugin. -->","yoast_head_json":{"title":"SWEDISH WALL BARS \u2013 STANDARD - Smarvet","robots":{"index":"index","follow":"follow","max-snippet":"max-snippet:-1","max-image-preview":"max-image-preview:large","max-video-preview":"max-video-preview:-1"},"canonical":"https:\/\/smarvet.eu\/bs\/proizvod\/swedish-wall-bars-standard\/","og_locale":"bs_BA","og_type":"article","og_title":"SWEDISH WALL BARS \u2013 STANDARD - Smarvet","og_description":"Versatile wooden wall bars for strength and flexibility.","og_url":"https:\/\/smarvet.eu\/bs\/proizvod\/swedish-wall-bars-standard\/","og_site_name":"Smarvet","article_modified_time":"2026-03-13T06:47:46+00:00","og_image":[{"width":1024,"height":1536,"url":"https:\/\/smarvet.eu\/wp-content\/uploads\/2025\/02\/svedske-ljestve-st.png","type":"image\/png"}],"twitter_card":"summary_large_image","twitter_misc":{"Est. reading time":"1 minuta"},"schema":{"@context":"https:\/\/schema.org","@graph":[{"@type":"WebPage","@id":"https:\/\/smarvet.eu\/product\/swedish-wall-bars-standard\/","url":"https:\/\/smarvet.eu\/product\/swedish-wall-bars-standard\/","name":"SWEDISH WALL BARS \u2013 STANDARD - Smarvet","isPartOf":{"@id":"https:\/\/smarvet.eu\/#website"},"primaryImageOfPage":{"@id":"https:\/\/smarvet.eu\/product\/swedish-wall-bars-standard\/#primaryimage"},"image":{"@id":"https:\/\/smarvet.eu\/product\/swedish-wall-bars-standard\/#primaryimage"},"thumbnailUrl":"https:\/\/smarvet.eu\/wp-content\/uploads\/2025\/02\/svedske-ljestve-st.png","datePublished":"2025-02-14T02:31:10+00:00","dateModified":"2026-03-13T06:47:46+00:00","breadcrumb":{"@id":"https:\/\/smarvet.eu\/product\/swedish-wall-bars-standard\/#breadcrumb"},"inLanguage":"bs-BA","potentialAction":[{"@type":"ReadAction","target":["https:\/\/smarvet.eu\/product\/swedish-wall-bars-standard\/"]}]},{"@type":"ImageObject","inLanguage":"bs-BA","@id":"https:\/\/smarvet.eu\/product\/swedish-wall-bars-standard\/#primaryimage","url":"https:\/\/smarvet.eu\/wp-content\/uploads\/2025\/02\/svedske-ljestve-st.png","contentUrl":"https:\/\/smarvet.eu\/wp-content\/uploads\/2025\/02\/svedske-ljestve-st.png","width":1024,"height":1536},{"@type":"BreadcrumbList","@id":"https:\/\/smarvet.eu\/product\/swedish-wall-bars-standard\/#breadcrumb","itemListElement":[{"@type":"ListItem","position":1,"name":"Home","item":"https:\/\/smarvet.eu\/"},{"@type":"ListItem","position":2,"name":"Products","item":"https:\/\/smarvet.eu\/shop\/"},{"@type":"ListItem","position":3,"name":"SWEDISH WALL BARS \u2013 STANDARD"}]},{"@type":"WebSite","@id":"https:\/\/smarvet.eu\/#website","url":"https:\/\/smarvet.eu\/","name":"Smarvet","description":"","potentialAction":[{"@type":"SearchAction","target":{"@type":"EntryPoint","urlTemplate":"https:\/\/smarvet.eu\/?s={search_term_string}"},"query-input":{"@type":"PropertyValueSpecification","valueRequired":true,"valueName":"search_term_string"}}],"inLanguage":"bs-BA"}]}},"jetpack_sharing_enabled":true,"_links":{"self":[{"href":"https:\/\/smarvet.eu\/bs\/wp-json\/wp\/v2\/product\/261","targetHints":{"allow":["GET"]}}],"collection":[{"href":"https:\/\/smarvet.eu\/bs\/wp-json\/wp\/v2\/product"}],"about":[{"href":"https:\/\/smarvet.eu\/bs\/wp-json\/wp\/v2\/types\/product"}],"wp:featuredmedia":[{"embeddable":true,"href":"https:\/\/smarvet.eu\/bs\/wp-json\/wp\/v2\/media\/1887"}],"wp:attachment":[{"href":"https:\/\/smarvet.eu\/bs\/wp-json\/wp\/v2\/media?parent=261"}],"wp:term":[{"taxonomy":"product_brand","embeddable":true,"href":"https:\/\/smarvet.eu\/bs\/wp-json\/wp\/v2\/product_brand?post=261"},{"taxonomy":"product_cat","embeddable":true,"href":"https:\/\/smarvet.eu\/bs\/wp-json\/wp\/v2\/product_cat?post=261"},{"taxonomy":"product_tag","embeddable":true,"href":"https:\/\/smarvet.eu\/bs\/wp-json\/wp\/v2\/product_tag?post=261"}],"curies":[{"name":"wp","href":"https:\/\/api.w.org\/{rel}","templated":true}]}}