{"id":188,"date":"2025-02-13T22:59:17","date_gmt":"2025-02-13T22:59:17","guid":{"rendered":"https:\/\/smarvet.eu\/?post_type=product&#038;p=188"},"modified":"2025-03-03T14:03:39","modified_gmt":"2025-03-03T14:03:39","slug":"inat-vanity-table","status":"publish","type":"product","link":"https:\/\/smarvet.eu\/bs\/proizvod\/inat-vanity-table\/","title":{"rendered":"STANICA ZA ULJEP\u0160AVANJE INAT"},"content":{"rendered":"<p class=\"translation-block\">Upotpunite izgled svoje spava\u0107e sobe s Inat stolom za uljep\u0161avanje, komadom koji odi\u0161e luksuzom, jednostavno\u0161\u0107u i bezvremenskim dizajnom.<\/p>\n<p class=\"translation-block\">Izra\u0111en od masivnog jasenovog drveta, ovaj stol savr\u0161eno se uklapa u sofisticirane interijere, nude\u0107i estetski dojam i prakti\u010dna rje\u0161enja za pohranu. \u010cisti, minimalisti\u010dki dizajn nagla\u0161ava prirodnu teksturu drveta, \u010dine\u0107i ga svestranim dodatkom svakom prostoru. S obiljem povr\u0161inskog prostora i dobro dizajniranim odjeljcima za pohranu, Inat stol za uljep\u0161avanje pru\u017ea sve \u0161to vam je potrebno za uredan, elegantan prostor u kojem \u0107ete se pripremiti za nadolaze\u0107i dan.<\/p>\n<p>Inat <strong data-start=\"60\" data-end=\"81\">Ogledalo <\/strong>je dostupan kao dodatak<a href=\"https:\/\/smarvet.eu\/bs\/shop\/additions-extras\/mirror\/inat-mirror\/\"><strong data-start=\"60\" data-end=\"81\"> ovdje.<\/strong><\/a><\/p>\n<p><em><strong>Dizajnirao Edin Li\u010dina<\/strong><\/em><br \/>\n<img fetchpriority=\"high\" decoding=\"async\" class=\"alignleft wp-image-1162 size-large\" src=\"https:\/\/smarvet.eu\/wp-content\/uploads\/2025\/02\/designer_edin-scaled-e1740061608439-1520x710.jpg\" alt=\"\" width=\"1520\" height=\"710\" srcset=\"https:\/\/smarvet.eu\/wp-content\/uploads\/2025\/02\/designer_edin-scaled-e1740061608439-1520x710.jpg 1520w, https:\/\/smarvet.eu\/wp-content\/uploads\/2025\/02\/designer_edin-scaled-e1740061608439-460x215.jpg 460w, https:\/\/smarvet.eu\/wp-content\/uploads\/2025\/02\/designer_edin-scaled-e1740061608439-760x355.jpg 760w, https:\/\/smarvet.eu\/wp-content\/uploads\/2025\/02\/designer_edin-scaled-e1740061608439-18x8.jpg 18w, https:\/\/smarvet.eu\/wp-content\/uploads\/2025\/02\/designer_edin-scaled-e1740061608439-920x430.jpg 920w, https:\/\/smarvet.eu\/wp-content\/uploads\/2025\/02\/designer_edin-scaled-e1740061608439-310x145.jpg 310w, https:\/\/smarvet.eu\/wp-content\/uploads\/2025\/02\/designer_edin-scaled-e1740061608439-621x290.jpg 621w\" sizes=\"(max-width: 1520px) 100vw, 1520px\" \/><\/p>\n<p>&nbsp;<\/p>","protected":false},"excerpt":{"rendered":"<p>Primjerak koji odi\u0161e luksuzom, jednostavno\u0161\u0107u i bezvremenskim dizajnom.<\/p>\n<p>&nbsp;<\/p>","protected":false},"featured_media":884,"template":"","meta":[],"product_brand":[20],"product_cat":[55,36],"product_tag":[],"class_list":{"0":"post-188","1":"product","2":"type-product","3":"status-publish","4":"has-post-thumbnail","6":"product_brand-smarvet","7":"product_cat-make-up-vanity","8":"product_cat-additions-extras","10":"first","11":"instock","12":"sold-individually","13":"shipping-taxable","14":"product-type-variable"},"yoast_head":"<!-- This site is optimized with the Yoast SEO plugin v27.3 - https:\/\/yoast.com\/product\/yoast-seo-wordpress\/ -->\n<title>INAT VANITY TABLE - Smarvet<\/title>\n<meta name=\"robots\" content=\"index, follow, max-snippet:-1, max-image-preview:large, max-video-preview:-1\" \/>\n<link rel=\"canonical\" href=\"https:\/\/smarvet.eu\/bs\/proizvod\/inat-vanity-table\/\" \/>\n<meta property=\"og:locale\" content=\"bs_BA\" \/>\n<meta property=\"og:type\" content=\"article\" \/>\n<meta property=\"og:title\" content=\"INAT VANITY TABLE - Smarvet\" \/>\n<meta property=\"og:description\" content=\"Statement piece that embodies luxury, functionality, and timeless design.  &nbsp;\" \/>\n<meta property=\"og:url\" content=\"https:\/\/smarvet.eu\/bs\/proizvod\/inat-vanity-table\/\" \/>\n<meta property=\"og:site_name\" content=\"Smarvet\" \/>\n<meta property=\"article:modified_time\" content=\"2025-03-03T14:03:39+00:00\" \/>\n<meta property=\"og:image\" content=\"https:\/\/smarvet.eu\/wp-content\/uploads\/2025\/02\/inat-vanity-table-bio-oil.jpg\" \/>\n\t<meta property=\"og:image:width\" content=\"1600\" \/>\n\t<meta property=\"og:image:height\" content=\"610\" \/>\n\t<meta property=\"og:image:type\" content=\"image\/jpeg\" \/>\n<meta name=\"twitter:card\" content=\"summary_large_image\" \/>\n<meta name=\"twitter:label1\" content=\"Est. reading time\" \/>\n\t<meta name=\"twitter:data1\" content=\"1 minuta\" \/>\n<script type=\"application\/ld+json\" class=\"yoast-schema-graph\">{\"@context\":\"https:\\\/\\\/schema.org\",\"@graph\":[{\"@type\":\"WebPage\",\"@id\":\"https:\\\/\\\/smarvet.eu\\\/product\\\/inat-vanity-table\\\/\",\"url\":\"https:\\\/\\\/smarvet.eu\\\/product\\\/inat-vanity-table\\\/\",\"name\":\"INAT VANITY TABLE - Smarvet\",\"isPartOf\":{\"@id\":\"https:\\\/\\\/smarvet.eu\\\/#website\"},\"primaryImageOfPage\":{\"@id\":\"https:\\\/\\\/smarvet.eu\\\/product\\\/inat-vanity-table\\\/#primaryimage\"},\"image\":{\"@id\":\"https:\\\/\\\/smarvet.eu\\\/product\\\/inat-vanity-table\\\/#primaryimage\"},\"thumbnailUrl\":\"https:\\\/\\\/smarvet.eu\\\/wp-content\\\/uploads\\\/2025\\\/02\\\/inat-vanity-table-bio-oil.jpg\",\"datePublished\":\"2025-02-13T22:59:17+00:00\",\"dateModified\":\"2025-03-03T14:03:39+00:00\",\"breadcrumb\":{\"@id\":\"https:\\\/\\\/smarvet.eu\\\/product\\\/inat-vanity-table\\\/#breadcrumb\"},\"inLanguage\":\"bs-BA\",\"potentialAction\":[{\"@type\":\"ReadAction\",\"target\":[\"https:\\\/\\\/smarvet.eu\\\/product\\\/inat-vanity-table\\\/\"]}]},{\"@type\":\"ImageObject\",\"inLanguage\":\"bs-BA\",\"@id\":\"https:\\\/\\\/smarvet.eu\\\/product\\\/inat-vanity-table\\\/#primaryimage\",\"url\":\"https:\\\/\\\/smarvet.eu\\\/wp-content\\\/uploads\\\/2025\\\/02\\\/inat-vanity-table-bio-oil.jpg\",\"contentUrl\":\"https:\\\/\\\/smarvet.eu\\\/wp-content\\\/uploads\\\/2025\\\/02\\\/inat-vanity-table-bio-oil.jpg\",\"width\":1600,\"height\":610},{\"@type\":\"BreadcrumbList\",\"@id\":\"https:\\\/\\\/smarvet.eu\\\/product\\\/inat-vanity-table\\\/#breadcrumb\",\"itemListElement\":[{\"@type\":\"ListItem\",\"position\":1,\"name\":\"Home\",\"item\":\"https:\\\/\\\/smarvet.eu\\\/\"},{\"@type\":\"ListItem\",\"position\":2,\"name\":\"Products\",\"item\":\"https:\\\/\\\/smarvet.eu\\\/shop\\\/\"},{\"@type\":\"ListItem\",\"position\":3,\"name\":\"INAT VANITY TABLE\"}]},{\"@type\":\"WebSite\",\"@id\":\"https:\\\/\\\/smarvet.eu\\\/#website\",\"url\":\"https:\\\/\\\/smarvet.eu\\\/\",\"name\":\"Smarvet\",\"description\":\"\",\"potentialAction\":[{\"@type\":\"SearchAction\",\"target\":{\"@type\":\"EntryPoint\",\"urlTemplate\":\"https:\\\/\\\/smarvet.eu\\\/?s={search_term_string}\"},\"query-input\":{\"@type\":\"PropertyValueSpecification\",\"valueRequired\":true,\"valueName\":\"search_term_string\"}}],\"inLanguage\":\"bs-BA\"}]}<\/script>\n<!-- \/ Yoast SEO plugin. -->","yoast_head_json":{"title":"INAT VANITY TABLE - Smarvet","robots":{"index":"index","follow":"follow","max-snippet":"max-snippet:-1","max-image-preview":"max-image-preview:large","max-video-preview":"max-video-preview:-1"},"canonical":"https:\/\/smarvet.eu\/bs\/proizvod\/inat-vanity-table\/","og_locale":"bs_BA","og_type":"article","og_title":"INAT VANITY TABLE - Smarvet","og_description":"Statement piece that embodies luxury, functionality, and timeless design.  &nbsp;","og_url":"https:\/\/smarvet.eu\/bs\/proizvod\/inat-vanity-table\/","og_site_name":"Smarvet","article_modified_time":"2025-03-03T14:03:39+00:00","og_image":[{"width":1600,"height":610,"url":"https:\/\/smarvet.eu\/wp-content\/uploads\/2025\/02\/inat-vanity-table-bio-oil.jpg","type":"image\/jpeg"}],"twitter_card":"summary_large_image","twitter_misc":{"Est. reading time":"1 minuta"},"schema":{"@context":"https:\/\/schema.org","@graph":[{"@type":"WebPage","@id":"https:\/\/smarvet.eu\/product\/inat-vanity-table\/","url":"https:\/\/smarvet.eu\/product\/inat-vanity-table\/","name":"INAT VANITY TABLE - Smarvet","isPartOf":{"@id":"https:\/\/smarvet.eu\/#website"},"primaryImageOfPage":{"@id":"https:\/\/smarvet.eu\/product\/inat-vanity-table\/#primaryimage"},"image":{"@id":"https:\/\/smarvet.eu\/product\/inat-vanity-table\/#primaryimage"},"thumbnailUrl":"https:\/\/smarvet.eu\/wp-content\/uploads\/2025\/02\/inat-vanity-table-bio-oil.jpg","datePublished":"2025-02-13T22:59:17+00:00","dateModified":"2025-03-03T14:03:39+00:00","breadcrumb":{"@id":"https:\/\/smarvet.eu\/product\/inat-vanity-table\/#breadcrumb"},"inLanguage":"bs-BA","potentialAction":[{"@type":"ReadAction","target":["https:\/\/smarvet.eu\/product\/inat-vanity-table\/"]}]},{"@type":"ImageObject","inLanguage":"bs-BA","@id":"https:\/\/smarvet.eu\/product\/inat-vanity-table\/#primaryimage","url":"https:\/\/smarvet.eu\/wp-content\/uploads\/2025\/02\/inat-vanity-table-bio-oil.jpg","contentUrl":"https:\/\/smarvet.eu\/wp-content\/uploads\/2025\/02\/inat-vanity-table-bio-oil.jpg","width":1600,"height":610},{"@type":"BreadcrumbList","@id":"https:\/\/smarvet.eu\/product\/inat-vanity-table\/#breadcrumb","itemListElement":[{"@type":"ListItem","position":1,"name":"Home","item":"https:\/\/smarvet.eu\/"},{"@type":"ListItem","position":2,"name":"Products","item":"https:\/\/smarvet.eu\/shop\/"},{"@type":"ListItem","position":3,"name":"INAT VANITY TABLE"}]},{"@type":"WebSite","@id":"https:\/\/smarvet.eu\/#website","url":"https:\/\/smarvet.eu\/","name":"Smarvet","description":"","potentialAction":[{"@type":"SearchAction","target":{"@type":"EntryPoint","urlTemplate":"https:\/\/smarvet.eu\/?s={search_term_string}"},"query-input":{"@type":"PropertyValueSpecification","valueRequired":true,"valueName":"search_term_string"}}],"inLanguage":"bs-BA"}]}},"jetpack_sharing_enabled":true,"_links":{"self":[{"href":"https:\/\/smarvet.eu\/bs\/wp-json\/wp\/v2\/product\/188","targetHints":{"allow":["GET"]}}],"collection":[{"href":"https:\/\/smarvet.eu\/bs\/wp-json\/wp\/v2\/product"}],"about":[{"href":"https:\/\/smarvet.eu\/bs\/wp-json\/wp\/v2\/types\/product"}],"wp:featuredmedia":[{"embeddable":true,"href":"https:\/\/smarvet.eu\/bs\/wp-json\/wp\/v2\/media\/884"}],"wp:attachment":[{"href":"https:\/\/smarvet.eu\/bs\/wp-json\/wp\/v2\/media?parent=188"}],"wp:term":[{"taxonomy":"product_brand","embeddable":true,"href":"https:\/\/smarvet.eu\/bs\/wp-json\/wp\/v2\/product_brand?post=188"},{"taxonomy":"product_cat","embeddable":true,"href":"https:\/\/smarvet.eu\/bs\/wp-json\/wp\/v2\/product_cat?post=188"},{"taxonomy":"product_tag","embeddable":true,"href":"https:\/\/smarvet.eu\/bs\/wp-json\/wp\/v2\/product_tag?post=188"}],"curies":[{"name":"wp","href":"https:\/\/api.w.org\/{rel}","templated":true}]}}