{"id":187,"date":"2025-02-13T22:58:39","date_gmt":"2025-02-13T22:58:39","guid":{"rendered":"https:\/\/smarvet.eu\/?post_type=product&#038;p=187"},"modified":"2025-03-03T14:04:46","modified_gmt":"2025-03-03T14:04:46","slug":"inat-mirror","status":"publish","type":"product","link":"https:\/\/smarvet.eu\/bs\/proizvod\/inat-mirror\/","title":{"rendered":"OGLEDALO INAT"},"content":{"rendered":"<p class=\"translation-block\">Upotpunite svoj beauty kutak s Inat ogledalom, dizajniranim da nadopuni stol za uljep\u0161avanje u smislu forme i funkcije.<\/p>\n<p class=\"translation-block\">Izra\u0111eno od istog masivnog jasenovog drveta, ovo ogledalo ima elegantan okvir koji nagla\u0161ava njegov moderan, ali bezvremenski izgled. Njegova velika reflektivna povr\u0161ina pru\u017ea jasan, neometan pogled, osiguravaju\u0107i da izgledate najbolje svaki put. Bilo da je upareno s Inat stolom za uljep\u0161avanje ili kori\u0161ten samostalno, ogledalo Inat dodaje da\u0161ak elegancije i prakti\u010dnosti va\u0161em prostoru.<\/p>\n<p><em><strong>Dizajnirao Edin Li\u010dina<\/strong><\/em><br \/>\n<img fetchpriority=\"high\" decoding=\"async\" class=\"alignleft wp-image-1162 size-large\" src=\"https:\/\/smarvet.eu\/wp-content\/uploads\/2025\/02\/designer_edin-scaled-e1740061608439-1520x710.jpg\" alt=\"\" width=\"1520\" height=\"710\" srcset=\"https:\/\/smarvet.eu\/wp-content\/uploads\/2025\/02\/designer_edin-scaled-e1740061608439-1520x710.jpg 1520w, https:\/\/smarvet.eu\/wp-content\/uploads\/2025\/02\/designer_edin-scaled-e1740061608439-460x215.jpg 460w, https:\/\/smarvet.eu\/wp-content\/uploads\/2025\/02\/designer_edin-scaled-e1740061608439-760x355.jpg 760w, https:\/\/smarvet.eu\/wp-content\/uploads\/2025\/02\/designer_edin-scaled-e1740061608439-18x8.jpg 18w, https:\/\/smarvet.eu\/wp-content\/uploads\/2025\/02\/designer_edin-scaled-e1740061608439-920x430.jpg 920w, https:\/\/smarvet.eu\/wp-content\/uploads\/2025\/02\/designer_edin-scaled-e1740061608439-310x145.jpg 310w, https:\/\/smarvet.eu\/wp-content\/uploads\/2025\/02\/designer_edin-scaled-e1740061608439-621x290.jpg 621w\" sizes=\"(max-width: 1520px) 100vw, 1520px\" \/><\/p>\n<p>&nbsp;<\/p>","protected":false},"excerpt":{"rendered":"<p>Komad koji odi\u0161e luksuzom, jednostavno\u0161\u0107u i bezvremenskim dizajnom.<\/p>","protected":false},"featured_media":886,"template":"","meta":[],"product_brand":[20],"product_cat":[56,36],"product_tag":[],"class_list":{"0":"post-187","1":"product","2":"type-product","3":"status-publish","4":"has-post-thumbnail","6":"product_brand-smarvet","7":"product_cat-mirror","8":"product_cat-additions-extras","10":"first","11":"instock","12":"sold-individually","13":"shipping-taxable","14":"product-type-variable"},"yoast_head":"<!-- This site is optimized with the Yoast SEO plugin v27.3 - https:\/\/yoast.com\/product\/yoast-seo-wordpress\/ -->\n<title>INAT MIRROR - Smarvet<\/title>\n<meta name=\"robots\" content=\"index, follow, max-snippet:-1, max-image-preview:large, max-video-preview:-1\" \/>\n<link rel=\"canonical\" href=\"https:\/\/smarvet.eu\/bs\/proizvod\/inat-mirror\/\" \/>\n<meta property=\"og:locale\" content=\"bs_BA\" \/>\n<meta property=\"og:type\" content=\"article\" \/>\n<meta property=\"og:title\" content=\"INAT MIRROR - Smarvet\" \/>\n<meta property=\"og:description\" content=\"Statement piece that embodies luxury, simplicity, and timeless design.\" \/>\n<meta property=\"og:url\" content=\"https:\/\/smarvet.eu\/bs\/proizvod\/inat-mirror\/\" \/>\n<meta property=\"og:site_name\" content=\"Smarvet\" \/>\n<meta property=\"article:modified_time\" content=\"2025-03-03T14:04:46+00:00\" \/>\n<meta property=\"og:image\" content=\"https:\/\/smarvet.eu\/wp-content\/uploads\/2025\/02\/inat-mirror-bio-oil.jpg\" \/>\n\t<meta property=\"og:image:width\" content=\"1205\" \/>\n\t<meta property=\"og:image:height\" content=\"467\" \/>\n\t<meta property=\"og:image:type\" content=\"image\/jpeg\" \/>\n<meta name=\"twitter:card\" content=\"summary_large_image\" \/>\n<meta name=\"twitter:label1\" content=\"Est. reading time\" \/>\n\t<meta name=\"twitter:data1\" content=\"1 minuta\" \/>\n<script type=\"application\/ld+json\" class=\"yoast-schema-graph\">{\"@context\":\"https:\\\/\\\/schema.org\",\"@graph\":[{\"@type\":\"WebPage\",\"@id\":\"https:\\\/\\\/smarvet.eu\\\/product\\\/inat-mirror\\\/\",\"url\":\"https:\\\/\\\/smarvet.eu\\\/product\\\/inat-mirror\\\/\",\"name\":\"INAT MIRROR - Smarvet\",\"isPartOf\":{\"@id\":\"https:\\\/\\\/smarvet.eu\\\/#website\"},\"primaryImageOfPage\":{\"@id\":\"https:\\\/\\\/smarvet.eu\\\/product\\\/inat-mirror\\\/#primaryimage\"},\"image\":{\"@id\":\"https:\\\/\\\/smarvet.eu\\\/product\\\/inat-mirror\\\/#primaryimage\"},\"thumbnailUrl\":\"https:\\\/\\\/smarvet.eu\\\/wp-content\\\/uploads\\\/2025\\\/02\\\/inat-mirror-bio-oil.jpg\",\"datePublished\":\"2025-02-13T22:58:39+00:00\",\"dateModified\":\"2025-03-03T14:04:46+00:00\",\"breadcrumb\":{\"@id\":\"https:\\\/\\\/smarvet.eu\\\/product\\\/inat-mirror\\\/#breadcrumb\"},\"inLanguage\":\"bs-BA\",\"potentialAction\":[{\"@type\":\"ReadAction\",\"target\":[\"https:\\\/\\\/smarvet.eu\\\/product\\\/inat-mirror\\\/\"]}]},{\"@type\":\"ImageObject\",\"inLanguage\":\"bs-BA\",\"@id\":\"https:\\\/\\\/smarvet.eu\\\/product\\\/inat-mirror\\\/#primaryimage\",\"url\":\"https:\\\/\\\/smarvet.eu\\\/wp-content\\\/uploads\\\/2025\\\/02\\\/inat-mirror-bio-oil.jpg\",\"contentUrl\":\"https:\\\/\\\/smarvet.eu\\\/wp-content\\\/uploads\\\/2025\\\/02\\\/inat-mirror-bio-oil.jpg\",\"width\":1205,\"height\":467},{\"@type\":\"BreadcrumbList\",\"@id\":\"https:\\\/\\\/smarvet.eu\\\/product\\\/inat-mirror\\\/#breadcrumb\",\"itemListElement\":[{\"@type\":\"ListItem\",\"position\":1,\"name\":\"Home\",\"item\":\"https:\\\/\\\/smarvet.eu\\\/\"},{\"@type\":\"ListItem\",\"position\":2,\"name\":\"Products\",\"item\":\"https:\\\/\\\/smarvet.eu\\\/shop\\\/\"},{\"@type\":\"ListItem\",\"position\":3,\"name\":\"INAT MIRROR\"}]},{\"@type\":\"WebSite\",\"@id\":\"https:\\\/\\\/smarvet.eu\\\/#website\",\"url\":\"https:\\\/\\\/smarvet.eu\\\/\",\"name\":\"Smarvet\",\"description\":\"\",\"potentialAction\":[{\"@type\":\"SearchAction\",\"target\":{\"@type\":\"EntryPoint\",\"urlTemplate\":\"https:\\\/\\\/smarvet.eu\\\/?s={search_term_string}\"},\"query-input\":{\"@type\":\"PropertyValueSpecification\",\"valueRequired\":true,\"valueName\":\"search_term_string\"}}],\"inLanguage\":\"bs-BA\"}]}<\/script>\n<!-- \/ Yoast SEO plugin. -->","yoast_head_json":{"title":"INAT MIRROR - Smarvet","robots":{"index":"index","follow":"follow","max-snippet":"max-snippet:-1","max-image-preview":"max-image-preview:large","max-video-preview":"max-video-preview:-1"},"canonical":"https:\/\/smarvet.eu\/bs\/proizvod\/inat-mirror\/","og_locale":"bs_BA","og_type":"article","og_title":"INAT MIRROR - Smarvet","og_description":"Statement piece that embodies luxury, simplicity, and timeless design.","og_url":"https:\/\/smarvet.eu\/bs\/proizvod\/inat-mirror\/","og_site_name":"Smarvet","article_modified_time":"2025-03-03T14:04:46+00:00","og_image":[{"width":1205,"height":467,"url":"https:\/\/smarvet.eu\/wp-content\/uploads\/2025\/02\/inat-mirror-bio-oil.jpg","type":"image\/jpeg"}],"twitter_card":"summary_large_image","twitter_misc":{"Est. reading time":"1 minuta"},"schema":{"@context":"https:\/\/schema.org","@graph":[{"@type":"WebPage","@id":"https:\/\/smarvet.eu\/product\/inat-mirror\/","url":"https:\/\/smarvet.eu\/product\/inat-mirror\/","name":"INAT MIRROR - Smarvet","isPartOf":{"@id":"https:\/\/smarvet.eu\/#website"},"primaryImageOfPage":{"@id":"https:\/\/smarvet.eu\/product\/inat-mirror\/#primaryimage"},"image":{"@id":"https:\/\/smarvet.eu\/product\/inat-mirror\/#primaryimage"},"thumbnailUrl":"https:\/\/smarvet.eu\/wp-content\/uploads\/2025\/02\/inat-mirror-bio-oil.jpg","datePublished":"2025-02-13T22:58:39+00:00","dateModified":"2025-03-03T14:04:46+00:00","breadcrumb":{"@id":"https:\/\/smarvet.eu\/product\/inat-mirror\/#breadcrumb"},"inLanguage":"bs-BA","potentialAction":[{"@type":"ReadAction","target":["https:\/\/smarvet.eu\/product\/inat-mirror\/"]}]},{"@type":"ImageObject","inLanguage":"bs-BA","@id":"https:\/\/smarvet.eu\/product\/inat-mirror\/#primaryimage","url":"https:\/\/smarvet.eu\/wp-content\/uploads\/2025\/02\/inat-mirror-bio-oil.jpg","contentUrl":"https:\/\/smarvet.eu\/wp-content\/uploads\/2025\/02\/inat-mirror-bio-oil.jpg","width":1205,"height":467},{"@type":"BreadcrumbList","@id":"https:\/\/smarvet.eu\/product\/inat-mirror\/#breadcrumb","itemListElement":[{"@type":"ListItem","position":1,"name":"Home","item":"https:\/\/smarvet.eu\/"},{"@type":"ListItem","position":2,"name":"Products","item":"https:\/\/smarvet.eu\/shop\/"},{"@type":"ListItem","position":3,"name":"INAT MIRROR"}]},{"@type":"WebSite","@id":"https:\/\/smarvet.eu\/#website","url":"https:\/\/smarvet.eu\/","name":"Smarvet","description":"","potentialAction":[{"@type":"SearchAction","target":{"@type":"EntryPoint","urlTemplate":"https:\/\/smarvet.eu\/?s={search_term_string}"},"query-input":{"@type":"PropertyValueSpecification","valueRequired":true,"valueName":"search_term_string"}}],"inLanguage":"bs-BA"}]}},"jetpack_sharing_enabled":true,"_links":{"self":[{"href":"https:\/\/smarvet.eu\/bs\/wp-json\/wp\/v2\/product\/187","targetHints":{"allow":["GET"]}}],"collection":[{"href":"https:\/\/smarvet.eu\/bs\/wp-json\/wp\/v2\/product"}],"about":[{"href":"https:\/\/smarvet.eu\/bs\/wp-json\/wp\/v2\/types\/product"}],"wp:featuredmedia":[{"embeddable":true,"href":"https:\/\/smarvet.eu\/bs\/wp-json\/wp\/v2\/media\/886"}],"wp:attachment":[{"href":"https:\/\/smarvet.eu\/bs\/wp-json\/wp\/v2\/media?parent=187"}],"wp:term":[{"taxonomy":"product_brand","embeddable":true,"href":"https:\/\/smarvet.eu\/bs\/wp-json\/wp\/v2\/product_brand?post=187"},{"taxonomy":"product_cat","embeddable":true,"href":"https:\/\/smarvet.eu\/bs\/wp-json\/wp\/v2\/product_cat?post=187"},{"taxonomy":"product_tag","embeddable":true,"href":"https:\/\/smarvet.eu\/bs\/wp-json\/wp\/v2\/product_tag?post=187"}],"curies":[{"name":"wp","href":"https:\/\/api.w.org\/{rel}","templated":true}]}}