{"id":186,"date":"2025-02-13T22:57:50","date_gmt":"2025-02-13T22:57:50","guid":{"rendered":"https:\/\/smarvet.eu\/?post_type=product&#038;p=186"},"modified":"2025-02-25T18:00:24","modified_gmt":"2025-02-25T18:00:24","slug":"luna-swedish-ladder","status":"publish","type":"product","link":"https:\/\/smarvet.eu\/bs\/proizvod\/luna-swedish-ladder\/","title":{"rendered":"LUNA \u0160VEDSKE LJESTVE"},"content":{"rendered":"<p class=\"translation-block\">LUNA \u0161vedske ljestve dizajnirane su za poticanje fizi\u010dke aktivnosti, razvoj motorike i zdravih navika kod djece.<\/p>\n<p class=\"translation-block\">Izra\u0111ene od masivnog bukovog drveta, ove \u0161vedske zidne ljestve nude svestrano rje\u0161enje za igru i vje\u017ebanje. Idealne za djecu svih uzrasta, ljestve poti\u010du penjanje, vise\u0107e vje\u017ebe i istezanje, podr\u017eavaju\u0107i fizi\u010dki rast i koordinaciju. Savr\u0161ene za kori\u0161tenje u baby sobama ili igraonicama, LUNA \u0161vedske ljestve pru\u017eaju zabavan i u\u010dinkovit na\u010din za odr\u017eavanje aktivnosti u zatvorenom prostoru, dok podsti\u010du snagu, ravnote\u017eu i samopouzdanje.<\/p>","protected":false},"excerpt":{"rendered":"<p class=\"translation-block\">LUNA \u0161vedske ljestve poti\u010du fizi\u010dku aktivnost i razvoj.<\/p>","protected":false},"featured_media":904,"template":"","meta":[],"product_brand":[20],"product_cat":[57,36],"product_tag":[],"class_list":{"0":"post-186","1":"product","2":"type-product","3":"status-publish","4":"has-post-thumbnail","6":"product_brand-smarvet","7":"product_cat-baby-room-additions","8":"product_cat-additions-extras","10":"first","11":"instock","12":"sold-individually","13":"shipping-taxable","14":"product-type-simple"},"yoast_head":"<!-- This site is optimized with the Yoast SEO plugin v27.3 - https:\/\/yoast.com\/product\/yoast-seo-wordpress\/ -->\n<title>LUNA SWEDISH WALL BARS - Smarvet<\/title>\n<meta name=\"robots\" content=\"index, follow, max-snippet:-1, max-image-preview:large, max-video-preview:-1\" \/>\n<link rel=\"canonical\" href=\"https:\/\/smarvet.eu\/bs\/proizvod\/luna-swedish-ladder\/\" \/>\n<meta property=\"og:locale\" content=\"bs_BA\" \/>\n<meta property=\"og:type\" content=\"article\" \/>\n<meta property=\"og:title\" content=\"LUNA SWEDISH WALL BARS - Smarvet\" \/>\n<meta property=\"og:description\" content=\"LUNA Swedish Wall Bars promote physical activity and development.\" \/>\n<meta property=\"og:url\" content=\"https:\/\/smarvet.eu\/bs\/proizvod\/luna-swedish-ladder\/\" \/>\n<meta property=\"og:site_name\" content=\"Smarvet\" \/>\n<meta property=\"article:modified_time\" content=\"2025-02-25T18:00:24+00:00\" \/>\n<meta property=\"og:image\" content=\"https:\/\/smarvet.eu\/wp-content\/uploads\/2025\/02\/dodaci-luna-ljestve-side-view-detail-2.jpg\" \/>\n\t<meta property=\"og:image:width\" content=\"720\" \/>\n\t<meta property=\"og:image:height\" content=\"960\" \/>\n\t<meta property=\"og:image:type\" content=\"image\/jpeg\" \/>\n<meta name=\"twitter:card\" content=\"summary_large_image\" \/>\n<meta name=\"twitter:label1\" content=\"Est. reading time\" \/>\n\t<meta name=\"twitter:data1\" content=\"1 minuta\" \/>\n<script type=\"application\/ld+json\" class=\"yoast-schema-graph\">{\"@context\":\"https:\\\/\\\/schema.org\",\"@graph\":[{\"@type\":\"WebPage\",\"@id\":\"https:\\\/\\\/smarvet.eu\\\/product\\\/luna-swedish-ladder\\\/\",\"url\":\"https:\\\/\\\/smarvet.eu\\\/product\\\/luna-swedish-ladder\\\/\",\"name\":\"LUNA SWEDISH WALL BARS - Smarvet\",\"isPartOf\":{\"@id\":\"https:\\\/\\\/smarvet.eu\\\/#website\"},\"primaryImageOfPage\":{\"@id\":\"https:\\\/\\\/smarvet.eu\\\/product\\\/luna-swedish-ladder\\\/#primaryimage\"},\"image\":{\"@id\":\"https:\\\/\\\/smarvet.eu\\\/product\\\/luna-swedish-ladder\\\/#primaryimage\"},\"thumbnailUrl\":\"https:\\\/\\\/smarvet.eu\\\/wp-content\\\/uploads\\\/2025\\\/02\\\/dodaci-luna-ljestve-side-view-detail-2.jpg\",\"datePublished\":\"2025-02-13T22:57:50+00:00\",\"dateModified\":\"2025-02-25T18:00:24+00:00\",\"breadcrumb\":{\"@id\":\"https:\\\/\\\/smarvet.eu\\\/product\\\/luna-swedish-ladder\\\/#breadcrumb\"},\"inLanguage\":\"bs-BA\",\"potentialAction\":[{\"@type\":\"ReadAction\",\"target\":[\"https:\\\/\\\/smarvet.eu\\\/product\\\/luna-swedish-ladder\\\/\"]}]},{\"@type\":\"ImageObject\",\"inLanguage\":\"bs-BA\",\"@id\":\"https:\\\/\\\/smarvet.eu\\\/product\\\/luna-swedish-ladder\\\/#primaryimage\",\"url\":\"https:\\\/\\\/smarvet.eu\\\/wp-content\\\/uploads\\\/2025\\\/02\\\/dodaci-luna-ljestve-side-view-detail-2.jpg\",\"contentUrl\":\"https:\\\/\\\/smarvet.eu\\\/wp-content\\\/uploads\\\/2025\\\/02\\\/dodaci-luna-ljestve-side-view-detail-2.jpg\",\"width\":720,\"height\":960},{\"@type\":\"BreadcrumbList\",\"@id\":\"https:\\\/\\\/smarvet.eu\\\/product\\\/luna-swedish-ladder\\\/#breadcrumb\",\"itemListElement\":[{\"@type\":\"ListItem\",\"position\":1,\"name\":\"Home\",\"item\":\"https:\\\/\\\/smarvet.eu\\\/\"},{\"@type\":\"ListItem\",\"position\":2,\"name\":\"Products\",\"item\":\"https:\\\/\\\/smarvet.eu\\\/shop\\\/\"},{\"@type\":\"ListItem\",\"position\":3,\"name\":\"LUNA SWEDISH WALL BARS\"}]},{\"@type\":\"WebSite\",\"@id\":\"https:\\\/\\\/smarvet.eu\\\/#website\",\"url\":\"https:\\\/\\\/smarvet.eu\\\/\",\"name\":\"Smarvet\",\"description\":\"\",\"potentialAction\":[{\"@type\":\"SearchAction\",\"target\":{\"@type\":\"EntryPoint\",\"urlTemplate\":\"https:\\\/\\\/smarvet.eu\\\/?s={search_term_string}\"},\"query-input\":{\"@type\":\"PropertyValueSpecification\",\"valueRequired\":true,\"valueName\":\"search_term_string\"}}],\"inLanguage\":\"bs-BA\"}]}<\/script>\n<!-- \/ Yoast SEO plugin. -->","yoast_head_json":{"title":"LUNA SWEDISH WALL BARS - Smarvet","robots":{"index":"index","follow":"follow","max-snippet":"max-snippet:-1","max-image-preview":"max-image-preview:large","max-video-preview":"max-video-preview:-1"},"canonical":"https:\/\/smarvet.eu\/bs\/proizvod\/luna-swedish-ladder\/","og_locale":"bs_BA","og_type":"article","og_title":"LUNA SWEDISH WALL BARS - Smarvet","og_description":"LUNA Swedish Wall Bars promote physical activity and development.","og_url":"https:\/\/smarvet.eu\/bs\/proizvod\/luna-swedish-ladder\/","og_site_name":"Smarvet","article_modified_time":"2025-02-25T18:00:24+00:00","og_image":[{"width":720,"height":960,"url":"https:\/\/smarvet.eu\/wp-content\/uploads\/2025\/02\/dodaci-luna-ljestve-side-view-detail-2.jpg","type":"image\/jpeg"}],"twitter_card":"summary_large_image","twitter_misc":{"Est. reading time":"1 minuta"},"schema":{"@context":"https:\/\/schema.org","@graph":[{"@type":"WebPage","@id":"https:\/\/smarvet.eu\/product\/luna-swedish-ladder\/","url":"https:\/\/smarvet.eu\/product\/luna-swedish-ladder\/","name":"LUNA SWEDISH WALL BARS - Smarvet","isPartOf":{"@id":"https:\/\/smarvet.eu\/#website"},"primaryImageOfPage":{"@id":"https:\/\/smarvet.eu\/product\/luna-swedish-ladder\/#primaryimage"},"image":{"@id":"https:\/\/smarvet.eu\/product\/luna-swedish-ladder\/#primaryimage"},"thumbnailUrl":"https:\/\/smarvet.eu\/wp-content\/uploads\/2025\/02\/dodaci-luna-ljestve-side-view-detail-2.jpg","datePublished":"2025-02-13T22:57:50+00:00","dateModified":"2025-02-25T18:00:24+00:00","breadcrumb":{"@id":"https:\/\/smarvet.eu\/product\/luna-swedish-ladder\/#breadcrumb"},"inLanguage":"bs-BA","potentialAction":[{"@type":"ReadAction","target":["https:\/\/smarvet.eu\/product\/luna-swedish-ladder\/"]}]},{"@type":"ImageObject","inLanguage":"bs-BA","@id":"https:\/\/smarvet.eu\/product\/luna-swedish-ladder\/#primaryimage","url":"https:\/\/smarvet.eu\/wp-content\/uploads\/2025\/02\/dodaci-luna-ljestve-side-view-detail-2.jpg","contentUrl":"https:\/\/smarvet.eu\/wp-content\/uploads\/2025\/02\/dodaci-luna-ljestve-side-view-detail-2.jpg","width":720,"height":960},{"@type":"BreadcrumbList","@id":"https:\/\/smarvet.eu\/product\/luna-swedish-ladder\/#breadcrumb","itemListElement":[{"@type":"ListItem","position":1,"name":"Home","item":"https:\/\/smarvet.eu\/"},{"@type":"ListItem","position":2,"name":"Products","item":"https:\/\/smarvet.eu\/shop\/"},{"@type":"ListItem","position":3,"name":"LUNA SWEDISH WALL BARS"}]},{"@type":"WebSite","@id":"https:\/\/smarvet.eu\/#website","url":"https:\/\/smarvet.eu\/","name":"Smarvet","description":"","potentialAction":[{"@type":"SearchAction","target":{"@type":"EntryPoint","urlTemplate":"https:\/\/smarvet.eu\/?s={search_term_string}"},"query-input":{"@type":"PropertyValueSpecification","valueRequired":true,"valueName":"search_term_string"}}],"inLanguage":"bs-BA"}]}},"jetpack_sharing_enabled":true,"_links":{"self":[{"href":"https:\/\/smarvet.eu\/bs\/wp-json\/wp\/v2\/product\/186","targetHints":{"allow":["GET"]}}],"collection":[{"href":"https:\/\/smarvet.eu\/bs\/wp-json\/wp\/v2\/product"}],"about":[{"href":"https:\/\/smarvet.eu\/bs\/wp-json\/wp\/v2\/types\/product"}],"wp:featuredmedia":[{"embeddable":true,"href":"https:\/\/smarvet.eu\/bs\/wp-json\/wp\/v2\/media\/904"}],"wp:attachment":[{"href":"https:\/\/smarvet.eu\/bs\/wp-json\/wp\/v2\/media?parent=186"}],"wp:term":[{"taxonomy":"product_brand","embeddable":true,"href":"https:\/\/smarvet.eu\/bs\/wp-json\/wp\/v2\/product_brand?post=186"},{"taxonomy":"product_cat","embeddable":true,"href":"https:\/\/smarvet.eu\/bs\/wp-json\/wp\/v2\/product_cat?post=186"},{"taxonomy":"product_tag","embeddable":true,"href":"https:\/\/smarvet.eu\/bs\/wp-json\/wp\/v2\/product_tag?post=186"}],"curies":[{"name":"wp","href":"https:\/\/api.w.org\/{rel}","templated":true}]}}