{"id":185,"date":"2025-02-13T22:56:53","date_gmt":"2025-02-13T22:56:53","guid":{"rendered":"https:\/\/smarvet.eu\/?post_type=product&#038;p=185"},"modified":"2025-02-25T18:00:24","modified_gmt":"2025-02-25T18:00:24","slug":"luna-baby-gym-set","status":"publish","type":"product","link":"https:\/\/smarvet.eu\/bs\/proizvod\/luna-baby-gym-set\/","title":{"rendered":"LUNA BABY SET ZA IGRANJE"},"content":{"rendered":"<p class=\"translation-block\">LUNA Baby Set za igranje spaja zabavu i razvoj vje\u0161tina, pobolj\u0161avaju\u0107i motori\u010dke vje\u0161tine, ravnote\u017eu i samopouzdanje.<\/p>\n<p>Inspired by <strong data-start=\"134\" data-end=\"159\">Montessori and Pikler<\/strong> principles, it includes a <strong data-start=\"186\" data-end=\"244\">climbing triangle, half-moon climber, and wooden slide<\/strong>, each offering versatile play options. Crafted from <strong data-start=\"297\" data-end=\"326\">eco-friendly natural wood<\/strong> and finished with <strong data-start=\"345\" data-end=\"368\">non-toxic materials<\/strong>, it ensures both safety and endless enjoyment for young children.<\/p>","protected":false},"excerpt":{"rendered":"<p>Ekolo\u0161ki prihvatljiv set za igru koji poti\u010de ravnote\u017eu, motori\u010dke vje\u0161tine i kreativnost.<\/p>","protected":false},"featured_media":267,"template":"","meta":[],"product_brand":[20],"product_cat":[57,36],"product_tag":[],"class_list":{"0":"post-185","1":"product","2":"type-product","3":"status-publish","4":"has-post-thumbnail","6":"product_brand-smarvet","7":"product_cat-baby-room-additions","8":"product_cat-additions-extras","10":"first","11":"instock","12":"sold-individually","13":"shipping-taxable","14":"product-type-simple"},"yoast_head":"<!-- This site is optimized with the Yoast SEO plugin v27.3 - https:\/\/yoast.com\/product\/yoast-seo-wordpress\/ -->\n<title>LUNA BABY GYM SET - Smarvet<\/title>\n<meta name=\"robots\" content=\"index, follow, max-snippet:-1, max-image-preview:large, max-video-preview:-1\" \/>\n<link rel=\"canonical\" href=\"https:\/\/smarvet.eu\/bs\/proizvod\/luna-baby-gym-set\/\" \/>\n<meta property=\"og:locale\" content=\"bs_BA\" \/>\n<meta property=\"og:type\" content=\"article\" \/>\n<meta property=\"og:title\" content=\"LUNA BABY GYM SET - Smarvet\" \/>\n<meta property=\"og:description\" content=\"Eco-friendly playset fostering balance, motor skills, and creativity.\" \/>\n<meta property=\"og:url\" content=\"https:\/\/smarvet.eu\/bs\/proizvod\/luna-baby-gym-set\/\" \/>\n<meta property=\"og:site_name\" content=\"Smarvet\" \/>\n<meta property=\"article:modified_time\" content=\"2025-02-25T18:00:24+00:00\" \/>\n<meta property=\"og:image\" content=\"https:\/\/smarvet.eu\/wp-content\/uploads\/2025\/02\/dodaci-luna-set-za-igranje-side-view-additions.jpg\" \/>\n\t<meta property=\"og:image:width\" content=\"960\" \/>\n\t<meta property=\"og:image:height\" content=\"720\" \/>\n\t<meta property=\"og:image:type\" content=\"image\/jpeg\" \/>\n<meta name=\"twitter:card\" content=\"summary_large_image\" \/>\n<meta name=\"twitter:label1\" content=\"Est. reading time\" \/>\n\t<meta name=\"twitter:data1\" content=\"1 minuta\" \/>\n<script type=\"application\/ld+json\" class=\"yoast-schema-graph\">{\"@context\":\"https:\\\/\\\/schema.org\",\"@graph\":[{\"@type\":\"WebPage\",\"@id\":\"https:\\\/\\\/smarvet.eu\\\/product\\\/luna-baby-gym-set\\\/\",\"url\":\"https:\\\/\\\/smarvet.eu\\\/product\\\/luna-baby-gym-set\\\/\",\"name\":\"LUNA BABY GYM SET - Smarvet\",\"isPartOf\":{\"@id\":\"https:\\\/\\\/smarvet.eu\\\/#website\"},\"primaryImageOfPage\":{\"@id\":\"https:\\\/\\\/smarvet.eu\\\/product\\\/luna-baby-gym-set\\\/#primaryimage\"},\"image\":{\"@id\":\"https:\\\/\\\/smarvet.eu\\\/product\\\/luna-baby-gym-set\\\/#primaryimage\"},\"thumbnailUrl\":\"https:\\\/\\\/smarvet.eu\\\/wp-content\\\/uploads\\\/2025\\\/02\\\/dodaci-luna-set-za-igranje-side-view-additions.jpg\",\"datePublished\":\"2025-02-13T22:56:53+00:00\",\"dateModified\":\"2025-02-25T18:00:24+00:00\",\"breadcrumb\":{\"@id\":\"https:\\\/\\\/smarvet.eu\\\/product\\\/luna-baby-gym-set\\\/#breadcrumb\"},\"inLanguage\":\"bs-BA\",\"potentialAction\":[{\"@type\":\"ReadAction\",\"target\":[\"https:\\\/\\\/smarvet.eu\\\/product\\\/luna-baby-gym-set\\\/\"]}]},{\"@type\":\"ImageObject\",\"inLanguage\":\"bs-BA\",\"@id\":\"https:\\\/\\\/smarvet.eu\\\/product\\\/luna-baby-gym-set\\\/#primaryimage\",\"url\":\"https:\\\/\\\/smarvet.eu\\\/wp-content\\\/uploads\\\/2025\\\/02\\\/dodaci-luna-set-za-igranje-side-view-additions.jpg\",\"contentUrl\":\"https:\\\/\\\/smarvet.eu\\\/wp-content\\\/uploads\\\/2025\\\/02\\\/dodaci-luna-set-za-igranje-side-view-additions.jpg\",\"width\":960,\"height\":720},{\"@type\":\"BreadcrumbList\",\"@id\":\"https:\\\/\\\/smarvet.eu\\\/product\\\/luna-baby-gym-set\\\/#breadcrumb\",\"itemListElement\":[{\"@type\":\"ListItem\",\"position\":1,\"name\":\"Home\",\"item\":\"https:\\\/\\\/smarvet.eu\\\/\"},{\"@type\":\"ListItem\",\"position\":2,\"name\":\"Products\",\"item\":\"https:\\\/\\\/smarvet.eu\\\/shop\\\/\"},{\"@type\":\"ListItem\",\"position\":3,\"name\":\"LUNA BABY GYM SET\"}]},{\"@type\":\"WebSite\",\"@id\":\"https:\\\/\\\/smarvet.eu\\\/#website\",\"url\":\"https:\\\/\\\/smarvet.eu\\\/\",\"name\":\"Smarvet\",\"description\":\"\",\"potentialAction\":[{\"@type\":\"SearchAction\",\"target\":{\"@type\":\"EntryPoint\",\"urlTemplate\":\"https:\\\/\\\/smarvet.eu\\\/?s={search_term_string}\"},\"query-input\":{\"@type\":\"PropertyValueSpecification\",\"valueRequired\":true,\"valueName\":\"search_term_string\"}}],\"inLanguage\":\"bs-BA\"}]}<\/script>\n<!-- \/ Yoast SEO plugin. -->","yoast_head_json":{"title":"LUNA BABY GYM SET - Smarvet","robots":{"index":"index","follow":"follow","max-snippet":"max-snippet:-1","max-image-preview":"max-image-preview:large","max-video-preview":"max-video-preview:-1"},"canonical":"https:\/\/smarvet.eu\/bs\/proizvod\/luna-baby-gym-set\/","og_locale":"bs_BA","og_type":"article","og_title":"LUNA BABY GYM SET - Smarvet","og_description":"Eco-friendly playset fostering balance, motor skills, and creativity.","og_url":"https:\/\/smarvet.eu\/bs\/proizvod\/luna-baby-gym-set\/","og_site_name":"Smarvet","article_modified_time":"2025-02-25T18:00:24+00:00","og_image":[{"width":960,"height":720,"url":"https:\/\/smarvet.eu\/wp-content\/uploads\/2025\/02\/dodaci-luna-set-za-igranje-side-view-additions.jpg","type":"image\/jpeg"}],"twitter_card":"summary_large_image","twitter_misc":{"Est. reading time":"1 minuta"},"schema":{"@context":"https:\/\/schema.org","@graph":[{"@type":"WebPage","@id":"https:\/\/smarvet.eu\/product\/luna-baby-gym-set\/","url":"https:\/\/smarvet.eu\/product\/luna-baby-gym-set\/","name":"LUNA BABY GYM SET - Smarvet","isPartOf":{"@id":"https:\/\/smarvet.eu\/#website"},"primaryImageOfPage":{"@id":"https:\/\/smarvet.eu\/product\/luna-baby-gym-set\/#primaryimage"},"image":{"@id":"https:\/\/smarvet.eu\/product\/luna-baby-gym-set\/#primaryimage"},"thumbnailUrl":"https:\/\/smarvet.eu\/wp-content\/uploads\/2025\/02\/dodaci-luna-set-za-igranje-side-view-additions.jpg","datePublished":"2025-02-13T22:56:53+00:00","dateModified":"2025-02-25T18:00:24+00:00","breadcrumb":{"@id":"https:\/\/smarvet.eu\/product\/luna-baby-gym-set\/#breadcrumb"},"inLanguage":"bs-BA","potentialAction":[{"@type":"ReadAction","target":["https:\/\/smarvet.eu\/product\/luna-baby-gym-set\/"]}]},{"@type":"ImageObject","inLanguage":"bs-BA","@id":"https:\/\/smarvet.eu\/product\/luna-baby-gym-set\/#primaryimage","url":"https:\/\/smarvet.eu\/wp-content\/uploads\/2025\/02\/dodaci-luna-set-za-igranje-side-view-additions.jpg","contentUrl":"https:\/\/smarvet.eu\/wp-content\/uploads\/2025\/02\/dodaci-luna-set-za-igranje-side-view-additions.jpg","width":960,"height":720},{"@type":"BreadcrumbList","@id":"https:\/\/smarvet.eu\/product\/luna-baby-gym-set\/#breadcrumb","itemListElement":[{"@type":"ListItem","position":1,"name":"Home","item":"https:\/\/smarvet.eu\/"},{"@type":"ListItem","position":2,"name":"Products","item":"https:\/\/smarvet.eu\/shop\/"},{"@type":"ListItem","position":3,"name":"LUNA BABY GYM SET"}]},{"@type":"WebSite","@id":"https:\/\/smarvet.eu\/#website","url":"https:\/\/smarvet.eu\/","name":"Smarvet","description":"","potentialAction":[{"@type":"SearchAction","target":{"@type":"EntryPoint","urlTemplate":"https:\/\/smarvet.eu\/?s={search_term_string}"},"query-input":{"@type":"PropertyValueSpecification","valueRequired":true,"valueName":"search_term_string"}}],"inLanguage":"bs-BA"}]}},"jetpack_sharing_enabled":true,"_links":{"self":[{"href":"https:\/\/smarvet.eu\/bs\/wp-json\/wp\/v2\/product\/185","targetHints":{"allow":["GET"]}}],"collection":[{"href":"https:\/\/smarvet.eu\/bs\/wp-json\/wp\/v2\/product"}],"about":[{"href":"https:\/\/smarvet.eu\/bs\/wp-json\/wp\/v2\/types\/product"}],"wp:featuredmedia":[{"embeddable":true,"href":"https:\/\/smarvet.eu\/bs\/wp-json\/wp\/v2\/media\/267"}],"wp:attachment":[{"href":"https:\/\/smarvet.eu\/bs\/wp-json\/wp\/v2\/media?parent=185"}],"wp:term":[{"taxonomy":"product_brand","embeddable":true,"href":"https:\/\/smarvet.eu\/bs\/wp-json\/wp\/v2\/product_brand?post=185"},{"taxonomy":"product_cat","embeddable":true,"href":"https:\/\/smarvet.eu\/bs\/wp-json\/wp\/v2\/product_cat?post=185"},{"taxonomy":"product_tag","embeddable":true,"href":"https:\/\/smarvet.eu\/bs\/wp-json\/wp\/v2\/product_tag?post=185"}],"curies":[{"name":"wp","href":"https:\/\/api.w.org\/{rel}","templated":true}]}}