{"id":179,"date":"2025-02-13T22:52:08","date_gmt":"2025-02-13T22:52:08","guid":{"rendered":"https:\/\/smarvet.eu\/?post_type=product&#038;p=179"},"modified":"2025-02-25T18:00:39","modified_gmt":"2025-02-25T18:00:39","slug":"cutting-board","status":"publish","type":"product","link":"https:\/\/smarvet.eu\/bs\/proizvod\/cutting-board\/","title":{"rendered":"EXCELSIOR DASKA"},"content":{"rendered":"<p class=\"translation-block\">Excelsior daska za rezanje i poslu\u017eivanje od masivnog drveta, izra\u0111ena od premium jasenovog drveta, pravo je remek djelo. Svaka daska je unikatna, isti\u010du\u0107i prirodnu teksturu drveta koja se nikada ne ponavlja, \u010dine\u0107i svaki komad jedinstvenim.<\/p>\n<p class=\"translation-block\">Glatka, ru\u010dno dora\u0111ena povr\u0161ina nagla\u0161ava bogatu, organsku teksturu drveta, dok \u010dvrsta konstrukcija osigurava dugotrajnost za rezanje i poslu\u017eivanje. Savr\u0161ena za sireve, mesne delicije ili predjela, ova svestrana daska spaja eleganciju, funkcionalnost i odr\u017eivost, \u010dine\u0107i je neizostavnim dodatkom svakoj kuhinji ili trpezarijskom ambijentu.<\/p>","protected":false},"excerpt":{"rendered":"<p class=\"translation-block\">Unikatna Excelsior daska za rezanje i poslu\u017eivanje od jasenovog drveta, sa prirodnom, neponovljivom teksturom drveta.<\/p>","protected":false},"featured_media":1465,"template":"","meta":[],"product_brand":[20],"product_cat":[58,36],"product_tag":[],"class_list":{"0":"post-179","1":"product","2":"type-product","3":"status-publish","4":"has-post-thumbnail","6":"product_brand-smarvet","7":"product_cat-tableware","8":"product_cat-additions-extras","10":"first","11":"instock","12":"sold-individually","13":"shipping-taxable","14":"product-type-simple"},"yoast_head":"<!-- This site is optimized with the Yoast SEO plugin v27.3 - https:\/\/yoast.com\/product\/yoast-seo-wordpress\/ -->\n<title>Excelsior Cutting Board - Smarvet<\/title>\n<meta name=\"robots\" content=\"index, follow, max-snippet:-1, max-image-preview:large, max-video-preview:-1\" \/>\n<link rel=\"canonical\" href=\"https:\/\/smarvet.eu\/bs\/proizvod\/cutting-board\/\" \/>\n<meta property=\"og:locale\" content=\"bs_BA\" \/>\n<meta property=\"og:type\" content=\"article\" \/>\n<meta property=\"og:title\" content=\"Excelsior Cutting Board - Smarvet\" \/>\n<meta property=\"og:description\" content=\"Unique Excelsior ash wood cutting and serving board, showcasing natural, non-repeating wood texture.\" \/>\n<meta property=\"og:url\" content=\"https:\/\/smarvet.eu\/bs\/proizvod\/cutting-board\/\" \/>\n<meta property=\"og:site_name\" content=\"Smarvet\" \/>\n<meta property=\"article:modified_time\" content=\"2025-02-25T18:00:39+00:00\" \/>\n<meta property=\"og:image\" content=\"https:\/\/smarvet.eu\/wp-content\/uploads\/2025\/02\/Daska6-scaled.jpg\" \/>\n\t<meta property=\"og:image:width\" content=\"3360\" \/>\n\t<meta property=\"og:image:height\" content=\"2240\" \/>\n\t<meta property=\"og:image:type\" content=\"image\/jpeg\" \/>\n<meta name=\"twitter:card\" content=\"summary_large_image\" \/>\n<meta name=\"twitter:label1\" content=\"Est. reading time\" \/>\n\t<meta name=\"twitter:data1\" content=\"1 minuta\" \/>\n<script type=\"application\/ld+json\" class=\"yoast-schema-graph\">{\"@context\":\"https:\\\/\\\/schema.org\",\"@graph\":[{\"@type\":\"WebPage\",\"@id\":\"https:\\\/\\\/smarvet.eu\\\/product\\\/cutting-board\\\/\",\"url\":\"https:\\\/\\\/smarvet.eu\\\/product\\\/cutting-board\\\/\",\"name\":\"Excelsior Cutting Board - Smarvet\",\"isPartOf\":{\"@id\":\"https:\\\/\\\/smarvet.eu\\\/#website\"},\"primaryImageOfPage\":{\"@id\":\"https:\\\/\\\/smarvet.eu\\\/product\\\/cutting-board\\\/#primaryimage\"},\"image\":{\"@id\":\"https:\\\/\\\/smarvet.eu\\\/product\\\/cutting-board\\\/#primaryimage\"},\"thumbnailUrl\":\"https:\\\/\\\/smarvet.eu\\\/wp-content\\\/uploads\\\/2025\\\/02\\\/Daska6-scaled.jpg\",\"datePublished\":\"2025-02-13T22:52:08+00:00\",\"dateModified\":\"2025-02-25T18:00:39+00:00\",\"breadcrumb\":{\"@id\":\"https:\\\/\\\/smarvet.eu\\\/product\\\/cutting-board\\\/#breadcrumb\"},\"inLanguage\":\"bs-BA\",\"potentialAction\":[{\"@type\":\"ReadAction\",\"target\":[\"https:\\\/\\\/smarvet.eu\\\/product\\\/cutting-board\\\/\"]}]},{\"@type\":\"ImageObject\",\"inLanguage\":\"bs-BA\",\"@id\":\"https:\\\/\\\/smarvet.eu\\\/product\\\/cutting-board\\\/#primaryimage\",\"url\":\"https:\\\/\\\/smarvet.eu\\\/wp-content\\\/uploads\\\/2025\\\/02\\\/Daska6-scaled.jpg\",\"contentUrl\":\"https:\\\/\\\/smarvet.eu\\\/wp-content\\\/uploads\\\/2025\\\/02\\\/Daska6-scaled.jpg\",\"width\":3360,\"height\":2240},{\"@type\":\"BreadcrumbList\",\"@id\":\"https:\\\/\\\/smarvet.eu\\\/product\\\/cutting-board\\\/#breadcrumb\",\"itemListElement\":[{\"@type\":\"ListItem\",\"position\":1,\"name\":\"Home\",\"item\":\"https:\\\/\\\/smarvet.eu\\\/\"},{\"@type\":\"ListItem\",\"position\":2,\"name\":\"Products\",\"item\":\"https:\\\/\\\/smarvet.eu\\\/shop\\\/\"},{\"@type\":\"ListItem\",\"position\":3,\"name\":\"Excelsior Cutting Board\"}]},{\"@type\":\"WebSite\",\"@id\":\"https:\\\/\\\/smarvet.eu\\\/#website\",\"url\":\"https:\\\/\\\/smarvet.eu\\\/\",\"name\":\"Smarvet\",\"description\":\"\",\"potentialAction\":[{\"@type\":\"SearchAction\",\"target\":{\"@type\":\"EntryPoint\",\"urlTemplate\":\"https:\\\/\\\/smarvet.eu\\\/?s={search_term_string}\"},\"query-input\":{\"@type\":\"PropertyValueSpecification\",\"valueRequired\":true,\"valueName\":\"search_term_string\"}}],\"inLanguage\":\"bs-BA\"}]}<\/script>\n<!-- \/ Yoast SEO plugin. -->","yoast_head_json":{"title":"Excelsior Cutting Board - Smarvet","robots":{"index":"index","follow":"follow","max-snippet":"max-snippet:-1","max-image-preview":"max-image-preview:large","max-video-preview":"max-video-preview:-1"},"canonical":"https:\/\/smarvet.eu\/bs\/proizvod\/cutting-board\/","og_locale":"bs_BA","og_type":"article","og_title":"Excelsior Cutting Board - Smarvet","og_description":"Unique Excelsior ash wood cutting and serving board, showcasing natural, non-repeating wood texture.","og_url":"https:\/\/smarvet.eu\/bs\/proizvod\/cutting-board\/","og_site_name":"Smarvet","article_modified_time":"2025-02-25T18:00:39+00:00","og_image":[{"width":3360,"height":2240,"url":"https:\/\/smarvet.eu\/wp-content\/uploads\/2025\/02\/Daska6-scaled.jpg","type":"image\/jpeg"}],"twitter_card":"summary_large_image","twitter_misc":{"Est. reading time":"1 minuta"},"schema":{"@context":"https:\/\/schema.org","@graph":[{"@type":"WebPage","@id":"https:\/\/smarvet.eu\/product\/cutting-board\/","url":"https:\/\/smarvet.eu\/product\/cutting-board\/","name":"Excelsior Cutting Board - Smarvet","isPartOf":{"@id":"https:\/\/smarvet.eu\/#website"},"primaryImageOfPage":{"@id":"https:\/\/smarvet.eu\/product\/cutting-board\/#primaryimage"},"image":{"@id":"https:\/\/smarvet.eu\/product\/cutting-board\/#primaryimage"},"thumbnailUrl":"https:\/\/smarvet.eu\/wp-content\/uploads\/2025\/02\/Daska6-scaled.jpg","datePublished":"2025-02-13T22:52:08+00:00","dateModified":"2025-02-25T18:00:39+00:00","breadcrumb":{"@id":"https:\/\/smarvet.eu\/product\/cutting-board\/#breadcrumb"},"inLanguage":"bs-BA","potentialAction":[{"@type":"ReadAction","target":["https:\/\/smarvet.eu\/product\/cutting-board\/"]}]},{"@type":"ImageObject","inLanguage":"bs-BA","@id":"https:\/\/smarvet.eu\/product\/cutting-board\/#primaryimage","url":"https:\/\/smarvet.eu\/wp-content\/uploads\/2025\/02\/Daska6-scaled.jpg","contentUrl":"https:\/\/smarvet.eu\/wp-content\/uploads\/2025\/02\/Daska6-scaled.jpg","width":3360,"height":2240},{"@type":"BreadcrumbList","@id":"https:\/\/smarvet.eu\/product\/cutting-board\/#breadcrumb","itemListElement":[{"@type":"ListItem","position":1,"name":"Home","item":"https:\/\/smarvet.eu\/"},{"@type":"ListItem","position":2,"name":"Products","item":"https:\/\/smarvet.eu\/shop\/"},{"@type":"ListItem","position":3,"name":"Excelsior Cutting Board"}]},{"@type":"WebSite","@id":"https:\/\/smarvet.eu\/#website","url":"https:\/\/smarvet.eu\/","name":"Smarvet","description":"","potentialAction":[{"@type":"SearchAction","target":{"@type":"EntryPoint","urlTemplate":"https:\/\/smarvet.eu\/?s={search_term_string}"},"query-input":{"@type":"PropertyValueSpecification","valueRequired":true,"valueName":"search_term_string"}}],"inLanguage":"bs-BA"}]}},"jetpack_sharing_enabled":true,"_links":{"self":[{"href":"https:\/\/smarvet.eu\/bs\/wp-json\/wp\/v2\/product\/179","targetHints":{"allow":["GET"]}}],"collection":[{"href":"https:\/\/smarvet.eu\/bs\/wp-json\/wp\/v2\/product"}],"about":[{"href":"https:\/\/smarvet.eu\/bs\/wp-json\/wp\/v2\/types\/product"}],"wp:featuredmedia":[{"embeddable":true,"href":"https:\/\/smarvet.eu\/bs\/wp-json\/wp\/v2\/media\/1465"}],"wp:attachment":[{"href":"https:\/\/smarvet.eu\/bs\/wp-json\/wp\/v2\/media?parent=179"}],"wp:term":[{"taxonomy":"product_brand","embeddable":true,"href":"https:\/\/smarvet.eu\/bs\/wp-json\/wp\/v2\/product_brand?post=179"},{"taxonomy":"product_cat","embeddable":true,"href":"https:\/\/smarvet.eu\/bs\/wp-json\/wp\/v2\/product_cat?post=179"},{"taxonomy":"product_tag","embeddable":true,"href":"https:\/\/smarvet.eu\/bs\/wp-json\/wp\/v2\/product_tag?post=179"}],"curies":[{"name":"wp","href":"https:\/\/api.w.org\/{rel}","templated":true}]}}