{"id":175,"date":"2025-02-13T22:38:08","date_gmt":"2025-02-13T22:38:08","guid":{"rendered":"https:\/\/smarvet.eu\/?post_type=product&#038;p=175"},"modified":"2025-03-03T14:12:51","modified_gmt":"2025-03-03T14:12:51","slug":"wardrobe","status":"publish","type":"product","link":"https:\/\/smarvet.eu\/bs\/proizvod\/wardrobe\/","title":{"rendered":"Ormar"},"content":{"rendered":"<p class=\"translation-block\">Unesite dozu luksuza i elegancije u svoj prostor s Inat ormarom, komadom koji spaja funkcionalnost i bezvremenski dizajn.<\/p>\n<p class=\"translation-block\">Izra\u0111en od masivnog jasenovog drveta, ovaj ormar savr\u0161eno se uklapa u sofisticirane interijere, nude\u0107i estetsku privla\u010dnost i prakti\u010dna rje\u0161enja za organizaciju.<\/p>\n<p><em><strong>Dizajnirao Edin Li\u010dina<\/strong><\/em><br \/>\n<img fetchpriority=\"high\" decoding=\"async\" class=\"alignleft wp-image-1162 size-large\" src=\"https:\/\/smarvet.eu\/wp-content\/uploads\/2025\/02\/designer_edin-scaled-e1740061608439-1520x710.jpg\" alt=\"\" width=\"1520\" height=\"710\" srcset=\"https:\/\/smarvet.eu\/wp-content\/uploads\/2025\/02\/designer_edin-scaled-e1740061608439-1520x710.jpg 1520w, https:\/\/smarvet.eu\/wp-content\/uploads\/2025\/02\/designer_edin-scaled-e1740061608439-460x215.jpg 460w, https:\/\/smarvet.eu\/wp-content\/uploads\/2025\/02\/designer_edin-scaled-e1740061608439-760x355.jpg 760w, https:\/\/smarvet.eu\/wp-content\/uploads\/2025\/02\/designer_edin-scaled-e1740061608439-18x8.jpg 18w, https:\/\/smarvet.eu\/wp-content\/uploads\/2025\/02\/designer_edin-scaled-e1740061608439-920x430.jpg 920w, https:\/\/smarvet.eu\/wp-content\/uploads\/2025\/02\/designer_edin-scaled-e1740061608439-310x145.jpg 310w, https:\/\/smarvet.eu\/wp-content\/uploads\/2025\/02\/designer_edin-scaled-e1740061608439-621x290.jpg 621w\" sizes=\"(max-width: 1520px) 100vw, 1520px\" \/><\/p>\n<p>&nbsp;<\/p>","protected":false},"excerpt":{"rendered":"<p>Elevate your storage experience with the Inat Wardrobe, a statement piece that embodies luxury, functionality, and timeless design.&hellip;<\/p>","protected":false},"featured_media":873,"template":"","meta":[],"product_brand":[20],"product_cat":[38,67,32],"product_tag":[],"class_list":{"0":"post-175","1":"product","2":"type-product","3":"status-publish","4":"has-post-thumbnail","6":"product_brand-smarvet","7":"product_cat-inat-collection","8":"product_cat-inat-bedroom","9":"product_cat-designer-collections","11":"first","12":"instock","13":"featured","14":"sold-individually","15":"shipping-taxable","16":"product-type-variable","17":"has-default-attributes"},"yoast_head":"<!-- This site is optimized with the Yoast SEO plugin v27.3 - https:\/\/yoast.com\/product\/yoast-seo-wordpress\/ -->\n<title>Wardrobe - Smarvet<\/title>\n<meta name=\"robots\" content=\"index, follow, max-snippet:-1, max-image-preview:large, max-video-preview:-1\" \/>\n<link rel=\"canonical\" href=\"https:\/\/smarvet.eu\/bs\/proizvod\/wardrobe\/\" \/>\n<meta property=\"og:locale\" content=\"bs_BA\" \/>\n<meta property=\"og:type\" content=\"article\" \/>\n<meta property=\"og:title\" content=\"Wardrobe - Smarvet\" \/>\n<meta property=\"og:description\" content=\"Elevate your storage experience with the Inat Wardrobe, a statement piece that embodies luxury, functionality, and timeless design.&hellip;\" \/>\n<meta property=\"og:url\" content=\"https:\/\/smarvet.eu\/bs\/proizvod\/wardrobe\/\" \/>\n<meta property=\"og:site_name\" content=\"Smarvet\" \/>\n<meta property=\"article:modified_time\" content=\"2025-03-03T14:12:51+00:00\" \/>\n<meta property=\"og:image\" content=\"https:\/\/smarvet.eu\/wp-content\/uploads\/2025\/02\/inat-wardrobe-bio-oil-product.jpg\" \/>\n\t<meta property=\"og:image:width\" content=\"1600\" \/>\n\t<meta property=\"og:image:height\" content=\"1067\" \/>\n\t<meta property=\"og:image:type\" content=\"image\/jpeg\" \/>\n<meta name=\"twitter:card\" content=\"summary_large_image\" \/>\n<meta name=\"twitter:label1\" content=\"Est. reading time\" \/>\n\t<meta name=\"twitter:data1\" content=\"1 minuta\" \/>\n<script type=\"application\/ld+json\" class=\"yoast-schema-graph\">{\"@context\":\"https:\\\/\\\/schema.org\",\"@graph\":[{\"@type\":\"WebPage\",\"@id\":\"https:\\\/\\\/smarvet.eu\\\/product\\\/wardrobe\\\/\",\"url\":\"https:\\\/\\\/smarvet.eu\\\/product\\\/wardrobe\\\/\",\"name\":\"Wardrobe - Smarvet\",\"isPartOf\":{\"@id\":\"https:\\\/\\\/smarvet.eu\\\/#website\"},\"primaryImageOfPage\":{\"@id\":\"https:\\\/\\\/smarvet.eu\\\/product\\\/wardrobe\\\/#primaryimage\"},\"image\":{\"@id\":\"https:\\\/\\\/smarvet.eu\\\/product\\\/wardrobe\\\/#primaryimage\"},\"thumbnailUrl\":\"https:\\\/\\\/smarvet.eu\\\/wp-content\\\/uploads\\\/2025\\\/02\\\/inat-wardrobe-bio-oil-product.jpg\",\"datePublished\":\"2025-02-13T22:38:08+00:00\",\"dateModified\":\"2025-03-03T14:12:51+00:00\",\"breadcrumb\":{\"@id\":\"https:\\\/\\\/smarvet.eu\\\/product\\\/wardrobe\\\/#breadcrumb\"},\"inLanguage\":\"bs-BA\",\"potentialAction\":[{\"@type\":\"ReadAction\",\"target\":[\"https:\\\/\\\/smarvet.eu\\\/product\\\/wardrobe\\\/\"]}]},{\"@type\":\"ImageObject\",\"inLanguage\":\"bs-BA\",\"@id\":\"https:\\\/\\\/smarvet.eu\\\/product\\\/wardrobe\\\/#primaryimage\",\"url\":\"https:\\\/\\\/smarvet.eu\\\/wp-content\\\/uploads\\\/2025\\\/02\\\/inat-wardrobe-bio-oil-product.jpg\",\"contentUrl\":\"https:\\\/\\\/smarvet.eu\\\/wp-content\\\/uploads\\\/2025\\\/02\\\/inat-wardrobe-bio-oil-product.jpg\",\"width\":1600,\"height\":1067},{\"@type\":\"BreadcrumbList\",\"@id\":\"https:\\\/\\\/smarvet.eu\\\/product\\\/wardrobe\\\/#breadcrumb\",\"itemListElement\":[{\"@type\":\"ListItem\",\"position\":1,\"name\":\"Home\",\"item\":\"https:\\\/\\\/smarvet.eu\\\/\"},{\"@type\":\"ListItem\",\"position\":2,\"name\":\"Products\",\"item\":\"https:\\\/\\\/smarvet.eu\\\/shop\\\/\"},{\"@type\":\"ListItem\",\"position\":3,\"name\":\"Wardrobe\"}]},{\"@type\":\"WebSite\",\"@id\":\"https:\\\/\\\/smarvet.eu\\\/#website\",\"url\":\"https:\\\/\\\/smarvet.eu\\\/\",\"name\":\"Smarvet\",\"description\":\"\",\"potentialAction\":[{\"@type\":\"SearchAction\",\"target\":{\"@type\":\"EntryPoint\",\"urlTemplate\":\"https:\\\/\\\/smarvet.eu\\\/?s={search_term_string}\"},\"query-input\":{\"@type\":\"PropertyValueSpecification\",\"valueRequired\":true,\"valueName\":\"search_term_string\"}}],\"inLanguage\":\"bs-BA\"}]}<\/script>\n<!-- \/ Yoast SEO plugin. -->","yoast_head_json":{"title":"Wardrobe - Smarvet","robots":{"index":"index","follow":"follow","max-snippet":"max-snippet:-1","max-image-preview":"max-image-preview:large","max-video-preview":"max-video-preview:-1"},"canonical":"https:\/\/smarvet.eu\/bs\/proizvod\/wardrobe\/","og_locale":"bs_BA","og_type":"article","og_title":"Wardrobe - Smarvet","og_description":"Elevate your storage experience with the Inat Wardrobe, a statement piece that embodies luxury, functionality, and timeless design.&hellip;","og_url":"https:\/\/smarvet.eu\/bs\/proizvod\/wardrobe\/","og_site_name":"Smarvet","article_modified_time":"2025-03-03T14:12:51+00:00","og_image":[{"width":1600,"height":1067,"url":"https:\/\/smarvet.eu\/wp-content\/uploads\/2025\/02\/inat-wardrobe-bio-oil-product.jpg","type":"image\/jpeg"}],"twitter_card":"summary_large_image","twitter_misc":{"Est. reading time":"1 minuta"},"schema":{"@context":"https:\/\/schema.org","@graph":[{"@type":"WebPage","@id":"https:\/\/smarvet.eu\/product\/wardrobe\/","url":"https:\/\/smarvet.eu\/product\/wardrobe\/","name":"Wardrobe - Smarvet","isPartOf":{"@id":"https:\/\/smarvet.eu\/#website"},"primaryImageOfPage":{"@id":"https:\/\/smarvet.eu\/product\/wardrobe\/#primaryimage"},"image":{"@id":"https:\/\/smarvet.eu\/product\/wardrobe\/#primaryimage"},"thumbnailUrl":"https:\/\/smarvet.eu\/wp-content\/uploads\/2025\/02\/inat-wardrobe-bio-oil-product.jpg","datePublished":"2025-02-13T22:38:08+00:00","dateModified":"2025-03-03T14:12:51+00:00","breadcrumb":{"@id":"https:\/\/smarvet.eu\/product\/wardrobe\/#breadcrumb"},"inLanguage":"bs-BA","potentialAction":[{"@type":"ReadAction","target":["https:\/\/smarvet.eu\/product\/wardrobe\/"]}]},{"@type":"ImageObject","inLanguage":"bs-BA","@id":"https:\/\/smarvet.eu\/product\/wardrobe\/#primaryimage","url":"https:\/\/smarvet.eu\/wp-content\/uploads\/2025\/02\/inat-wardrobe-bio-oil-product.jpg","contentUrl":"https:\/\/smarvet.eu\/wp-content\/uploads\/2025\/02\/inat-wardrobe-bio-oil-product.jpg","width":1600,"height":1067},{"@type":"BreadcrumbList","@id":"https:\/\/smarvet.eu\/product\/wardrobe\/#breadcrumb","itemListElement":[{"@type":"ListItem","position":1,"name":"Home","item":"https:\/\/smarvet.eu\/"},{"@type":"ListItem","position":2,"name":"Products","item":"https:\/\/smarvet.eu\/shop\/"},{"@type":"ListItem","position":3,"name":"Wardrobe"}]},{"@type":"WebSite","@id":"https:\/\/smarvet.eu\/#website","url":"https:\/\/smarvet.eu\/","name":"Smarvet","description":"","potentialAction":[{"@type":"SearchAction","target":{"@type":"EntryPoint","urlTemplate":"https:\/\/smarvet.eu\/?s={search_term_string}"},"query-input":{"@type":"PropertyValueSpecification","valueRequired":true,"valueName":"search_term_string"}}],"inLanguage":"bs-BA"}]}},"jetpack_sharing_enabled":true,"_links":{"self":[{"href":"https:\/\/smarvet.eu\/bs\/wp-json\/wp\/v2\/product\/175","targetHints":{"allow":["GET"]}}],"collection":[{"href":"https:\/\/smarvet.eu\/bs\/wp-json\/wp\/v2\/product"}],"about":[{"href":"https:\/\/smarvet.eu\/bs\/wp-json\/wp\/v2\/types\/product"}],"wp:featuredmedia":[{"embeddable":true,"href":"https:\/\/smarvet.eu\/bs\/wp-json\/wp\/v2\/media\/873"}],"wp:attachment":[{"href":"https:\/\/smarvet.eu\/bs\/wp-json\/wp\/v2\/media?parent=175"}],"wp:term":[{"taxonomy":"product_brand","embeddable":true,"href":"https:\/\/smarvet.eu\/bs\/wp-json\/wp\/v2\/product_brand?post=175"},{"taxonomy":"product_cat","embeddable":true,"href":"https:\/\/smarvet.eu\/bs\/wp-json\/wp\/v2\/product_cat?post=175"},{"taxonomy":"product_tag","embeddable":true,"href":"https:\/\/smarvet.eu\/bs\/wp-json\/wp\/v2\/product_tag?post=175"}],"curies":[{"name":"wp","href":"https:\/\/api.w.org\/{rel}","templated":true}]}}