{"id":170,"date":"2025-02-13T22:31:48","date_gmt":"2025-02-13T22:31:48","guid":{"rendered":"https:\/\/smarvet.eu\/?post_type=product&#038;p=170"},"modified":"2025-02-25T18:00:40","modified_gmt":"2025-02-25T18:00:40","slug":"dresser-2","status":"publish","type":"product","link":"https:\/\/smarvet.eu\/bs\/proizvod\/dresser-2\/","title":{"rendered":"Komoda"},"content":{"rendered":"<p>The <strong data-start=\"16\" data-end=\"44\">Wood Arts Double Dresser<\/strong>, where craftsmanship meets comfort in an unparalleled fusion of natural beauty and luxury. This elegant dresser is a testament to artisanal excellence, designed to provide both function and aesthetic appeal.<\/p>\n<p data-start=\"254\" data-end=\"797\" data-is-last-node=\"\" class=\"translation-block\">Izra\u0111ena od masivnog jasenovog drveta, Wood Arts Dupla Komoda isti\u010de jedinstvenu teksturu koja dodaje karakter i dubinu njenom dizajnu. Prirodni \u010dvorovi u drvetu pobolj\u0161avaju rusti\u010dni \u0161arm, stvaraju\u0107i komad koji odi\u0161e bezvremenskom elegancijom i sofisticirano\u0161\u0107u. Predivna paleta toplih boja komode savr\u0161eno se uklapa u prirodne tonove drveta, \u010dine\u0107i je savr\u0161enim dodatkom svakoj spava\u0107oj sobi. Oboga\u0107ena mesingovim nogama i ru\u010dkama, ovaj komad zra\u010di luksuzom, dok \u0161est prostranih ladica nudi obilje prostora za pohranu, besprijekorno spajaju\u0107i formu i funkcionalnost.<\/p>","protected":false},"excerpt":{"rendered":"<p>The Wood Arts Double Dresser, where craftsmanship meets comfort in an unparalleled fusion of natural beauty and luxury.&hellip;<\/p>","protected":false},"featured_media":939,"template":"","meta":[],"product_brand":[20],"product_cat":[72,32,37,40],"product_tag":[],"class_list":{"0":"post-170","1":"product","2":"type-product","3":"status-publish","4":"has-post-thumbnail","6":"product_brand-smarvet","7":"product_cat-double-dresser","8":"product_cat-designer-collections","9":"product_cat-wood-arts-collection","10":"product_cat-bedroom-furniture","12":"first","13":"instock","14":"sold-individually","15":"shipping-taxable","16":"product-type-variable","17":"has-default-attributes"},"yoast_head":"<!-- This site is optimized with the Yoast SEO plugin v27.3 - https:\/\/yoast.com\/product\/yoast-seo-wordpress\/ -->\n<title>Dresser - Smarvet<\/title>\n<meta name=\"robots\" content=\"index, follow, max-snippet:-1, max-image-preview:large, max-video-preview:-1\" \/>\n<link rel=\"canonical\" href=\"https:\/\/smarvet.eu\/bs\/proizvod\/dresser-2\/\" \/>\n<meta property=\"og:locale\" content=\"bs_BA\" \/>\n<meta property=\"og:type\" content=\"article\" \/>\n<meta property=\"og:title\" content=\"Dresser - Smarvet\" \/>\n<meta property=\"og:description\" content=\"The Wood Arts Double Dresser, where craftsmanship meets comfort in an unparalleled fusion of natural beauty and luxury.&hellip;\" \/>\n<meta property=\"og:url\" content=\"https:\/\/smarvet.eu\/bs\/proizvod\/dresser-2\/\" \/>\n<meta property=\"og:site_name\" content=\"Smarvet\" \/>\n<meta property=\"article:modified_time\" content=\"2025-02-25T18:00:40+00:00\" \/>\n<meta property=\"og:image\" content=\"https:\/\/smarvet.eu\/wp-content\/uploads\/2025\/02\/wood-arts-komoda-full-screen-ortho-view.jpg\" \/>\n\t<meta property=\"og:image:width\" content=\"1200\" \/>\n\t<meta property=\"og:image:height\" content=\"800\" \/>\n\t<meta property=\"og:image:type\" content=\"image\/jpeg\" \/>\n<meta name=\"twitter:card\" content=\"summary_large_image\" \/>\n<meta name=\"twitter:label1\" content=\"Est. reading time\" \/>\n\t<meta name=\"twitter:data1\" content=\"1 minuta\" \/>\n<script type=\"application\/ld+json\" class=\"yoast-schema-graph\">{\"@context\":\"https:\\\/\\\/schema.org\",\"@graph\":[{\"@type\":\"WebPage\",\"@id\":\"https:\\\/\\\/smarvet.eu\\\/product\\\/dresser-2\\\/\",\"url\":\"https:\\\/\\\/smarvet.eu\\\/product\\\/dresser-2\\\/\",\"name\":\"Dresser - Smarvet\",\"isPartOf\":{\"@id\":\"https:\\\/\\\/smarvet.eu\\\/#website\"},\"primaryImageOfPage\":{\"@id\":\"https:\\\/\\\/smarvet.eu\\\/product\\\/dresser-2\\\/#primaryimage\"},\"image\":{\"@id\":\"https:\\\/\\\/smarvet.eu\\\/product\\\/dresser-2\\\/#primaryimage\"},\"thumbnailUrl\":\"https:\\\/\\\/smarvet.eu\\\/wp-content\\\/uploads\\\/2025\\\/02\\\/wood-arts-komoda-full-screen-ortho-view.jpg\",\"datePublished\":\"2025-02-13T22:31:48+00:00\",\"dateModified\":\"2025-02-25T18:00:40+00:00\",\"breadcrumb\":{\"@id\":\"https:\\\/\\\/smarvet.eu\\\/product\\\/dresser-2\\\/#breadcrumb\"},\"inLanguage\":\"bs-BA\",\"potentialAction\":[{\"@type\":\"ReadAction\",\"target\":[\"https:\\\/\\\/smarvet.eu\\\/product\\\/dresser-2\\\/\"]}]},{\"@type\":\"ImageObject\",\"inLanguage\":\"bs-BA\",\"@id\":\"https:\\\/\\\/smarvet.eu\\\/product\\\/dresser-2\\\/#primaryimage\",\"url\":\"https:\\\/\\\/smarvet.eu\\\/wp-content\\\/uploads\\\/2025\\\/02\\\/wood-arts-komoda-full-screen-ortho-view.jpg\",\"contentUrl\":\"https:\\\/\\\/smarvet.eu\\\/wp-content\\\/uploads\\\/2025\\\/02\\\/wood-arts-komoda-full-screen-ortho-view.jpg\",\"width\":1200,\"height\":800},{\"@type\":\"BreadcrumbList\",\"@id\":\"https:\\\/\\\/smarvet.eu\\\/product\\\/dresser-2\\\/#breadcrumb\",\"itemListElement\":[{\"@type\":\"ListItem\",\"position\":1,\"name\":\"Home\",\"item\":\"https:\\\/\\\/smarvet.eu\\\/\"},{\"@type\":\"ListItem\",\"position\":2,\"name\":\"Products\",\"item\":\"https:\\\/\\\/smarvet.eu\\\/shop\\\/\"},{\"@type\":\"ListItem\",\"position\":3,\"name\":\"Dresser\"}]},{\"@type\":\"WebSite\",\"@id\":\"https:\\\/\\\/smarvet.eu\\\/#website\",\"url\":\"https:\\\/\\\/smarvet.eu\\\/\",\"name\":\"Smarvet\",\"description\":\"\",\"potentialAction\":[{\"@type\":\"SearchAction\",\"target\":{\"@type\":\"EntryPoint\",\"urlTemplate\":\"https:\\\/\\\/smarvet.eu\\\/?s={search_term_string}\"},\"query-input\":{\"@type\":\"PropertyValueSpecification\",\"valueRequired\":true,\"valueName\":\"search_term_string\"}}],\"inLanguage\":\"bs-BA\"}]}<\/script>\n<!-- \/ Yoast SEO plugin. -->","yoast_head_json":{"title":"Dresser - Smarvet","robots":{"index":"index","follow":"follow","max-snippet":"max-snippet:-1","max-image-preview":"max-image-preview:large","max-video-preview":"max-video-preview:-1"},"canonical":"https:\/\/smarvet.eu\/bs\/proizvod\/dresser-2\/","og_locale":"bs_BA","og_type":"article","og_title":"Dresser - Smarvet","og_description":"The Wood Arts Double Dresser, where craftsmanship meets comfort in an unparalleled fusion of natural beauty and luxury.&hellip;","og_url":"https:\/\/smarvet.eu\/bs\/proizvod\/dresser-2\/","og_site_name":"Smarvet","article_modified_time":"2025-02-25T18:00:40+00:00","og_image":[{"width":1200,"height":800,"url":"https:\/\/smarvet.eu\/wp-content\/uploads\/2025\/02\/wood-arts-komoda-full-screen-ortho-view.jpg","type":"image\/jpeg"}],"twitter_card":"summary_large_image","twitter_misc":{"Est. reading time":"1 minuta"},"schema":{"@context":"https:\/\/schema.org","@graph":[{"@type":"WebPage","@id":"https:\/\/smarvet.eu\/product\/dresser-2\/","url":"https:\/\/smarvet.eu\/product\/dresser-2\/","name":"Dresser - Smarvet","isPartOf":{"@id":"https:\/\/smarvet.eu\/#website"},"primaryImageOfPage":{"@id":"https:\/\/smarvet.eu\/product\/dresser-2\/#primaryimage"},"image":{"@id":"https:\/\/smarvet.eu\/product\/dresser-2\/#primaryimage"},"thumbnailUrl":"https:\/\/smarvet.eu\/wp-content\/uploads\/2025\/02\/wood-arts-komoda-full-screen-ortho-view.jpg","datePublished":"2025-02-13T22:31:48+00:00","dateModified":"2025-02-25T18:00:40+00:00","breadcrumb":{"@id":"https:\/\/smarvet.eu\/product\/dresser-2\/#breadcrumb"},"inLanguage":"bs-BA","potentialAction":[{"@type":"ReadAction","target":["https:\/\/smarvet.eu\/product\/dresser-2\/"]}]},{"@type":"ImageObject","inLanguage":"bs-BA","@id":"https:\/\/smarvet.eu\/product\/dresser-2\/#primaryimage","url":"https:\/\/smarvet.eu\/wp-content\/uploads\/2025\/02\/wood-arts-komoda-full-screen-ortho-view.jpg","contentUrl":"https:\/\/smarvet.eu\/wp-content\/uploads\/2025\/02\/wood-arts-komoda-full-screen-ortho-view.jpg","width":1200,"height":800},{"@type":"BreadcrumbList","@id":"https:\/\/smarvet.eu\/product\/dresser-2\/#breadcrumb","itemListElement":[{"@type":"ListItem","position":1,"name":"Home","item":"https:\/\/smarvet.eu\/"},{"@type":"ListItem","position":2,"name":"Products","item":"https:\/\/smarvet.eu\/shop\/"},{"@type":"ListItem","position":3,"name":"Dresser"}]},{"@type":"WebSite","@id":"https:\/\/smarvet.eu\/#website","url":"https:\/\/smarvet.eu\/","name":"Smarvet","description":"","potentialAction":[{"@type":"SearchAction","target":{"@type":"EntryPoint","urlTemplate":"https:\/\/smarvet.eu\/?s={search_term_string}"},"query-input":{"@type":"PropertyValueSpecification","valueRequired":true,"valueName":"search_term_string"}}],"inLanguage":"bs-BA"}]}},"jetpack_sharing_enabled":true,"_links":{"self":[{"href":"https:\/\/smarvet.eu\/bs\/wp-json\/wp\/v2\/product\/170","targetHints":{"allow":["GET"]}}],"collection":[{"href":"https:\/\/smarvet.eu\/bs\/wp-json\/wp\/v2\/product"}],"about":[{"href":"https:\/\/smarvet.eu\/bs\/wp-json\/wp\/v2\/types\/product"}],"wp:featuredmedia":[{"embeddable":true,"href":"https:\/\/smarvet.eu\/bs\/wp-json\/wp\/v2\/media\/939"}],"wp:attachment":[{"href":"https:\/\/smarvet.eu\/bs\/wp-json\/wp\/v2\/media?parent=170"}],"wp:term":[{"taxonomy":"product_brand","embeddable":true,"href":"https:\/\/smarvet.eu\/bs\/wp-json\/wp\/v2\/product_brand?post=170"},{"taxonomy":"product_cat","embeddable":true,"href":"https:\/\/smarvet.eu\/bs\/wp-json\/wp\/v2\/product_cat?post=170"},{"taxonomy":"product_tag","embeddable":true,"href":"https:\/\/smarvet.eu\/bs\/wp-json\/wp\/v2\/product_tag?post=170"}],"curies":[{"name":"wp","href":"https:\/\/api.w.org\/{rel}","templated":true}]}}