{"id":164,"date":"2025-02-13T22:23:09","date_gmt":"2025-02-13T22:23:09","guid":{"rendered":"https:\/\/smarvet.eu\/?post_type=product&#038;p=164"},"modified":"2025-02-25T18:00:40","modified_gmt":"2025-02-25T18:00:40","slug":"crib","status":"publish","type":"product","link":"https:\/\/smarvet.eu\/bs\/proizvod\/crib\/","title":{"rendered":"Baby krevet"},"content":{"rendered":"<p class=\"translation-block\">Wood Arts Baby Krevet, jednostavan, ali prakti\u010dan dizajn koji ne kompromituje stil. Izra\u0111en da pru\u017ei sigurnost i eleganciju, ovaj baby krevet je savr\u0161en dodatak baby sobi.<\/p>\n<p data-start=\"202\" data-end=\"590\" class=\"translation-block\">Izra\u0111en od visokokvalitetnog masivnog jasenovog drveta, ovaj krevet ima glatku, elegantnu zavr\u0161nu obradu koja nagla\u0161ava prirodnu ljepotu drveta. Njegov minimalisti\u010dki dizajn osigurava besprijekorno uklapanje u svaki dekor baby sobe, dok zadr\u017eava bezvremensku estetiku. S \u010dvrstom izradom i dizajnom koji vodi ra\u010duna o sigurnosti, Wood Arts Baby Krevet pru\u017ea miran san i udobnost va\u0161em mali\u0161anu.<\/p>\n<p data-start=\"592\" data-end=\"763\" data-is-last-node=\"\">Ovaj krevet je funkcionalan, dizajnerski osmi\u0161ljen komad koji spaja prakti\u010dnost s trajnim stilom, stvaraju\u0107i savr\u0161en temelj za mirne no\u0107i va\u0161eg mali\u0161ana.<\/p>","protected":false},"excerpt":{"rendered":"<p>The Wood Arts Baby Crib, a simple yet practical design that doesn\u2019t compromise on style. Crafted to provide&hellip;<\/p>","protected":false},"featured_media":913,"template":"","meta":[],"product_brand":[20],"product_cat":[39,32,37],"product_tag":[],"class_list":{"0":"post-164","1":"product","2":"type-product","3":"status-publish","4":"has-post-thumbnail","6":"product_brand-smarvet","7":"product_cat-baby-room","8":"product_cat-designer-collections","9":"product_cat-wood-arts-collection","11":"first","12":"instock","13":"sold-individually","14":"shipping-taxable","15":"product-type-variable","16":"has-default-attributes"},"yoast_head":"<!-- This site is optimized with the Yoast SEO plugin v27.3 - https:\/\/yoast.com\/product\/yoast-seo-wordpress\/ -->\n<title>Crib - Smarvet<\/title>\n<meta name=\"robots\" content=\"index, follow, max-snippet:-1, max-image-preview:large, max-video-preview:-1\" \/>\n<link rel=\"canonical\" href=\"https:\/\/smarvet.eu\/bs\/proizvod\/crib\/\" \/>\n<meta property=\"og:locale\" content=\"bs_BA\" \/>\n<meta property=\"og:type\" content=\"article\" \/>\n<meta property=\"og:title\" content=\"Crib - Smarvet\" \/>\n<meta property=\"og:description\" content=\"The Wood Arts Baby Crib, a simple yet practical design that doesn\u2019t compromise on style. Crafted to provide&hellip;\" \/>\n<meta property=\"og:url\" content=\"https:\/\/smarvet.eu\/bs\/proizvod\/crib\/\" \/>\n<meta property=\"og:site_name\" content=\"Smarvet\" \/>\n<meta property=\"article:modified_time\" content=\"2025-02-25T18:00:40+00:00\" \/>\n<meta property=\"og:image\" content=\"https:\/\/smarvet.eu\/wp-content\/uploads\/2025\/02\/wood-arts-baby-krevet-crib-front-full.jpg\" \/>\n\t<meta property=\"og:image:width\" content=\"1200\" \/>\n\t<meta property=\"og:image:height\" content=\"800\" \/>\n\t<meta property=\"og:image:type\" content=\"image\/jpeg\" \/>\n<meta name=\"twitter:card\" content=\"summary_large_image\" \/>\n<meta name=\"twitter:label1\" content=\"Est. reading time\" \/>\n\t<meta name=\"twitter:data1\" content=\"1 minuta\" \/>\n<script type=\"application\/ld+json\" class=\"yoast-schema-graph\">{\"@context\":\"https:\\\/\\\/schema.org\",\"@graph\":[{\"@type\":\"WebPage\",\"@id\":\"https:\\\/\\\/smarvet.eu\\\/product\\\/crib\\\/\",\"url\":\"https:\\\/\\\/smarvet.eu\\\/product\\\/crib\\\/\",\"name\":\"Crib - Smarvet\",\"isPartOf\":{\"@id\":\"https:\\\/\\\/smarvet.eu\\\/#website\"},\"primaryImageOfPage\":{\"@id\":\"https:\\\/\\\/smarvet.eu\\\/product\\\/crib\\\/#primaryimage\"},\"image\":{\"@id\":\"https:\\\/\\\/smarvet.eu\\\/product\\\/crib\\\/#primaryimage\"},\"thumbnailUrl\":\"https:\\\/\\\/smarvet.eu\\\/wp-content\\\/uploads\\\/2025\\\/02\\\/wood-arts-baby-krevet-crib-front-full.jpg\",\"datePublished\":\"2025-02-13T22:23:09+00:00\",\"dateModified\":\"2025-02-25T18:00:40+00:00\",\"breadcrumb\":{\"@id\":\"https:\\\/\\\/smarvet.eu\\\/product\\\/crib\\\/#breadcrumb\"},\"inLanguage\":\"bs-BA\",\"potentialAction\":[{\"@type\":\"ReadAction\",\"target\":[\"https:\\\/\\\/smarvet.eu\\\/product\\\/crib\\\/\"]}]},{\"@type\":\"ImageObject\",\"inLanguage\":\"bs-BA\",\"@id\":\"https:\\\/\\\/smarvet.eu\\\/product\\\/crib\\\/#primaryimage\",\"url\":\"https:\\\/\\\/smarvet.eu\\\/wp-content\\\/uploads\\\/2025\\\/02\\\/wood-arts-baby-krevet-crib-front-full.jpg\",\"contentUrl\":\"https:\\\/\\\/smarvet.eu\\\/wp-content\\\/uploads\\\/2025\\\/02\\\/wood-arts-baby-krevet-crib-front-full.jpg\",\"width\":1200,\"height\":800},{\"@type\":\"BreadcrumbList\",\"@id\":\"https:\\\/\\\/smarvet.eu\\\/product\\\/crib\\\/#breadcrumb\",\"itemListElement\":[{\"@type\":\"ListItem\",\"position\":1,\"name\":\"Home\",\"item\":\"https:\\\/\\\/smarvet.eu\\\/\"},{\"@type\":\"ListItem\",\"position\":2,\"name\":\"Products\",\"item\":\"https:\\\/\\\/smarvet.eu\\\/shop\\\/\"},{\"@type\":\"ListItem\",\"position\":3,\"name\":\"Crib\"}]},{\"@type\":\"WebSite\",\"@id\":\"https:\\\/\\\/smarvet.eu\\\/#website\",\"url\":\"https:\\\/\\\/smarvet.eu\\\/\",\"name\":\"Smarvet\",\"description\":\"\",\"potentialAction\":[{\"@type\":\"SearchAction\",\"target\":{\"@type\":\"EntryPoint\",\"urlTemplate\":\"https:\\\/\\\/smarvet.eu\\\/?s={search_term_string}\"},\"query-input\":{\"@type\":\"PropertyValueSpecification\",\"valueRequired\":true,\"valueName\":\"search_term_string\"}}],\"inLanguage\":\"bs-BA\"}]}<\/script>\n<!-- \/ Yoast SEO plugin. -->","yoast_head_json":{"title":"Crib - Smarvet","robots":{"index":"index","follow":"follow","max-snippet":"max-snippet:-1","max-image-preview":"max-image-preview:large","max-video-preview":"max-video-preview:-1"},"canonical":"https:\/\/smarvet.eu\/bs\/proizvod\/crib\/","og_locale":"bs_BA","og_type":"article","og_title":"Crib - Smarvet","og_description":"The Wood Arts Baby Crib, a simple yet practical design that doesn\u2019t compromise on style. Crafted to provide&hellip;","og_url":"https:\/\/smarvet.eu\/bs\/proizvod\/crib\/","og_site_name":"Smarvet","article_modified_time":"2025-02-25T18:00:40+00:00","og_image":[{"width":1200,"height":800,"url":"https:\/\/smarvet.eu\/wp-content\/uploads\/2025\/02\/wood-arts-baby-krevet-crib-front-full.jpg","type":"image\/jpeg"}],"twitter_card":"summary_large_image","twitter_misc":{"Est. reading time":"1 minuta"},"schema":{"@context":"https:\/\/schema.org","@graph":[{"@type":"WebPage","@id":"https:\/\/smarvet.eu\/product\/crib\/","url":"https:\/\/smarvet.eu\/product\/crib\/","name":"Crib - Smarvet","isPartOf":{"@id":"https:\/\/smarvet.eu\/#website"},"primaryImageOfPage":{"@id":"https:\/\/smarvet.eu\/product\/crib\/#primaryimage"},"image":{"@id":"https:\/\/smarvet.eu\/product\/crib\/#primaryimage"},"thumbnailUrl":"https:\/\/smarvet.eu\/wp-content\/uploads\/2025\/02\/wood-arts-baby-krevet-crib-front-full.jpg","datePublished":"2025-02-13T22:23:09+00:00","dateModified":"2025-02-25T18:00:40+00:00","breadcrumb":{"@id":"https:\/\/smarvet.eu\/product\/crib\/#breadcrumb"},"inLanguage":"bs-BA","potentialAction":[{"@type":"ReadAction","target":["https:\/\/smarvet.eu\/product\/crib\/"]}]},{"@type":"ImageObject","inLanguage":"bs-BA","@id":"https:\/\/smarvet.eu\/product\/crib\/#primaryimage","url":"https:\/\/smarvet.eu\/wp-content\/uploads\/2025\/02\/wood-arts-baby-krevet-crib-front-full.jpg","contentUrl":"https:\/\/smarvet.eu\/wp-content\/uploads\/2025\/02\/wood-arts-baby-krevet-crib-front-full.jpg","width":1200,"height":800},{"@type":"BreadcrumbList","@id":"https:\/\/smarvet.eu\/product\/crib\/#breadcrumb","itemListElement":[{"@type":"ListItem","position":1,"name":"Home","item":"https:\/\/smarvet.eu\/"},{"@type":"ListItem","position":2,"name":"Products","item":"https:\/\/smarvet.eu\/shop\/"},{"@type":"ListItem","position":3,"name":"Crib"}]},{"@type":"WebSite","@id":"https:\/\/smarvet.eu\/#website","url":"https:\/\/smarvet.eu\/","name":"Smarvet","description":"","potentialAction":[{"@type":"SearchAction","target":{"@type":"EntryPoint","urlTemplate":"https:\/\/smarvet.eu\/?s={search_term_string}"},"query-input":{"@type":"PropertyValueSpecification","valueRequired":true,"valueName":"search_term_string"}}],"inLanguage":"bs-BA"}]}},"jetpack_sharing_enabled":true,"_links":{"self":[{"href":"https:\/\/smarvet.eu\/bs\/wp-json\/wp\/v2\/product\/164","targetHints":{"allow":["GET"]}}],"collection":[{"href":"https:\/\/smarvet.eu\/bs\/wp-json\/wp\/v2\/product"}],"about":[{"href":"https:\/\/smarvet.eu\/bs\/wp-json\/wp\/v2\/types\/product"}],"wp:featuredmedia":[{"embeddable":true,"href":"https:\/\/smarvet.eu\/bs\/wp-json\/wp\/v2\/media\/913"}],"wp:attachment":[{"href":"https:\/\/smarvet.eu\/bs\/wp-json\/wp\/v2\/media?parent=164"}],"wp:term":[{"taxonomy":"product_brand","embeddable":true,"href":"https:\/\/smarvet.eu\/bs\/wp-json\/wp\/v2\/product_brand?post=164"},{"taxonomy":"product_cat","embeddable":true,"href":"https:\/\/smarvet.eu\/bs\/wp-json\/wp\/v2\/product_cat?post=164"},{"taxonomy":"product_tag","embeddable":true,"href":"https:\/\/smarvet.eu\/bs\/wp-json\/wp\/v2\/product_tag?post=164"}],"curies":[{"name":"wp","href":"https:\/\/api.w.org\/{rel}","templated":true}]}}