{"id":1617,"date":"2025-02-25T17:38:28","date_gmt":"2025-02-25T17:38:28","guid":{"rendered":"https:\/\/smarvet.eu\/?post_type=product&#038;p=1617"},"modified":"2025-12-26T11:30:13","modified_gmt":"2025-12-26T10:30:13","slug":"wood-arts-night-stand","status":"publish","type":"product","link":"https:\/\/smarvet.eu\/bs\/proizvod\/wood-arts-night-stand\/","title":{"rendered":"No\u0107nik Wood Arts"},"content":{"rendered":"<p>The <strong>No\u0107nik Wood Arts<\/strong>, a beautifully crafted piece that blends simplicity with timeless elegance. Designed to complement any bedroom, this night stand offers both style and practicality.<\/p>\n<p class=\"translation-block\">Izra\u0111en od masivnog jasenovog drveta, no\u0107ni ormari\u0107 isti\u010de jedinstvenu teksturu i prirodne \u010dvorove, unose\u0107i toplinu i karakter u va\u0161 prostor. Otvoreni dizajn stvara elegantan, prozra\u010dan dojam, omogu\u0107avaju\u0107i lak pristup va\u0161im osnovnim stvarima, dok odr\u017eava \u010dist i uredan izgled. Prostrana gornja povr\u0161ina i donja otvorena polica pru\u017eaju funkcionalan prostor za odlaganje va\u0161ih predmeta.<\/p>\n<p>The <strong>No\u0107nik Wood Arts<\/strong> is the perfect blend of form and function, bringing modern elegance and rustic charm into your bedroom.<\/p>","protected":false},"excerpt":{"rendered":"<p>Elegantno drvo jasena, otvoren dizajn, bezvremenska elegancija.<\/p>","protected":false},"featured_media":1868,"template":"","meta":[],"product_brand":[20],"product_cat":[32,37,40,71],"product_tag":[],"class_list":{"0":"post-1617","1":"product","2":"type-product","3":"status-publish","4":"has-post-thumbnail","6":"product_brand-smarvet","7":"product_cat-designer-collections","8":"product_cat-wood-arts-collection","9":"product_cat-bedroom-furniture","10":"product_cat-night-stand","12":"first","13":"instock","14":"sold-individually","15":"shipping-taxable","16":"product-type-variable"},"yoast_head":"<!-- This site is optimized with the Yoast SEO plugin v27.3 - https:\/\/yoast.com\/product\/yoast-seo-wordpress\/ -->\n<title>Wood Arts Night Stand - Smarvet<\/title>\n<meta name=\"robots\" content=\"index, follow, max-snippet:-1, max-image-preview:large, max-video-preview:-1\" \/>\n<link rel=\"canonical\" href=\"https:\/\/smarvet.eu\/bs\/proizvod\/wood-arts-night-stand\/\" \/>\n<meta property=\"og:locale\" content=\"bs_BA\" \/>\n<meta property=\"og:type\" content=\"article\" \/>\n<meta property=\"og:title\" content=\"Wood Arts Night Stand - Smarvet\" \/>\n<meta property=\"og:description\" content=\"Sleek ash wood, open design, timeless elegance.\" \/>\n<meta property=\"og:url\" content=\"https:\/\/smarvet.eu\/bs\/proizvod\/wood-arts-night-stand\/\" \/>\n<meta property=\"og:site_name\" content=\"Smarvet\" \/>\n<meta property=\"article:modified_time\" content=\"2025-12-26T10:30:13+00:00\" \/>\n<meta property=\"og:image\" content=\"https:\/\/smarvet.eu\/wp-content\/uploads\/2025\/02\/DSC_5641.jpg\" \/>\n\t<meta property=\"og:image:width\" content=\"1333\" \/>\n\t<meta property=\"og:image:height\" content=\"2000\" \/>\n\t<meta property=\"og:image:type\" content=\"image\/jpeg\" \/>\n<meta name=\"twitter:card\" content=\"summary_large_image\" \/>\n<meta name=\"twitter:label1\" content=\"Est. reading time\" \/>\n\t<meta name=\"twitter:data1\" content=\"1 minuta\" \/>\n<script type=\"application\/ld+json\" class=\"yoast-schema-graph\">{\"@context\":\"https:\\\/\\\/schema.org\",\"@graph\":[{\"@type\":\"WebPage\",\"@id\":\"https:\\\/\\\/smarvet.eu\\\/product\\\/wood-arts-night-stand\\\/\",\"url\":\"https:\\\/\\\/smarvet.eu\\\/product\\\/wood-arts-night-stand\\\/\",\"name\":\"Wood Arts Night Stand - Smarvet\",\"isPartOf\":{\"@id\":\"https:\\\/\\\/smarvet.eu\\\/#website\"},\"primaryImageOfPage\":{\"@id\":\"https:\\\/\\\/smarvet.eu\\\/product\\\/wood-arts-night-stand\\\/#primaryimage\"},\"image\":{\"@id\":\"https:\\\/\\\/smarvet.eu\\\/product\\\/wood-arts-night-stand\\\/#primaryimage\"},\"thumbnailUrl\":\"https:\\\/\\\/smarvet.eu\\\/wp-content\\\/uploads\\\/2025\\\/02\\\/DSC_5641.jpg\",\"datePublished\":\"2025-02-25T17:38:28+00:00\",\"dateModified\":\"2025-12-26T10:30:13+00:00\",\"breadcrumb\":{\"@id\":\"https:\\\/\\\/smarvet.eu\\\/product\\\/wood-arts-night-stand\\\/#breadcrumb\"},\"inLanguage\":\"bs-BA\",\"potentialAction\":[{\"@type\":\"ReadAction\",\"target\":[\"https:\\\/\\\/smarvet.eu\\\/product\\\/wood-arts-night-stand\\\/\"]}]},{\"@type\":\"ImageObject\",\"inLanguage\":\"bs-BA\",\"@id\":\"https:\\\/\\\/smarvet.eu\\\/product\\\/wood-arts-night-stand\\\/#primaryimage\",\"url\":\"https:\\\/\\\/smarvet.eu\\\/wp-content\\\/uploads\\\/2025\\\/02\\\/DSC_5641.jpg\",\"contentUrl\":\"https:\\\/\\\/smarvet.eu\\\/wp-content\\\/uploads\\\/2025\\\/02\\\/DSC_5641.jpg\",\"width\":1333,\"height\":2000},{\"@type\":\"BreadcrumbList\",\"@id\":\"https:\\\/\\\/smarvet.eu\\\/product\\\/wood-arts-night-stand\\\/#breadcrumb\",\"itemListElement\":[{\"@type\":\"ListItem\",\"position\":1,\"name\":\"Home\",\"item\":\"https:\\\/\\\/smarvet.eu\\\/\"},{\"@type\":\"ListItem\",\"position\":2,\"name\":\"Products\",\"item\":\"https:\\\/\\\/smarvet.eu\\\/shop\\\/\"},{\"@type\":\"ListItem\",\"position\":3,\"name\":\"Wood Arts Night Stand\"}]},{\"@type\":\"WebSite\",\"@id\":\"https:\\\/\\\/smarvet.eu\\\/#website\",\"url\":\"https:\\\/\\\/smarvet.eu\\\/\",\"name\":\"Smarvet\",\"description\":\"\",\"potentialAction\":[{\"@type\":\"SearchAction\",\"target\":{\"@type\":\"EntryPoint\",\"urlTemplate\":\"https:\\\/\\\/smarvet.eu\\\/?s={search_term_string}\"},\"query-input\":{\"@type\":\"PropertyValueSpecification\",\"valueRequired\":true,\"valueName\":\"search_term_string\"}}],\"inLanguage\":\"bs-BA\"}]}<\/script>\n<!-- \/ Yoast SEO plugin. -->","yoast_head_json":{"title":"Wood Arts Night Stand - Smarvet","robots":{"index":"index","follow":"follow","max-snippet":"max-snippet:-1","max-image-preview":"max-image-preview:large","max-video-preview":"max-video-preview:-1"},"canonical":"https:\/\/smarvet.eu\/bs\/proizvod\/wood-arts-night-stand\/","og_locale":"bs_BA","og_type":"article","og_title":"Wood Arts Night Stand - Smarvet","og_description":"Sleek ash wood, open design, timeless elegance.","og_url":"https:\/\/smarvet.eu\/bs\/proizvod\/wood-arts-night-stand\/","og_site_name":"Smarvet","article_modified_time":"2025-12-26T10:30:13+00:00","og_image":[{"width":1333,"height":2000,"url":"https:\/\/smarvet.eu\/wp-content\/uploads\/2025\/02\/DSC_5641.jpg","type":"image\/jpeg"}],"twitter_card":"summary_large_image","twitter_misc":{"Est. reading time":"1 minuta"},"schema":{"@context":"https:\/\/schema.org","@graph":[{"@type":"WebPage","@id":"https:\/\/smarvet.eu\/product\/wood-arts-night-stand\/","url":"https:\/\/smarvet.eu\/product\/wood-arts-night-stand\/","name":"Wood Arts Night Stand - Smarvet","isPartOf":{"@id":"https:\/\/smarvet.eu\/#website"},"primaryImageOfPage":{"@id":"https:\/\/smarvet.eu\/product\/wood-arts-night-stand\/#primaryimage"},"image":{"@id":"https:\/\/smarvet.eu\/product\/wood-arts-night-stand\/#primaryimage"},"thumbnailUrl":"https:\/\/smarvet.eu\/wp-content\/uploads\/2025\/02\/DSC_5641.jpg","datePublished":"2025-02-25T17:38:28+00:00","dateModified":"2025-12-26T10:30:13+00:00","breadcrumb":{"@id":"https:\/\/smarvet.eu\/product\/wood-arts-night-stand\/#breadcrumb"},"inLanguage":"bs-BA","potentialAction":[{"@type":"ReadAction","target":["https:\/\/smarvet.eu\/product\/wood-arts-night-stand\/"]}]},{"@type":"ImageObject","inLanguage":"bs-BA","@id":"https:\/\/smarvet.eu\/product\/wood-arts-night-stand\/#primaryimage","url":"https:\/\/smarvet.eu\/wp-content\/uploads\/2025\/02\/DSC_5641.jpg","contentUrl":"https:\/\/smarvet.eu\/wp-content\/uploads\/2025\/02\/DSC_5641.jpg","width":1333,"height":2000},{"@type":"BreadcrumbList","@id":"https:\/\/smarvet.eu\/product\/wood-arts-night-stand\/#breadcrumb","itemListElement":[{"@type":"ListItem","position":1,"name":"Home","item":"https:\/\/smarvet.eu\/"},{"@type":"ListItem","position":2,"name":"Products","item":"https:\/\/smarvet.eu\/shop\/"},{"@type":"ListItem","position":3,"name":"Wood Arts Night Stand"}]},{"@type":"WebSite","@id":"https:\/\/smarvet.eu\/#website","url":"https:\/\/smarvet.eu\/","name":"Smarvet","description":"","potentialAction":[{"@type":"SearchAction","target":{"@type":"EntryPoint","urlTemplate":"https:\/\/smarvet.eu\/?s={search_term_string}"},"query-input":{"@type":"PropertyValueSpecification","valueRequired":true,"valueName":"search_term_string"}}],"inLanguage":"bs-BA"}]}},"jetpack_sharing_enabled":true,"_links":{"self":[{"href":"https:\/\/smarvet.eu\/bs\/wp-json\/wp\/v2\/product\/1617","targetHints":{"allow":["GET"]}}],"collection":[{"href":"https:\/\/smarvet.eu\/bs\/wp-json\/wp\/v2\/product"}],"about":[{"href":"https:\/\/smarvet.eu\/bs\/wp-json\/wp\/v2\/types\/product"}],"wp:featuredmedia":[{"embeddable":true,"href":"https:\/\/smarvet.eu\/bs\/wp-json\/wp\/v2\/media\/1868"}],"wp:attachment":[{"href":"https:\/\/smarvet.eu\/bs\/wp-json\/wp\/v2\/media?parent=1617"}],"wp:term":[{"taxonomy":"product_brand","embeddable":true,"href":"https:\/\/smarvet.eu\/bs\/wp-json\/wp\/v2\/product_brand?post=1617"},{"taxonomy":"product_cat","embeddable":true,"href":"https:\/\/smarvet.eu\/bs\/wp-json\/wp\/v2\/product_cat?post=1617"},{"taxonomy":"product_tag","embeddable":true,"href":"https:\/\/smarvet.eu\/bs\/wp-json\/wp\/v2\/product_tag?post=1617"}],"curies":[{"name":"wp","href":"https:\/\/api.w.org\/{rel}","templated":true}]}}