{"id":1615,"date":"2025-02-25T17:36:19","date_gmt":"2025-02-25T17:36:19","guid":{"rendered":"https:\/\/smarvet.eu\/?post_type=product&#038;p=1615"},"modified":"2025-10-21T09:31:59","modified_gmt":"2025-10-21T07:31:59","slug":"wood-arts-bed","status":"publish","type":"product","link":"https:\/\/smarvet.eu\/bs\/proizvod\/wood-arts-bed\/","title":{"rendered":"Wood Arts Krevet"},"content":{"rendered":"<p class=\"translation-block\">Wood Arts krevet \u2013 spoj vrhunskog zanatstva i udobnosti u jedinstvenoj harmoniji prirodne ljepote i luksuza. Ovaj elegantni krevet odraz je majstorske izrade, osmi\u0161ljen da pru\u017ei spokojno i rasko\u0161no iskustvo spavanja.<\/p>\n<p data-start=\"244\" data-end=\"614\" class=\"translation-block\">Izra\u0111en od masivnog jasenovog drveta, Wood Arts krevet isti\u010de jedinstvenu teksturu drveta koja unosi karakter i dubinu u njegov dizajn. Prirodni \u010dvorovi dodatno nagla\u0161avaju rusti\u010dnu toplinu, stvaraju\u0107i komad koji odi\u0161e bezvremenskom elegancijom i profinjeno\u0161\u0107u. Njegova predivna paleta toplih tonova savr\u0161eno se uklapa u prirodnu estetiku drveta, \u010dine\u0107i ga idealnim dodatkom svakoj spava\u0107oj sobi.<\/p>","protected":false},"excerpt":{"rendered":"<p>Izra\u0111en od jasenovog drveta, bezvremenski luksuz.<\/p>","protected":false},"featured_media":931,"template":"","meta":[],"product_brand":[20],"product_cat":[32,37,40,70],"product_tag":[],"class_list":{"0":"post-1615","1":"product","2":"type-product","3":"status-publish","4":"has-post-thumbnail","6":"product_brand-smarvet","7":"product_cat-designer-collections","8":"product_cat-wood-arts-collection","9":"product_cat-bedroom-furniture","10":"product_cat-beds","12":"first","13":"instock","14":"sold-individually","15":"shipping-taxable","16":"product-type-variable","17":"has-default-attributes"},"yoast_head":"<!-- This site is optimized with the Yoast SEO plugin v27.3 - https:\/\/yoast.com\/product\/yoast-seo-wordpress\/ -->\n<title>Wood Arts Bed - Smarvet<\/title>\n<meta name=\"robots\" content=\"index, follow, max-snippet:-1, max-image-preview:large, max-video-preview:-1\" \/>\n<link rel=\"canonical\" href=\"https:\/\/smarvet.eu\/bs\/proizvod\/wood-arts-bed\/\" \/>\n<meta property=\"og:locale\" content=\"bs_BA\" \/>\n<meta property=\"og:type\" content=\"article\" \/>\n<meta property=\"og:title\" content=\"Wood Arts Bed - Smarvet\" \/>\n<meta property=\"og:description\" content=\"Crafted ash wood, timeless luxury.\" \/>\n<meta property=\"og:url\" content=\"https:\/\/smarvet.eu\/bs\/proizvod\/wood-arts-bed\/\" \/>\n<meta property=\"og:site_name\" content=\"Smarvet\" \/>\n<meta property=\"article:modified_time\" content=\"2025-10-21T07:31:59+00:00\" \/>\n<meta property=\"og:image\" content=\"https:\/\/smarvet.eu\/wp-content\/uploads\/2025\/02\/wood-arts-krevet-ambiente.jpg\" \/>\n\t<meta property=\"og:image:width\" content=\"1200\" \/>\n\t<meta property=\"og:image:height\" content=\"800\" \/>\n\t<meta property=\"og:image:type\" content=\"image\/jpeg\" \/>\n<meta name=\"twitter:card\" content=\"summary_large_image\" \/>\n<meta name=\"twitter:label1\" content=\"Est. reading time\" \/>\n\t<meta name=\"twitter:data1\" content=\"1 minuta\" \/>\n<script type=\"application\/ld+json\" class=\"yoast-schema-graph\">{\"@context\":\"https:\\\/\\\/schema.org\",\"@graph\":[{\"@type\":\"WebPage\",\"@id\":\"https:\\\/\\\/smarvet.eu\\\/product\\\/wood-arts-bed\\\/\",\"url\":\"https:\\\/\\\/smarvet.eu\\\/product\\\/wood-arts-bed\\\/\",\"name\":\"Wood Arts Bed - Smarvet\",\"isPartOf\":{\"@id\":\"https:\\\/\\\/smarvet.eu\\\/#website\"},\"primaryImageOfPage\":{\"@id\":\"https:\\\/\\\/smarvet.eu\\\/product\\\/wood-arts-bed\\\/#primaryimage\"},\"image\":{\"@id\":\"https:\\\/\\\/smarvet.eu\\\/product\\\/wood-arts-bed\\\/#primaryimage\"},\"thumbnailUrl\":\"https:\\\/\\\/smarvet.eu\\\/wp-content\\\/uploads\\\/2025\\\/02\\\/wood-arts-krevet-ambiente.jpg\",\"datePublished\":\"2025-02-25T17:36:19+00:00\",\"dateModified\":\"2025-10-21T07:31:59+00:00\",\"breadcrumb\":{\"@id\":\"https:\\\/\\\/smarvet.eu\\\/product\\\/wood-arts-bed\\\/#breadcrumb\"},\"inLanguage\":\"bs-BA\",\"potentialAction\":[{\"@type\":\"ReadAction\",\"target\":[\"https:\\\/\\\/smarvet.eu\\\/product\\\/wood-arts-bed\\\/\"]}]},{\"@type\":\"ImageObject\",\"inLanguage\":\"bs-BA\",\"@id\":\"https:\\\/\\\/smarvet.eu\\\/product\\\/wood-arts-bed\\\/#primaryimage\",\"url\":\"https:\\\/\\\/smarvet.eu\\\/wp-content\\\/uploads\\\/2025\\\/02\\\/wood-arts-krevet-ambiente.jpg\",\"contentUrl\":\"https:\\\/\\\/smarvet.eu\\\/wp-content\\\/uploads\\\/2025\\\/02\\\/wood-arts-krevet-ambiente.jpg\",\"width\":1200,\"height\":800},{\"@type\":\"BreadcrumbList\",\"@id\":\"https:\\\/\\\/smarvet.eu\\\/product\\\/wood-arts-bed\\\/#breadcrumb\",\"itemListElement\":[{\"@type\":\"ListItem\",\"position\":1,\"name\":\"Home\",\"item\":\"https:\\\/\\\/smarvet.eu\\\/\"},{\"@type\":\"ListItem\",\"position\":2,\"name\":\"Products\",\"item\":\"https:\\\/\\\/smarvet.eu\\\/shop\\\/\"},{\"@type\":\"ListItem\",\"position\":3,\"name\":\"Wood Arts Bed\"}]},{\"@type\":\"WebSite\",\"@id\":\"https:\\\/\\\/smarvet.eu\\\/#website\",\"url\":\"https:\\\/\\\/smarvet.eu\\\/\",\"name\":\"Smarvet\",\"description\":\"\",\"potentialAction\":[{\"@type\":\"SearchAction\",\"target\":{\"@type\":\"EntryPoint\",\"urlTemplate\":\"https:\\\/\\\/smarvet.eu\\\/?s={search_term_string}\"},\"query-input\":{\"@type\":\"PropertyValueSpecification\",\"valueRequired\":true,\"valueName\":\"search_term_string\"}}],\"inLanguage\":\"bs-BA\"}]}<\/script>\n<!-- \/ Yoast SEO plugin. -->","yoast_head_json":{"title":"Wood Arts Bed - Smarvet","robots":{"index":"index","follow":"follow","max-snippet":"max-snippet:-1","max-image-preview":"max-image-preview:large","max-video-preview":"max-video-preview:-1"},"canonical":"https:\/\/smarvet.eu\/bs\/proizvod\/wood-arts-bed\/","og_locale":"bs_BA","og_type":"article","og_title":"Wood Arts Bed - Smarvet","og_description":"Crafted ash wood, timeless luxury.","og_url":"https:\/\/smarvet.eu\/bs\/proizvod\/wood-arts-bed\/","og_site_name":"Smarvet","article_modified_time":"2025-10-21T07:31:59+00:00","og_image":[{"width":1200,"height":800,"url":"https:\/\/smarvet.eu\/wp-content\/uploads\/2025\/02\/wood-arts-krevet-ambiente.jpg","type":"image\/jpeg"}],"twitter_card":"summary_large_image","twitter_misc":{"Est. reading time":"1 minuta"},"schema":{"@context":"https:\/\/schema.org","@graph":[{"@type":"WebPage","@id":"https:\/\/smarvet.eu\/product\/wood-arts-bed\/","url":"https:\/\/smarvet.eu\/product\/wood-arts-bed\/","name":"Wood Arts Bed - Smarvet","isPartOf":{"@id":"https:\/\/smarvet.eu\/#website"},"primaryImageOfPage":{"@id":"https:\/\/smarvet.eu\/product\/wood-arts-bed\/#primaryimage"},"image":{"@id":"https:\/\/smarvet.eu\/product\/wood-arts-bed\/#primaryimage"},"thumbnailUrl":"https:\/\/smarvet.eu\/wp-content\/uploads\/2025\/02\/wood-arts-krevet-ambiente.jpg","datePublished":"2025-02-25T17:36:19+00:00","dateModified":"2025-10-21T07:31:59+00:00","breadcrumb":{"@id":"https:\/\/smarvet.eu\/product\/wood-arts-bed\/#breadcrumb"},"inLanguage":"bs-BA","potentialAction":[{"@type":"ReadAction","target":["https:\/\/smarvet.eu\/product\/wood-arts-bed\/"]}]},{"@type":"ImageObject","inLanguage":"bs-BA","@id":"https:\/\/smarvet.eu\/product\/wood-arts-bed\/#primaryimage","url":"https:\/\/smarvet.eu\/wp-content\/uploads\/2025\/02\/wood-arts-krevet-ambiente.jpg","contentUrl":"https:\/\/smarvet.eu\/wp-content\/uploads\/2025\/02\/wood-arts-krevet-ambiente.jpg","width":1200,"height":800},{"@type":"BreadcrumbList","@id":"https:\/\/smarvet.eu\/product\/wood-arts-bed\/#breadcrumb","itemListElement":[{"@type":"ListItem","position":1,"name":"Home","item":"https:\/\/smarvet.eu\/"},{"@type":"ListItem","position":2,"name":"Products","item":"https:\/\/smarvet.eu\/shop\/"},{"@type":"ListItem","position":3,"name":"Wood Arts Bed"}]},{"@type":"WebSite","@id":"https:\/\/smarvet.eu\/#website","url":"https:\/\/smarvet.eu\/","name":"Smarvet","description":"","potentialAction":[{"@type":"SearchAction","target":{"@type":"EntryPoint","urlTemplate":"https:\/\/smarvet.eu\/?s={search_term_string}"},"query-input":{"@type":"PropertyValueSpecification","valueRequired":true,"valueName":"search_term_string"}}],"inLanguage":"bs-BA"}]}},"jetpack_sharing_enabled":true,"_links":{"self":[{"href":"https:\/\/smarvet.eu\/bs\/wp-json\/wp\/v2\/product\/1615","targetHints":{"allow":["GET"]}}],"collection":[{"href":"https:\/\/smarvet.eu\/bs\/wp-json\/wp\/v2\/product"}],"about":[{"href":"https:\/\/smarvet.eu\/bs\/wp-json\/wp\/v2\/types\/product"}],"wp:featuredmedia":[{"embeddable":true,"href":"https:\/\/smarvet.eu\/bs\/wp-json\/wp\/v2\/media\/931"}],"wp:attachment":[{"href":"https:\/\/smarvet.eu\/bs\/wp-json\/wp\/v2\/media?parent=1615"}],"wp:term":[{"taxonomy":"product_brand","embeddable":true,"href":"https:\/\/smarvet.eu\/bs\/wp-json\/wp\/v2\/product_brand?post=1615"},{"taxonomy":"product_cat","embeddable":true,"href":"https:\/\/smarvet.eu\/bs\/wp-json\/wp\/v2\/product_cat?post=1615"},{"taxonomy":"product_tag","embeddable":true,"href":"https:\/\/smarvet.eu\/bs\/wp-json\/wp\/v2\/product_tag?post=1615"}],"curies":[{"name":"wp","href":"https:\/\/api.w.org\/{rel}","templated":true}]}}