{"id":1611,"date":"2025-02-25T17:32:23","date_gmt":"2025-02-25T17:32:23","guid":{"rendered":"https:\/\/smarvet.eu\/?post_type=product&#038;p=1611"},"modified":"2025-03-03T14:14:13","modified_gmt":"2025-03-03T14:14:13","slug":"bed-inat","status":"publish","type":"product","link":"https:\/\/smarvet.eu\/bs\/proizvod\/bed-inat\/","title":{"rendered":"Krevet"},"content":{"rendered":"<p class=\"translation-block\">Unesite dozu luksuza i elegancije u svoj prostor s Inat krevetom, komadom koji spaja funkcionalnost i bezvremenski dizajn.<\/p>\n<p class=\"translation-block\">Izra\u0111en od masivnog jasenovog drveta, ovaj krevet ima predivno zakrivljene noge i elegantno oblikovanu uzglavlje, dodaju\u0107i meki, organski dodir svakom prostoru. Njegov profinjeni dizajn spaja udobnost i stil, s jedinstvenom estetikom koja unapre\u0111uje ukupnu atmosferu va\u0161e sobe, \u010dine\u0107i ga savr\u0161enom kombinacijom forme i funkcije.<\/p>\n<p><em><strong>Dizajnirao Edin Li\u010dina<\/strong><\/em><br \/>\n<img fetchpriority=\"high\" decoding=\"async\" class=\"alignleft wp-image-1162 size-large\" src=\"https:\/\/smarvet.eu\/wp-content\/uploads\/2025\/02\/designer_edin-scaled-e1740061608439-1520x710.jpg\" alt=\"\" width=\"1520\" height=\"710\" srcset=\"https:\/\/smarvet.eu\/wp-content\/uploads\/2025\/02\/designer_edin-scaled-e1740061608439-1520x710.jpg 1520w, https:\/\/smarvet.eu\/wp-content\/uploads\/2025\/02\/designer_edin-scaled-e1740061608439-460x215.jpg 460w, https:\/\/smarvet.eu\/wp-content\/uploads\/2025\/02\/designer_edin-scaled-e1740061608439-760x355.jpg 760w, https:\/\/smarvet.eu\/wp-content\/uploads\/2025\/02\/designer_edin-scaled-e1740061608439-18x8.jpg 18w, https:\/\/smarvet.eu\/wp-content\/uploads\/2025\/02\/designer_edin-scaled-e1740061608439-920x430.jpg 920w, https:\/\/smarvet.eu\/wp-content\/uploads\/2025\/02\/designer_edin-scaled-e1740061608439-310x145.jpg 310w, https:\/\/smarvet.eu\/wp-content\/uploads\/2025\/02\/designer_edin-scaled-e1740061608439-621x290.jpg 621w\" sizes=\"(max-width: 1520px) 100vw, 1520px\" \/><\/p>\n<p>&nbsp;<\/p>","protected":false},"excerpt":{"rendered":"<p>Elevate your bedroom with the Inat Bed, a statement piece that embodies luxury, design, and timeless elegance. Crafted&hellip;<\/p>","protected":false},"featured_media":1264,"template":"","meta":[],"product_brand":[20],"product_cat":[38,67,32],"product_tag":[],"class_list":{"0":"post-1611","1":"product","2":"type-product","3":"status-publish","4":"has-post-thumbnail","6":"product_brand-smarvet","7":"product_cat-inat-collection","8":"product_cat-inat-bedroom","9":"product_cat-designer-collections","11":"first","12":"instock","13":"featured","14":"sold-individually","15":"shipping-taxable","16":"product-type-variable"},"yoast_head":"<!-- This site is optimized with the Yoast SEO plugin v27.4 - https:\/\/yoast.com\/product\/yoast-seo-wordpress\/ -->\n<title>Bed - Smarvet<\/title>\n<meta name=\"robots\" content=\"index, follow, max-snippet:-1, max-image-preview:large, max-video-preview:-1\" \/>\n<link rel=\"canonical\" href=\"https:\/\/smarvet.eu\/bs\/proizvod\/bed-inat\/\" \/>\n<meta property=\"og:locale\" content=\"bs_BA\" \/>\n<meta property=\"og:type\" content=\"article\" \/>\n<meta property=\"og:title\" content=\"Bed - Smarvet\" \/>\n<meta property=\"og:description\" content=\"Elevate your bedroom with the Inat Bed, a statement piece that embodies luxury, design, and timeless elegance. Crafted&hellip;\" \/>\n<meta property=\"og:url\" content=\"https:\/\/smarvet.eu\/bs\/proizvod\/bed-inat\/\" \/>\n<meta property=\"og:site_name\" content=\"Smarvet\" \/>\n<meta property=\"article:modified_time\" content=\"2025-03-03T14:14:13+00:00\" \/>\n<meta property=\"og:image\" content=\"https:\/\/smarvet.eu\/wp-content\/uploads\/2025\/02\/inat-bed-bio-oil-zoom.jpg\" \/>\n\t<meta property=\"og:image:width\" content=\"3360\" \/>\n\t<meta property=\"og:image:height\" content=\"2241\" \/>\n\t<meta property=\"og:image:type\" content=\"image\/jpeg\" \/>\n<meta name=\"twitter:card\" content=\"summary_large_image\" \/>\n<meta name=\"twitter:label1\" content=\"Est. reading time\" \/>\n\t<meta name=\"twitter:data1\" content=\"1 minuta\" \/>\n<script type=\"application\/ld+json\" class=\"yoast-schema-graph\">{\"@context\":\"https:\\\/\\\/schema.org\",\"@graph\":[{\"@type\":\"WebPage\",\"@id\":\"https:\\\/\\\/smarvet.eu\\\/product\\\/bed-inat\\\/\",\"url\":\"https:\\\/\\\/smarvet.eu\\\/product\\\/bed-inat\\\/\",\"name\":\"Bed - Smarvet\",\"isPartOf\":{\"@id\":\"https:\\\/\\\/smarvet.eu\\\/#website\"},\"primaryImageOfPage\":{\"@id\":\"https:\\\/\\\/smarvet.eu\\\/product\\\/bed-inat\\\/#primaryimage\"},\"image\":{\"@id\":\"https:\\\/\\\/smarvet.eu\\\/product\\\/bed-inat\\\/#primaryimage\"},\"thumbnailUrl\":\"https:\\\/\\\/smarvet.eu\\\/wp-content\\\/uploads\\\/2025\\\/02\\\/inat-bed-bio-oil-zoom.jpg\",\"datePublished\":\"2025-02-25T17:32:23+00:00\",\"dateModified\":\"2025-03-03T14:14:13+00:00\",\"breadcrumb\":{\"@id\":\"https:\\\/\\\/smarvet.eu\\\/product\\\/bed-inat\\\/#breadcrumb\"},\"inLanguage\":\"bs-BA\",\"potentialAction\":[{\"@type\":\"ReadAction\",\"target\":[\"https:\\\/\\\/smarvet.eu\\\/product\\\/bed-inat\\\/\"]}]},{\"@type\":\"ImageObject\",\"inLanguage\":\"bs-BA\",\"@id\":\"https:\\\/\\\/smarvet.eu\\\/product\\\/bed-inat\\\/#primaryimage\",\"url\":\"https:\\\/\\\/smarvet.eu\\\/wp-content\\\/uploads\\\/2025\\\/02\\\/inat-bed-bio-oil-zoom.jpg\",\"contentUrl\":\"https:\\\/\\\/smarvet.eu\\\/wp-content\\\/uploads\\\/2025\\\/02\\\/inat-bed-bio-oil-zoom.jpg\",\"width\":3360,\"height\":2241},{\"@type\":\"BreadcrumbList\",\"@id\":\"https:\\\/\\\/smarvet.eu\\\/product\\\/bed-inat\\\/#breadcrumb\",\"itemListElement\":[{\"@type\":\"ListItem\",\"position\":1,\"name\":\"Home\",\"item\":\"https:\\\/\\\/smarvet.eu\\\/\"},{\"@type\":\"ListItem\",\"position\":2,\"name\":\"Products\",\"item\":\"https:\\\/\\\/smarvet.eu\\\/shop\\\/\"},{\"@type\":\"ListItem\",\"position\":3,\"name\":\"Bed\"}]},{\"@type\":\"WebSite\",\"@id\":\"https:\\\/\\\/smarvet.eu\\\/#website\",\"url\":\"https:\\\/\\\/smarvet.eu\\\/\",\"name\":\"Smarvet\",\"description\":\"\",\"potentialAction\":[{\"@type\":\"SearchAction\",\"target\":{\"@type\":\"EntryPoint\",\"urlTemplate\":\"https:\\\/\\\/smarvet.eu\\\/?s={search_term_string}\"},\"query-input\":{\"@type\":\"PropertyValueSpecification\",\"valueRequired\":true,\"valueName\":\"search_term_string\"}}],\"inLanguage\":\"bs-BA\"}]}<\/script>\n<!-- \/ Yoast SEO plugin. -->","yoast_head_json":{"title":"Bed - Smarvet","robots":{"index":"index","follow":"follow","max-snippet":"max-snippet:-1","max-image-preview":"max-image-preview:large","max-video-preview":"max-video-preview:-1"},"canonical":"https:\/\/smarvet.eu\/bs\/proizvod\/bed-inat\/","og_locale":"bs_BA","og_type":"article","og_title":"Bed - Smarvet","og_description":"Elevate your bedroom with the Inat Bed, a statement piece that embodies luxury, design, and timeless elegance. Crafted&hellip;","og_url":"https:\/\/smarvet.eu\/bs\/proizvod\/bed-inat\/","og_site_name":"Smarvet","article_modified_time":"2025-03-03T14:14:13+00:00","og_image":[{"width":3360,"height":2241,"url":"https:\/\/smarvet.eu\/wp-content\/uploads\/2025\/02\/inat-bed-bio-oil-zoom.jpg","type":"image\/jpeg"}],"twitter_card":"summary_large_image","twitter_misc":{"Est. reading time":"1 minuta"},"schema":{"@context":"https:\/\/schema.org","@graph":[{"@type":"WebPage","@id":"https:\/\/smarvet.eu\/product\/bed-inat\/","url":"https:\/\/smarvet.eu\/product\/bed-inat\/","name":"Bed - Smarvet","isPartOf":{"@id":"https:\/\/smarvet.eu\/#website"},"primaryImageOfPage":{"@id":"https:\/\/smarvet.eu\/product\/bed-inat\/#primaryimage"},"image":{"@id":"https:\/\/smarvet.eu\/product\/bed-inat\/#primaryimage"},"thumbnailUrl":"https:\/\/smarvet.eu\/wp-content\/uploads\/2025\/02\/inat-bed-bio-oil-zoom.jpg","datePublished":"2025-02-25T17:32:23+00:00","dateModified":"2025-03-03T14:14:13+00:00","breadcrumb":{"@id":"https:\/\/smarvet.eu\/product\/bed-inat\/#breadcrumb"},"inLanguage":"bs-BA","potentialAction":[{"@type":"ReadAction","target":["https:\/\/smarvet.eu\/product\/bed-inat\/"]}]},{"@type":"ImageObject","inLanguage":"bs-BA","@id":"https:\/\/smarvet.eu\/product\/bed-inat\/#primaryimage","url":"https:\/\/smarvet.eu\/wp-content\/uploads\/2025\/02\/inat-bed-bio-oil-zoom.jpg","contentUrl":"https:\/\/smarvet.eu\/wp-content\/uploads\/2025\/02\/inat-bed-bio-oil-zoom.jpg","width":3360,"height":2241},{"@type":"BreadcrumbList","@id":"https:\/\/smarvet.eu\/product\/bed-inat\/#breadcrumb","itemListElement":[{"@type":"ListItem","position":1,"name":"Home","item":"https:\/\/smarvet.eu\/"},{"@type":"ListItem","position":2,"name":"Products","item":"https:\/\/smarvet.eu\/shop\/"},{"@type":"ListItem","position":3,"name":"Bed"}]},{"@type":"WebSite","@id":"https:\/\/smarvet.eu\/#website","url":"https:\/\/smarvet.eu\/","name":"Smarvet","description":"","potentialAction":[{"@type":"SearchAction","target":{"@type":"EntryPoint","urlTemplate":"https:\/\/smarvet.eu\/?s={search_term_string}"},"query-input":{"@type":"PropertyValueSpecification","valueRequired":true,"valueName":"search_term_string"}}],"inLanguage":"bs-BA"}]}},"jetpack_sharing_enabled":true,"_links":{"self":[{"href":"https:\/\/smarvet.eu\/bs\/wp-json\/wp\/v2\/product\/1611","targetHints":{"allow":["GET"]}}],"collection":[{"href":"https:\/\/smarvet.eu\/bs\/wp-json\/wp\/v2\/product"}],"about":[{"href":"https:\/\/smarvet.eu\/bs\/wp-json\/wp\/v2\/types\/product"}],"wp:featuredmedia":[{"embeddable":true,"href":"https:\/\/smarvet.eu\/bs\/wp-json\/wp\/v2\/media\/1264"}],"wp:attachment":[{"href":"https:\/\/smarvet.eu\/bs\/wp-json\/wp\/v2\/media?parent=1611"}],"wp:term":[{"taxonomy":"product_brand","embeddable":true,"href":"https:\/\/smarvet.eu\/bs\/wp-json\/wp\/v2\/product_brand?post=1611"},{"taxonomy":"product_cat","embeddable":true,"href":"https:\/\/smarvet.eu\/bs\/wp-json\/wp\/v2\/product_cat?post=1611"},{"taxonomy":"product_tag","embeddable":true,"href":"https:\/\/smarvet.eu\/bs\/wp-json\/wp\/v2\/product_tag?post=1611"}],"curies":[{"name":"wp","href":"https:\/\/api.w.org\/{rel}","templated":true}]}}