{"id":1243,"date":"2025-02-21T07:27:43","date_gmt":"2025-02-21T07:27:43","guid":{"rendered":"https:\/\/smarvet.eu\/?post_type=product&#038;p=1243"},"modified":"2025-03-02T15:46:39","modified_gmt":"2025-03-02T15:46:39","slug":"gymnastic-ladder","status":"publish","type":"product","link":"https:\/\/smarvet.eu\/bs\/proizvod\/gymnastic-ladder\/","title":{"rendered":"Gimnasti\u010dke merdevine"},"content":{"rendered":"<p class=\"translation-block\">Gimnasti\u010dke merdevine su vrhunski fitness alat izra\u0111ene od visokokvalitetnog drveta, dizajnirane za podr\u0161ku razli\u010ditim vje\u017ebama koje pobolj\u0161avaju snagu, fleksibilnost i koordinaciju.<\/p>\n<p>Sadr\u017eavaju \u010dvrste, glatke drvene pre\u010dke, pru\u017eaju\u0107i izdr\u017eljiv i estetski ugodan dodatak svakom prostoru za vje\u017ebanje. Merdevine se montiraju na zid, nude\u0107i rje\u0161enje koje \u0161tedi prostor, dok omogu\u0107uju vje\u017ebe poput penjanja, istezanja i ja\u010danja. Prirodni drveni fini\u0161 dodaje elegantan dodir, \u010dine\u0107i ih pogodnim za ku\u0107ne teretane i profesionalne treninge. Savr\u0161eno za osobe svih fitness nivoa, drvena gimnasti\u010dke merdevine nude funkcionalnost i stil u jednom proizvodu.<\/p>\n<p><strong><a href=\"https:\/\/smarvet.eu\/wp-content\/uploads\/2025\/03\/SPORT-Collection-Catalog.pdf\" target=\"_blank\" rel=\"noopener\">Product Info Brochure<\/a><\/strong><\/p>","protected":false},"excerpt":{"rendered":"<p>Drvene gimnasti\u010dke merdevine za snagu, fleksibilnost i koordinaciju.<\/p>","protected":false},"featured_media":1244,"template":"","meta":[],"product_brand":[],"product_cat":[106,35],"product_tag":[],"class_list":{"0":"post-1243","1":"product","2":"type-product","3":"status-publish","4":"has-post-thumbnail","6":"product_cat-gymnastic-ladder","7":"product_cat-sports-equipment","9":"first","10":"instock","11":"shipping-taxable","12":"product-type-simple"},"yoast_head":"<!-- This site is optimized with the Yoast SEO plugin v27.3 - https:\/\/yoast.com\/product\/yoast-seo-wordpress\/ -->\n<title>Gymnastic Ladder - Smarvet<\/title>\n<meta name=\"robots\" content=\"index, follow, max-snippet:-1, max-image-preview:large, max-video-preview:-1\" \/>\n<link rel=\"canonical\" href=\"https:\/\/smarvet.eu\/bs\/proizvod\/gymnastic-ladder\/\" \/>\n<meta property=\"og:locale\" content=\"bs_BA\" \/>\n<meta property=\"og:type\" content=\"article\" \/>\n<meta property=\"og:title\" content=\"Gymnastic Ladder - Smarvet\" \/>\n<meta property=\"og:description\" content=\"Wooden gymnastic ladder for strength, flexibility, and coordination.\" \/>\n<meta property=\"og:url\" content=\"https:\/\/smarvet.eu\/bs\/proizvod\/gymnastic-ladder\/\" \/>\n<meta property=\"og:site_name\" content=\"Smarvet\" \/>\n<meta property=\"article:modified_time\" content=\"2025-03-02T15:46:39+00:00\" \/>\n<meta property=\"og:image\" content=\"https:\/\/smarvet.eu\/wp-content\/uploads\/2025\/02\/gymnastic-ladder-front-view.jpg\" \/>\n\t<meta property=\"og:image:width\" content=\"378\" \/>\n\t<meta property=\"og:image:height\" content=\"653\" \/>\n\t<meta property=\"og:image:type\" content=\"image\/jpeg\" \/>\n<meta name=\"twitter:card\" content=\"summary_large_image\" \/>\n<meta name=\"twitter:label1\" content=\"Est. reading time\" \/>\n\t<meta name=\"twitter:data1\" content=\"1 minuta\" \/>\n<script type=\"application\/ld+json\" class=\"yoast-schema-graph\">{\"@context\":\"https:\\\/\\\/schema.org\",\"@graph\":[{\"@type\":\"WebPage\",\"@id\":\"https:\\\/\\\/smarvet.eu\\\/product\\\/gymnastic-ladder\\\/\",\"url\":\"https:\\\/\\\/smarvet.eu\\\/product\\\/gymnastic-ladder\\\/\",\"name\":\"Gymnastic Ladder - Smarvet\",\"isPartOf\":{\"@id\":\"https:\\\/\\\/smarvet.eu\\\/#website\"},\"primaryImageOfPage\":{\"@id\":\"https:\\\/\\\/smarvet.eu\\\/product\\\/gymnastic-ladder\\\/#primaryimage\"},\"image\":{\"@id\":\"https:\\\/\\\/smarvet.eu\\\/product\\\/gymnastic-ladder\\\/#primaryimage\"},\"thumbnailUrl\":\"https:\\\/\\\/smarvet.eu\\\/wp-content\\\/uploads\\\/2025\\\/02\\\/gymnastic-ladder-front-view.jpg\",\"datePublished\":\"2025-02-21T07:27:43+00:00\",\"dateModified\":\"2025-03-02T15:46:39+00:00\",\"breadcrumb\":{\"@id\":\"https:\\\/\\\/smarvet.eu\\\/product\\\/gymnastic-ladder\\\/#breadcrumb\"},\"inLanguage\":\"bs-BA\",\"potentialAction\":[{\"@type\":\"ReadAction\",\"target\":[\"https:\\\/\\\/smarvet.eu\\\/product\\\/gymnastic-ladder\\\/\"]}]},{\"@type\":\"ImageObject\",\"inLanguage\":\"bs-BA\",\"@id\":\"https:\\\/\\\/smarvet.eu\\\/product\\\/gymnastic-ladder\\\/#primaryimage\",\"url\":\"https:\\\/\\\/smarvet.eu\\\/wp-content\\\/uploads\\\/2025\\\/02\\\/gymnastic-ladder-front-view.jpg\",\"contentUrl\":\"https:\\\/\\\/smarvet.eu\\\/wp-content\\\/uploads\\\/2025\\\/02\\\/gymnastic-ladder-front-view.jpg\",\"width\":378,\"height\":653},{\"@type\":\"BreadcrumbList\",\"@id\":\"https:\\\/\\\/smarvet.eu\\\/product\\\/gymnastic-ladder\\\/#breadcrumb\",\"itemListElement\":[{\"@type\":\"ListItem\",\"position\":1,\"name\":\"Home\",\"item\":\"https:\\\/\\\/smarvet.eu\\\/\"},{\"@type\":\"ListItem\",\"position\":2,\"name\":\"Products\",\"item\":\"https:\\\/\\\/smarvet.eu\\\/shop\\\/\"},{\"@type\":\"ListItem\",\"position\":3,\"name\":\"Gymnastic Ladder\"}]},{\"@type\":\"WebSite\",\"@id\":\"https:\\\/\\\/smarvet.eu\\\/#website\",\"url\":\"https:\\\/\\\/smarvet.eu\\\/\",\"name\":\"Smarvet\",\"description\":\"\",\"potentialAction\":[{\"@type\":\"SearchAction\",\"target\":{\"@type\":\"EntryPoint\",\"urlTemplate\":\"https:\\\/\\\/smarvet.eu\\\/?s={search_term_string}\"},\"query-input\":{\"@type\":\"PropertyValueSpecification\",\"valueRequired\":true,\"valueName\":\"search_term_string\"}}],\"inLanguage\":\"bs-BA\"}]}<\/script>\n<!-- \/ Yoast SEO plugin. -->","yoast_head_json":{"title":"Gymnastic Ladder - Smarvet","robots":{"index":"index","follow":"follow","max-snippet":"max-snippet:-1","max-image-preview":"max-image-preview:large","max-video-preview":"max-video-preview:-1"},"canonical":"https:\/\/smarvet.eu\/bs\/proizvod\/gymnastic-ladder\/","og_locale":"bs_BA","og_type":"article","og_title":"Gymnastic Ladder - Smarvet","og_description":"Wooden gymnastic ladder for strength, flexibility, and coordination.","og_url":"https:\/\/smarvet.eu\/bs\/proizvod\/gymnastic-ladder\/","og_site_name":"Smarvet","article_modified_time":"2025-03-02T15:46:39+00:00","og_image":[{"width":378,"height":653,"url":"https:\/\/smarvet.eu\/wp-content\/uploads\/2025\/02\/gymnastic-ladder-front-view.jpg","type":"image\/jpeg"}],"twitter_card":"summary_large_image","twitter_misc":{"Est. reading time":"1 minuta"},"schema":{"@context":"https:\/\/schema.org","@graph":[{"@type":"WebPage","@id":"https:\/\/smarvet.eu\/product\/gymnastic-ladder\/","url":"https:\/\/smarvet.eu\/product\/gymnastic-ladder\/","name":"Gymnastic Ladder - Smarvet","isPartOf":{"@id":"https:\/\/smarvet.eu\/#website"},"primaryImageOfPage":{"@id":"https:\/\/smarvet.eu\/product\/gymnastic-ladder\/#primaryimage"},"image":{"@id":"https:\/\/smarvet.eu\/product\/gymnastic-ladder\/#primaryimage"},"thumbnailUrl":"https:\/\/smarvet.eu\/wp-content\/uploads\/2025\/02\/gymnastic-ladder-front-view.jpg","datePublished":"2025-02-21T07:27:43+00:00","dateModified":"2025-03-02T15:46:39+00:00","breadcrumb":{"@id":"https:\/\/smarvet.eu\/product\/gymnastic-ladder\/#breadcrumb"},"inLanguage":"bs-BA","potentialAction":[{"@type":"ReadAction","target":["https:\/\/smarvet.eu\/product\/gymnastic-ladder\/"]}]},{"@type":"ImageObject","inLanguage":"bs-BA","@id":"https:\/\/smarvet.eu\/product\/gymnastic-ladder\/#primaryimage","url":"https:\/\/smarvet.eu\/wp-content\/uploads\/2025\/02\/gymnastic-ladder-front-view.jpg","contentUrl":"https:\/\/smarvet.eu\/wp-content\/uploads\/2025\/02\/gymnastic-ladder-front-view.jpg","width":378,"height":653},{"@type":"BreadcrumbList","@id":"https:\/\/smarvet.eu\/product\/gymnastic-ladder\/#breadcrumb","itemListElement":[{"@type":"ListItem","position":1,"name":"Home","item":"https:\/\/smarvet.eu\/"},{"@type":"ListItem","position":2,"name":"Products","item":"https:\/\/smarvet.eu\/shop\/"},{"@type":"ListItem","position":3,"name":"Gymnastic Ladder"}]},{"@type":"WebSite","@id":"https:\/\/smarvet.eu\/#website","url":"https:\/\/smarvet.eu\/","name":"Smarvet","description":"","potentialAction":[{"@type":"SearchAction","target":{"@type":"EntryPoint","urlTemplate":"https:\/\/smarvet.eu\/?s={search_term_string}"},"query-input":{"@type":"PropertyValueSpecification","valueRequired":true,"valueName":"search_term_string"}}],"inLanguage":"bs-BA"}]}},"jetpack_sharing_enabled":true,"_links":{"self":[{"href":"https:\/\/smarvet.eu\/bs\/wp-json\/wp\/v2\/product\/1243","targetHints":{"allow":["GET"]}}],"collection":[{"href":"https:\/\/smarvet.eu\/bs\/wp-json\/wp\/v2\/product"}],"about":[{"href":"https:\/\/smarvet.eu\/bs\/wp-json\/wp\/v2\/types\/product"}],"wp:featuredmedia":[{"embeddable":true,"href":"https:\/\/smarvet.eu\/bs\/wp-json\/wp\/v2\/media\/1244"}],"wp:attachment":[{"href":"https:\/\/smarvet.eu\/bs\/wp-json\/wp\/v2\/media?parent=1243"}],"wp:term":[{"taxonomy":"product_brand","embeddable":true,"href":"https:\/\/smarvet.eu\/bs\/wp-json\/wp\/v2\/product_brand?post=1243"},{"taxonomy":"product_cat","embeddable":true,"href":"https:\/\/smarvet.eu\/bs\/wp-json\/wp\/v2\/product_cat?post=1243"},{"taxonomy":"product_tag","embeddable":true,"href":"https:\/\/smarvet.eu\/bs\/wp-json\/wp\/v2\/product_tag?post=1243"}],"curies":[{"name":"wp","href":"https:\/\/api.w.org\/{rel}","templated":true}]}}