{"id":531,"date":"2025-02-20T20:31:11","date_gmt":"2025-02-20T20:31:11","guid":{"rendered":"https:\/\/smarvet.eu\/?page_id=531"},"modified":"2025-07-10T10:41:08","modified_gmt":"2025-07-10T08:41:08","slug":"impressum","status":"publish","type":"page","link":"https:\/\/smarvet.eu\/bs\/impressum\/","title":{"rendered":"Impressum"},"content":{"rendered":"<p><strong>Smarvet d.o.o.<\/strong><br>Industrijska zona Velagi\u0107i b.b.<br>79280 Klju\u010d<br>Bosne i Hercegovine.<\/p>\n\n\n\n<p><strong>Informacije o registraciji preduze\u0107a<\/strong><br>Naziv: Smarvet d.o.o.<br>Br.reg: MBS:17-01-0943-12<br>ID br: 263647520001<\/p>\n\n\n\n<p><strong>Kontakt informacije:<\/strong><br>Email (op\u0161ti upit): <a href=\"mailto:info@smarvet.eu\">info@smarvet.eu<\/a><br>Email (Sales): <a href=\"\/bs\/smarvet.kljuc1@bih.net.ba\/\">smarvet.kljuc1@bih.net.ba <\/a><br>Phone: +387 37 674 365<br><\/p>\n\n\n\n<p><strong>Zastupa:<\/strong><br>Alma \u010caji\u0107, General manager<\/p>\n\n\n\n<p><strong>Izuzimanje od odgovornosti:<\/strong><br>Informacije koje se nalaze na ovoj web stranici namijenjene su samo u op\u0107e informativne svrhe. Smarvet \u010dini sve da osigura da sadr\u017eaj bude ta\u010dan i a\u017euran. Me\u0111utim, ne mo\u017eemo garantirati potpunost, ta\u010dnost ili pouzdanost informacija. Smarvet ne preuzima nikakvu odgovornost za bilo kakvu \u0161tetu ili gubitke koji nastanu kori\u0161tenjem ili oslanjanjem na informacije na ovoj web stranici.<\/p>\n\n\n\n<p><strong>Linkovi koji vode na web stranice tre\u0107ih strana:<\/strong><br>Ova web stranica mo\u017ee sadr\u017eavati veze do vanjskih web stranica. Smarvet nije odgovoran za sadr\u017eaj ovih web stranica tre\u0107ih strana. Uklju\u010divanje bilo koje veze ne podrazumijeva odobravanje ili odobrenje povezane web stranice.<\/p>\n\n\n\n<p><strong>Intelektualna svojina:<\/strong><br>Sav sadr\u017eaj na ovoj web stranici, uklju\u010duju\u0107i tekst, slike, logotipe i za\u0161titne znakove, vlasni\u0161tvo je Smarvet d.o.o., osim ako nije druga\u010dije navedeno. Zabranjena je neovla\u0161tena upotreba ili reprodukcija sadr\u017eaja.<\/p>\n\n\n\n<p><strong>Privatnost i za\u0161tita podataka:<\/strong><br>Za informacije o tome kako prikupljamo, obra\u0111ujemo i \u0161titimo va\u0161e li\u010dne podatke, pogledajte na stranici - <a href=\"https:\/\/smarvet.eu\/bs\/privacy-policy\/\" data-type=\"page\" data-id=\"3\">Polica Privatnosti<\/a>.<\/p>\n\n\n\n<p><strong>Pravna nadle\u017enost:<\/strong><br>Ovaj Impressum i sva srodna pravna pitanja regulirani su zakonima Bosne i Hercegovine.<\/p>\n\n\n\n<p><\/p>","protected":false},"excerpt":{"rendered":"<p>Smarvet d.o.o.Industrijska zona Velagi\u0107i b.b.79280 Klju\u010dBosnia and Herzegovina Company Registration Information:Company Name: Smarvet d.o.o.Registration Number: MBS:17-01-0943-12VAT Number: 263647520001&hellip;<\/p>","protected":false},"author":1,"featured_media":0,"parent":0,"menu_order":0,"comment_status":"closed","ping_status":"closed","template":"","meta":{"footnotes":""},"class_list":["post-531","page","type-page","status-publish","hentry"],"yoast_head":"<!-- This site is optimized with the Yoast SEO plugin v27.4 - https:\/\/yoast.com\/product\/yoast-seo-wordpress\/ -->\n<title>Impressum - Smarvet<\/title>\n<meta name=\"robots\" content=\"index, follow, max-snippet:-1, max-image-preview:large, max-video-preview:-1\" \/>\n<link rel=\"canonical\" href=\"https:\/\/smarvet.eu\/bs\/impressum\/\" \/>\n<meta property=\"og:locale\" content=\"bs_BA\" \/>\n<meta property=\"og:type\" content=\"article\" \/>\n<meta property=\"og:title\" content=\"Impressum - Smarvet\" \/>\n<meta property=\"og:description\" content=\"Smarvet d.o.o.Industrijska zona Velagi\u0107i b.b.79280 Klju\u010dBosnia and Herzegovina Company Registration Information:Company Name: Smarvet d.o.o.Registration Number: MBS:17-01-0943-12VAT Number: 263647520001&hellip;\" \/>\n<meta property=\"og:url\" content=\"https:\/\/smarvet.eu\/bs\/impressum\/\" \/>\n<meta property=\"og:site_name\" content=\"Smarvet\" \/>\n<meta property=\"article:modified_time\" content=\"2025-07-10T08:41:08+00:00\" \/>\n<meta name=\"twitter:card\" content=\"summary_large_image\" \/>\n<meta name=\"twitter:label1\" content=\"Est. reading time\" \/>\n\t<meta name=\"twitter:data1\" content=\"1 minuta\" \/>\n<script type=\"application\/ld+json\" class=\"yoast-schema-graph\">{\"@context\":\"https:\\\/\\\/schema.org\",\"@graph\":[{\"@type\":\"WebPage\",\"@id\":\"https:\\\/\\\/smarvet.eu\\\/impressum\\\/\",\"url\":\"https:\\\/\\\/smarvet.eu\\\/impressum\\\/\",\"name\":\"Impressum - Smarvet\",\"isPartOf\":{\"@id\":\"https:\\\/\\\/smarvet.eu\\\/#website\"},\"datePublished\":\"2025-02-20T20:31:11+00:00\",\"dateModified\":\"2025-07-10T08:41:08+00:00\",\"breadcrumb\":{\"@id\":\"https:\\\/\\\/smarvet.eu\\\/impressum\\\/#breadcrumb\"},\"inLanguage\":\"bs-BA\",\"potentialAction\":[{\"@type\":\"ReadAction\",\"target\":[\"https:\\\/\\\/smarvet.eu\\\/impressum\\\/\"]}]},{\"@type\":\"BreadcrumbList\",\"@id\":\"https:\\\/\\\/smarvet.eu\\\/impressum\\\/#breadcrumb\",\"itemListElement\":[{\"@type\":\"ListItem\",\"position\":1,\"name\":\"Home\",\"item\":\"https:\\\/\\\/smarvet.eu\\\/\"},{\"@type\":\"ListItem\",\"position\":2,\"name\":\"Impressum\"}]},{\"@type\":\"WebSite\",\"@id\":\"https:\\\/\\\/smarvet.eu\\\/#website\",\"url\":\"https:\\\/\\\/smarvet.eu\\\/\",\"name\":\"Smarvet\",\"description\":\"\",\"potentialAction\":[{\"@type\":\"SearchAction\",\"target\":{\"@type\":\"EntryPoint\",\"urlTemplate\":\"https:\\\/\\\/smarvet.eu\\\/?s={search_term_string}\"},\"query-input\":{\"@type\":\"PropertyValueSpecification\",\"valueRequired\":true,\"valueName\":\"search_term_string\"}}],\"inLanguage\":\"bs-BA\"}]}<\/script>\n<!-- \/ Yoast SEO plugin. -->","yoast_head_json":{"title":"Impressum - Smarvet","robots":{"index":"index","follow":"follow","max-snippet":"max-snippet:-1","max-image-preview":"max-image-preview:large","max-video-preview":"max-video-preview:-1"},"canonical":"https:\/\/smarvet.eu\/bs\/impressum\/","og_locale":"bs_BA","og_type":"article","og_title":"Impressum - Smarvet","og_description":"Smarvet d.o.o.Industrijska zona Velagi\u0107i b.b.79280 Klju\u010dBosnia and Herzegovina Company Registration Information:Company Name: Smarvet d.o.o.Registration Number: MBS:17-01-0943-12VAT Number: 263647520001&hellip;","og_url":"https:\/\/smarvet.eu\/bs\/impressum\/","og_site_name":"Smarvet","article_modified_time":"2025-07-10T08:41:08+00:00","twitter_card":"summary_large_image","twitter_misc":{"Est. reading time":"1 minuta"},"schema":{"@context":"https:\/\/schema.org","@graph":[{"@type":"WebPage","@id":"https:\/\/smarvet.eu\/impressum\/","url":"https:\/\/smarvet.eu\/impressum\/","name":"Impressum - Smarvet","isPartOf":{"@id":"https:\/\/smarvet.eu\/#website"},"datePublished":"2025-02-20T20:31:11+00:00","dateModified":"2025-07-10T08:41:08+00:00","breadcrumb":{"@id":"https:\/\/smarvet.eu\/impressum\/#breadcrumb"},"inLanguage":"bs-BA","potentialAction":[{"@type":"ReadAction","target":["https:\/\/smarvet.eu\/impressum\/"]}]},{"@type":"BreadcrumbList","@id":"https:\/\/smarvet.eu\/impressum\/#breadcrumb","itemListElement":[{"@type":"ListItem","position":1,"name":"Home","item":"https:\/\/smarvet.eu\/"},{"@type":"ListItem","position":2,"name":"Impressum"}]},{"@type":"WebSite","@id":"https:\/\/smarvet.eu\/#website","url":"https:\/\/smarvet.eu\/","name":"Smarvet","description":"","potentialAction":[{"@type":"SearchAction","target":{"@type":"EntryPoint","urlTemplate":"https:\/\/smarvet.eu\/?s={search_term_string}"},"query-input":{"@type":"PropertyValueSpecification","valueRequired":true,"valueName":"search_term_string"}}],"inLanguage":"bs-BA"}]}},"jetpack_sharing_enabled":true,"_links":{"self":[{"href":"https:\/\/smarvet.eu\/bs\/wp-json\/wp\/v2\/pages\/531","targetHints":{"allow":["GET"]}}],"collection":[{"href":"https:\/\/smarvet.eu\/bs\/wp-json\/wp\/v2\/pages"}],"about":[{"href":"https:\/\/smarvet.eu\/bs\/wp-json\/wp\/v2\/types\/page"}],"author":[{"embeddable":true,"href":"https:\/\/smarvet.eu\/bs\/wp-json\/wp\/v2\/users\/1"}],"replies":[{"embeddable":true,"href":"https:\/\/smarvet.eu\/bs\/wp-json\/wp\/v2\/comments?post=531"}],"version-history":[{"count":8,"href":"https:\/\/smarvet.eu\/bs\/wp-json\/wp\/v2\/pages\/531\/revisions"}],"predecessor-version":[{"id":1763,"href":"https:\/\/smarvet.eu\/bs\/wp-json\/wp\/v2\/pages\/531\/revisions\/1763"}],"wp:attachment":[{"href":"https:\/\/smarvet.eu\/bs\/wp-json\/wp\/v2\/media?parent=531"}],"curies":[{"name":"wp","href":"https:\/\/api.w.org\/{rel}","templated":true}]}}