{"id":40,"date":"2025-02-13T18:13:17","date_gmt":"2025-02-13T18:13:17","guid":{"rendered":"https:\/\/smarvet.eu\/?page_id=40"},"modified":"2025-03-07T06:32:48","modified_gmt":"2025-03-07T06:32:48","slug":"materials","status":"publish","type":"page","link":"https:\/\/smarvet.eu\/bs\/materials\/","title":{"rendered":"Materijali"},"content":{"rendered":"<p class=\"has-text-align-center\"><\/p>\n\n\n\n<h1 class=\"wp-block-heading has-text-align-center\">DRVO<\/h1>\n\n\n\n<p>Na\u0161a kompanija se specijalizirala za izradu visokokvalitetnih proizvoda koriste\u0107i razli\u010dite premium vrste drveta, uklju\u010duju\u0107i <strong>jasen, hrast, orah i bukvu<\/strong>. <\/p>\n\n\n\n<div class=\"wp-block-columns is-layout-flex wp-container-core-columns-is-layout-9d6595d7 wp-block-columns-is-layout-flex\">\n<div class=\"wp-block-column is-layout-flow wp-block-column-is-layout-flow\"><div class=\"wp-block-image\">\n<figure class=\"aligncenter size-full\"><img fetchpriority=\"high\" decoding=\"async\" width=\"540\" height=\"538\" src=\"https:\/\/smarvet.eu\/wp-content\/uploads\/2025\/02\/jasen-bio-ulje-e1740689986828.jpeg\" alt=\"\" class=\"wp-image-1637\" srcset=\"https:\/\/smarvet.eu\/wp-content\/uploads\/2025\/02\/jasen-bio-ulje-e1740689986828.jpeg 540w, https:\/\/smarvet.eu\/wp-content\/uploads\/2025\/02\/jasen-bio-ulje-e1740689986828-460x458.jpeg 460w, https:\/\/smarvet.eu\/wp-content\/uploads\/2025\/02\/jasen-bio-ulje-e1740689986828-115x115.jpeg 115w, https:\/\/smarvet.eu\/wp-content\/uploads\/2025\/02\/jasen-bio-ulje-e1740689986828-12x12.jpeg 12w, https:\/\/smarvet.eu\/wp-content\/uploads\/2025\/02\/jasen-bio-ulje-e1740689986828-146x145.jpeg 146w, https:\/\/smarvet.eu\/wp-content\/uploads\/2025\/02\/jasen-bio-ulje-e1740689986828-291x290.jpeg 291w, https:\/\/smarvet.eu\/wp-content\/uploads\/2025\/02\/jasen-bio-ulje-e1740689986828-50x50.jpeg 50w, https:\/\/smarvet.eu\/wp-content\/uploads\/2025\/02\/jasen-bio-ulje-e1740689986828-100x100.jpeg 100w\" sizes=\"(max-width: 540px) 100vw, 540px\" \/><figcaption class=\"wp-element-caption\">Jasen<\/figcaption><\/figure>\n<\/div><\/div>\n\n\n\n<div class=\"wp-block-column is-layout-flow wp-block-column-is-layout-flow\"><div class=\"wp-block-image\">\n<figure class=\"aligncenter size-full\"><img decoding=\"async\" width=\"507\" height=\"576\" src=\"https:\/\/smarvet.eu\/wp-content\/uploads\/2025\/02\/hrast-e1740690083817.jpeg\" alt=\"\" class=\"wp-image-1633\" srcset=\"https:\/\/smarvet.eu\/wp-content\/uploads\/2025\/02\/hrast-e1740690083817.jpeg 507w, https:\/\/smarvet.eu\/wp-content\/uploads\/2025\/02\/hrast-e1740690083817-460x523.jpeg 460w, https:\/\/smarvet.eu\/wp-content\/uploads\/2025\/02\/hrast-e1740690083817-11x12.jpeg 11w, https:\/\/smarvet.eu\/wp-content\/uploads\/2025\/02\/hrast-e1740690083817-128x145.jpeg 128w, https:\/\/smarvet.eu\/wp-content\/uploads\/2025\/02\/hrast-e1740690083817-255x290.jpeg 255w\" sizes=\"(max-width: 507px) 100vw, 507px\" \/><figcaption class=\"wp-element-caption\">Hrast<\/figcaption><\/figure>\n<\/div><\/div>\n\n\n\n<div class=\"wp-block-column is-layout-flow wp-block-column-is-layout-flow\"><div class=\"wp-block-image\">\n<figure class=\"aligncenter size-full\"><img decoding=\"async\" width=\"496\" height=\"500\" src=\"https:\/\/smarvet.eu\/wp-content\/uploads\/2025\/02\/jasen-u-orahu-e1740690010617.jpeg\" alt=\"Walnut\" class=\"wp-image-1636\" srcset=\"https:\/\/smarvet.eu\/wp-content\/uploads\/2025\/02\/jasen-u-orahu-e1740690010617.jpeg 496w, https:\/\/smarvet.eu\/wp-content\/uploads\/2025\/02\/jasen-u-orahu-e1740690010617-460x464.jpeg 460w, https:\/\/smarvet.eu\/wp-content\/uploads\/2025\/02\/jasen-u-orahu-e1740690010617-115x115.jpeg 115w, https:\/\/smarvet.eu\/wp-content\/uploads\/2025\/02\/jasen-u-orahu-e1740690010617-12x12.jpeg 12w, https:\/\/smarvet.eu\/wp-content\/uploads\/2025\/02\/jasen-u-orahu-e1740690010617-144x145.jpeg 144w, https:\/\/smarvet.eu\/wp-content\/uploads\/2025\/02\/jasen-u-orahu-e1740690010617-288x290.jpeg 288w, https:\/\/smarvet.eu\/wp-content\/uploads\/2025\/02\/jasen-u-orahu-e1740690010617-50x50.jpeg 50w, https:\/\/smarvet.eu\/wp-content\/uploads\/2025\/02\/jasen-u-orahu-e1740690010617-100x100.jpeg 100w\" sizes=\"(max-width: 496px) 100vw, 496px\" \/><figcaption class=\"wp-element-caption\">Orah<\/figcaption><\/figure>\n<\/div><\/div>\n\n\n\n<div class=\"wp-block-column is-layout-flow wp-block-column-is-layout-flow\"><div class=\"wp-block-image\">\n<figure class=\"aligncenter size-full\"><img loading=\"lazy\" decoding=\"async\" width=\"560\" height=\"552\" src=\"https:\/\/smarvet.eu\/wp-content\/uploads\/2025\/02\/bukva-e1740689961397.jpeg\" alt=\"\" class=\"wp-image-1639\" srcset=\"https:\/\/smarvet.eu\/wp-content\/uploads\/2025\/02\/bukva-e1740689961397.jpeg 560w, https:\/\/smarvet.eu\/wp-content\/uploads\/2025\/02\/bukva-e1740689961397-460x453.jpeg 460w, https:\/\/smarvet.eu\/wp-content\/uploads\/2025\/02\/bukva-e1740689961397-12x12.jpeg 12w, https:\/\/smarvet.eu\/wp-content\/uploads\/2025\/02\/bukva-e1740689961397-147x145.jpeg 147w, https:\/\/smarvet.eu\/wp-content\/uploads\/2025\/02\/bukva-e1740689961397-294x290.jpeg 294w, https:\/\/smarvet.eu\/wp-content\/uploads\/2025\/02\/bukva-e1740689961397-50x50.jpeg 50w, https:\/\/smarvet.eu\/wp-content\/uploads\/2025\/02\/bukva-e1740689961397-100x100.jpeg 100w\" sizes=\"(max-width: 560px) 100vw, 560px\" \/><figcaption class=\"wp-element-caption\">Bukva<\/figcaption><\/figure>\n<\/div><\/div>\n<\/div>\n\n\n\n<p>Posve\u0107eni smo odr\u017eivosti i majstorskoj izradi, osiguravaju\u0107i da svaki proizvod koji kreiramo bude i dugotrajan i estetski privla\u010dan. S fokusom na kvalitetne materijale i stru\u010dnu izradu, pru\u017eamo prilago\u0111ena drvena rje\u0161enja za \u0161iri spektar industrija, nude\u0107i izuzetne rezultate koji traju.<\/p>\n\n\n\n<div style=\"height:50px\" aria-hidden=\"true\" class=\"wp-block-spacer\"><\/div>\n\n\n\n<h1 class=\"wp-block-heading has-text-align-center\">Zavr\u0161na obrada<\/h1>\n\n\n\n<p>Uz to, koristimo razli\u010dite vrste zavr\u0161ne obrade kako bismo postigli \u017eeljeni izgled i dugovje\u010dnost na\u0161ih proizvoda. Zavr\u0161na obrada ne uti\u010de samo na izgled materijala, ve\u0107 i na njegovu interakciju sa okolnim prostorom. <\/p>\n\n\n\n<p>Koristimo zavr\u0161ne obrade koje \u010duvaju i nagla\u0161avaju prirodne osobitosti materijala, dopu\u0161taju\u0107i mu da di\u0161e.<\/p>\n\n\n\n<p>Ove obrade ne samo da \u0161tite drvo i usporavaju njegov proces starenja, ve\u0107 isti\u010du njegove prirodne tonove i strukturu.<\/p>\n\n\n\n<div class=\"wp-block-columns is-layout-flex wp-container-core-columns-is-layout-9d6595d7 wp-block-columns-is-layout-flex\">\n<div class=\"wp-block-column is-layout-flow wp-block-column-is-layout-flow\"><div class=\"wp-block-image\">\n<figure class=\"aligncenter size-full\"><img fetchpriority=\"high\" decoding=\"async\" width=\"540\" height=\"538\" src=\"https:\/\/smarvet.eu\/wp-content\/uploads\/2025\/02\/jasen-bio-ulje-e1740689986828.jpeg\" alt=\"\" class=\"wp-image-1637\" srcset=\"https:\/\/smarvet.eu\/wp-content\/uploads\/2025\/02\/jasen-bio-ulje-e1740689986828.jpeg 540w, https:\/\/smarvet.eu\/wp-content\/uploads\/2025\/02\/jasen-bio-ulje-e1740689986828-460x458.jpeg 460w, https:\/\/smarvet.eu\/wp-content\/uploads\/2025\/02\/jasen-bio-ulje-e1740689986828-115x115.jpeg 115w, https:\/\/smarvet.eu\/wp-content\/uploads\/2025\/02\/jasen-bio-ulje-e1740689986828-12x12.jpeg 12w, https:\/\/smarvet.eu\/wp-content\/uploads\/2025\/02\/jasen-bio-ulje-e1740689986828-146x145.jpeg 146w, https:\/\/smarvet.eu\/wp-content\/uploads\/2025\/02\/jasen-bio-ulje-e1740689986828-291x290.jpeg 291w, https:\/\/smarvet.eu\/wp-content\/uploads\/2025\/02\/jasen-bio-ulje-e1740689986828-50x50.jpeg 50w, https:\/\/smarvet.eu\/wp-content\/uploads\/2025\/02\/jasen-bio-ulje-e1740689986828-100x100.jpeg 100w\" sizes=\"(max-width: 540px) 100vw, 540px\" \/><figcaption class=\"wp-element-caption\">BIOulje<\/figcaption><\/figure>\n<\/div><\/div>\n\n\n\n<div class=\"wp-block-column is-layout-flow wp-block-column-is-layout-flow\"><div class=\"wp-block-image\">\n<figure class=\"aligncenter size-full\"><img loading=\"lazy\" decoding=\"async\" width=\"562\" height=\"580\" src=\"https:\/\/smarvet.eu\/wp-content\/uploads\/2025\/02\/jasen-u-hrastu-e1740689943877.jpeg\" alt=\"\" class=\"wp-image-1638\" srcset=\"https:\/\/smarvet.eu\/wp-content\/uploads\/2025\/02\/jasen-u-hrastu-e1740689943877.jpeg 562w, https:\/\/smarvet.eu\/wp-content\/uploads\/2025\/02\/jasen-u-hrastu-e1740689943877-460x475.jpeg 460w, https:\/\/smarvet.eu\/wp-content\/uploads\/2025\/02\/jasen-u-hrastu-e1740689943877-12x12.jpeg 12w, https:\/\/smarvet.eu\/wp-content\/uploads\/2025\/02\/jasen-u-hrastu-e1740689943877-141x145.jpeg 141w, https:\/\/smarvet.eu\/wp-content\/uploads\/2025\/02\/jasen-u-hrastu-e1740689943877-281x290.jpeg 281w\" sizes=\"(max-width: 562px) 100vw, 562px\" \/><figcaption class=\"wp-element-caption\">Hrast<\/figcaption><\/figure>\n<\/div><\/div>\n\n\n\n<div class=\"wp-block-column is-layout-flow wp-block-column-is-layout-flow\"><div class=\"wp-block-image\">\n<figure class=\"aligncenter size-full\"><img decoding=\"async\" width=\"496\" height=\"500\" src=\"https:\/\/smarvet.eu\/wp-content\/uploads\/2025\/02\/jasen-u-orahu-e1740690010617.jpeg\" alt=\"Walnut\" class=\"wp-image-1636\" srcset=\"https:\/\/smarvet.eu\/wp-content\/uploads\/2025\/02\/jasen-u-orahu-e1740690010617.jpeg 496w, https:\/\/smarvet.eu\/wp-content\/uploads\/2025\/02\/jasen-u-orahu-e1740690010617-460x464.jpeg 460w, https:\/\/smarvet.eu\/wp-content\/uploads\/2025\/02\/jasen-u-orahu-e1740690010617-115x115.jpeg 115w, https:\/\/smarvet.eu\/wp-content\/uploads\/2025\/02\/jasen-u-orahu-e1740690010617-12x12.jpeg 12w, https:\/\/smarvet.eu\/wp-content\/uploads\/2025\/02\/jasen-u-orahu-e1740690010617-144x145.jpeg 144w, https:\/\/smarvet.eu\/wp-content\/uploads\/2025\/02\/jasen-u-orahu-e1740690010617-288x290.jpeg 288w, https:\/\/smarvet.eu\/wp-content\/uploads\/2025\/02\/jasen-u-orahu-e1740690010617-50x50.jpeg 50w, https:\/\/smarvet.eu\/wp-content\/uploads\/2025\/02\/jasen-u-orahu-e1740690010617-100x100.jpeg 100w\" sizes=\"(max-width: 496px) 100vw, 496px\" \/><figcaption class=\"wp-element-caption\">Orah<\/figcaption><\/figure>\n<\/div>\n\n\n<p><\/p>\n<\/div>\n<\/div>\n\n\n\n<div style=\"height:50px\" aria-hidden=\"true\" class=\"wp-block-spacer\"><\/div>\n\n\n\n<h1 class=\"wp-block-heading has-text-align-center\">Lakovi<\/h1>\n\n\n\n<p>Tako\u0111er, koristimo vrlo sigurne lakove koji su ekolo\u0161ki prihvatljivi i bezopasni, \u010dime osiguravamo da na\u0161i proizvodi budu sigurni za sve korisnike i okolinu, zadovoljavaju\u0107i sve <strong>standarde EN 71-3 norme<\/strong>.<\/p>\n\n\n\n<p>Za lakove nudimo \u0161irok raspon opcija, koriste\u0107i sve boje iz <strong>RAL<\/strong> i <strong>NCS<\/strong> karte boja kako bismo osigurali savr\u0161enu zavr\u0161nu obradu za svaki dizajn.<\/p>\n\n\n\n<figure class=\"wp-block-gallery aligncenter has-nested-images columns-default is-cropped wp-block-gallery-1 is-layout-flex wp-block-gallery-is-layout-flex\">\n<figure class=\"wp-block-image size-full\"><img loading=\"lazy\" decoding=\"async\" width=\"1000\" height=\"1000\" data-id=\"1294\" src=\"https:\/\/smarvet.eu\/wp-content\/uploads\/2025\/02\/ral-katre.jpg\" alt=\"\" class=\"wp-image-1294\" srcset=\"https:\/\/smarvet.eu\/wp-content\/uploads\/2025\/02\/ral-katre.jpg 1000w, https:\/\/smarvet.eu\/wp-content\/uploads\/2025\/02\/ral-katre-460x460.jpg 460w, https:\/\/smarvet.eu\/wp-content\/uploads\/2025\/02\/ral-katre-115x115.jpg 115w, https:\/\/smarvet.eu\/wp-content\/uploads\/2025\/02\/ral-katre-760x760.jpg 760w, https:\/\/smarvet.eu\/wp-content\/uploads\/2025\/02\/ral-katre-12x12.jpg 12w, https:\/\/smarvet.eu\/wp-content\/uploads\/2025\/02\/ral-katre-920x920.jpg 920w, https:\/\/smarvet.eu\/wp-content\/uploads\/2025\/02\/ral-katre-145x145.jpg 145w, https:\/\/smarvet.eu\/wp-content\/uploads\/2025\/02\/ral-katre-290x290.jpg 290w, https:\/\/smarvet.eu\/wp-content\/uploads\/2025\/02\/ral-katre-50x50.jpg 50w, https:\/\/smarvet.eu\/wp-content\/uploads\/2025\/02\/ral-katre-100x100.jpg 100w\" sizes=\"(max-width: 1000px) 100vw, 1000px\" \/><\/figure>\n<\/figure>\n\n\n\n<div class=\"wp-block-columns is-layout-flex wp-container-core-columns-is-layout-9d6595d7 wp-block-columns-is-layout-flex\"><\/div>\n\n\n\n<p>Smarvet s ponosom isti\u010de da sve sirovine nabavlja isklju\u010divo na <strong>doma\u0107em tr\u017ei\u0161tu,<\/strong>direktno iz <strong>Bosne i Hercegovine.<\/strong>Kroz saradnju sa<strong> lokalnim dobavlja\u010dima,<\/strong>osiguravamo da su na\u0161i proizvodi napravljeni od resursa iz na\u0161e zemlje. Ovaj pristup ne samo da podr\u017eava <strong>lokalnu ekonomiju,<\/strong> ve\u0107 i promovira odr\u017eivost i smanjuje ekolo\u0161ki otisak kroz kra\u0107e transportne udaljenosti i kori\u0161tenje lokalnih resursa.<\/p>\n\n\n\n<p>Zbog izuzetnog kvaliteta i trajne trajnosti na\u0161ih proizvoda, s ponosom nudimo <strong>garanciju<\/strong> na sve proizvode koje proizvodimo. Na\u0161a posve\u0107enost <strong>kvalitetu<\/strong> i <strong>dugovje\u010dnosti<\/strong> zna\u010di da mo\u017eete biti sigurni u dugoro\u010dnu vrijednost svakog <strong>proizvoda<\/strong> kojeg kupite kod nas.<\/p>\n\n\n\n<p><\/p>","protected":false},"excerpt":{"rendered":"<p>Wood Our company specializes in the production of high-quality products using various premium types of wood, including ash,&hellip;<\/p>","protected":false},"author":1,"featured_media":0,"parent":0,"menu_order":0,"comment_status":"closed","ping_status":"closed","template":"","meta":{"footnotes":""},"class_list":["post-40","page","type-page","status-publish","hentry"],"yoast_head":"<!-- This site is optimized with the Yoast SEO plugin v27.3 - https:\/\/yoast.com\/product\/yoast-seo-wordpress\/ -->\n<title>Materials - Smarvet<\/title>\n<meta name=\"robots\" content=\"index, follow, max-snippet:-1, max-image-preview:large, max-video-preview:-1\" \/>\n<link rel=\"canonical\" href=\"https:\/\/smarvet.eu\/bs\/materials\/\" \/>\n<meta property=\"og:locale\" content=\"bs_BA\" \/>\n<meta property=\"og:type\" content=\"article\" \/>\n<meta property=\"og:title\" content=\"Materials - Smarvet\" \/>\n<meta property=\"og:description\" content=\"Wood Our company specializes in the production of high-quality products using various premium types of wood, including ash,&hellip;\" \/>\n<meta property=\"og:url\" content=\"https:\/\/smarvet.eu\/bs\/materials\/\" \/>\n<meta property=\"og:site_name\" content=\"Smarvet\" \/>\n<meta property=\"article:modified_time\" content=\"2025-03-07T06:32:48+00:00\" \/>\n<meta property=\"og:image\" content=\"https:\/\/smarvet.eu\/wp-content\/uploads\/2025\/02\/jasen-bio-ulje-e1740689986828.jpeg\" \/>\n<meta name=\"twitter:card\" content=\"summary_large_image\" \/>\n<meta name=\"twitter:label1\" content=\"Est. reading time\" \/>\n\t<meta name=\"twitter:data1\" content=\"4 minute\" \/>\n<script type=\"application\/ld+json\" class=\"yoast-schema-graph\">{\"@context\":\"https:\\\/\\\/schema.org\",\"@graph\":[{\"@type\":\"WebPage\",\"@id\":\"https:\\\/\\\/smarvet.eu\\\/materials\\\/\",\"url\":\"https:\\\/\\\/smarvet.eu\\\/materials\\\/\",\"name\":\"Materials - Smarvet\",\"isPartOf\":{\"@id\":\"https:\\\/\\\/smarvet.eu\\\/#website\"},\"primaryImageOfPage\":{\"@id\":\"https:\\\/\\\/smarvet.eu\\\/materials\\\/#primaryimage\"},\"image\":{\"@id\":\"https:\\\/\\\/smarvet.eu\\\/materials\\\/#primaryimage\"},\"thumbnailUrl\":\"https:\\\/\\\/smarvet.eu\\\/wp-content\\\/uploads\\\/2025\\\/02\\\/jasen-bio-ulje-e1740689986828.jpeg\",\"datePublished\":\"2025-02-13T18:13:17+00:00\",\"dateModified\":\"2025-03-07T06:32:48+00:00\",\"breadcrumb\":{\"@id\":\"https:\\\/\\\/smarvet.eu\\\/materials\\\/#breadcrumb\"},\"inLanguage\":\"bs-BA\",\"potentialAction\":[{\"@type\":\"ReadAction\",\"target\":[\"https:\\\/\\\/smarvet.eu\\\/materials\\\/\"]}]},{\"@type\":\"ImageObject\",\"inLanguage\":\"bs-BA\",\"@id\":\"https:\\\/\\\/smarvet.eu\\\/materials\\\/#primaryimage\",\"url\":\"https:\\\/\\\/smarvet.eu\\\/wp-content\\\/uploads\\\/2025\\\/02\\\/jasen-bio-ulje-e1740689986828.jpeg\",\"contentUrl\":\"https:\\\/\\\/smarvet.eu\\\/wp-content\\\/uploads\\\/2025\\\/02\\\/jasen-bio-ulje-e1740689986828.jpeg\"},{\"@type\":\"BreadcrumbList\",\"@id\":\"https:\\\/\\\/smarvet.eu\\\/materials\\\/#breadcrumb\",\"itemListElement\":[{\"@type\":\"ListItem\",\"position\":1,\"name\":\"Home\",\"item\":\"https:\\\/\\\/smarvet.eu\\\/\"},{\"@type\":\"ListItem\",\"position\":2,\"name\":\"Materials\"}]},{\"@type\":\"WebSite\",\"@id\":\"https:\\\/\\\/smarvet.eu\\\/#website\",\"url\":\"https:\\\/\\\/smarvet.eu\\\/\",\"name\":\"Smarvet\",\"description\":\"\",\"potentialAction\":[{\"@type\":\"SearchAction\",\"target\":{\"@type\":\"EntryPoint\",\"urlTemplate\":\"https:\\\/\\\/smarvet.eu\\\/?s={search_term_string}\"},\"query-input\":{\"@type\":\"PropertyValueSpecification\",\"valueRequired\":true,\"valueName\":\"search_term_string\"}}],\"inLanguage\":\"bs-BA\"}]}<\/script>\n<!-- \/ Yoast SEO plugin. -->","yoast_head_json":{"title":"Materials - Smarvet","robots":{"index":"index","follow":"follow","max-snippet":"max-snippet:-1","max-image-preview":"max-image-preview:large","max-video-preview":"max-video-preview:-1"},"canonical":"https:\/\/smarvet.eu\/bs\/materials\/","og_locale":"bs_BA","og_type":"article","og_title":"Materials - Smarvet","og_description":"Wood Our company specializes in the production of high-quality products using various premium types of wood, including ash,&hellip;","og_url":"https:\/\/smarvet.eu\/bs\/materials\/","og_site_name":"Smarvet","article_modified_time":"2025-03-07T06:32:48+00:00","og_image":[{"url":"https:\/\/smarvet.eu\/wp-content\/uploads\/2025\/02\/jasen-bio-ulje-e1740689986828.jpeg","type":"","width":"","height":""}],"twitter_card":"summary_large_image","twitter_misc":{"Est. reading time":"4 minute"},"schema":{"@context":"https:\/\/schema.org","@graph":[{"@type":"WebPage","@id":"https:\/\/smarvet.eu\/materials\/","url":"https:\/\/smarvet.eu\/materials\/","name":"Materials - Smarvet","isPartOf":{"@id":"https:\/\/smarvet.eu\/#website"},"primaryImageOfPage":{"@id":"https:\/\/smarvet.eu\/materials\/#primaryimage"},"image":{"@id":"https:\/\/smarvet.eu\/materials\/#primaryimage"},"thumbnailUrl":"https:\/\/smarvet.eu\/wp-content\/uploads\/2025\/02\/jasen-bio-ulje-e1740689986828.jpeg","datePublished":"2025-02-13T18:13:17+00:00","dateModified":"2025-03-07T06:32:48+00:00","breadcrumb":{"@id":"https:\/\/smarvet.eu\/materials\/#breadcrumb"},"inLanguage":"bs-BA","potentialAction":[{"@type":"ReadAction","target":["https:\/\/smarvet.eu\/materials\/"]}]},{"@type":"ImageObject","inLanguage":"bs-BA","@id":"https:\/\/smarvet.eu\/materials\/#primaryimage","url":"https:\/\/smarvet.eu\/wp-content\/uploads\/2025\/02\/jasen-bio-ulje-e1740689986828.jpeg","contentUrl":"https:\/\/smarvet.eu\/wp-content\/uploads\/2025\/02\/jasen-bio-ulje-e1740689986828.jpeg"},{"@type":"BreadcrumbList","@id":"https:\/\/smarvet.eu\/materials\/#breadcrumb","itemListElement":[{"@type":"ListItem","position":1,"name":"Home","item":"https:\/\/smarvet.eu\/"},{"@type":"ListItem","position":2,"name":"Materials"}]},{"@type":"WebSite","@id":"https:\/\/smarvet.eu\/#website","url":"https:\/\/smarvet.eu\/","name":"Smarvet","description":"","potentialAction":[{"@type":"SearchAction","target":{"@type":"EntryPoint","urlTemplate":"https:\/\/smarvet.eu\/?s={search_term_string}"},"query-input":{"@type":"PropertyValueSpecification","valueRequired":true,"valueName":"search_term_string"}}],"inLanguage":"bs-BA"}]}},"jetpack_sharing_enabled":true,"_links":{"self":[{"href":"https:\/\/smarvet.eu\/bs\/wp-json\/wp\/v2\/pages\/40","targetHints":{"allow":["GET"]}}],"collection":[{"href":"https:\/\/smarvet.eu\/bs\/wp-json\/wp\/v2\/pages"}],"about":[{"href":"https:\/\/smarvet.eu\/bs\/wp-json\/wp\/v2\/types\/page"}],"author":[{"embeddable":true,"href":"https:\/\/smarvet.eu\/bs\/wp-json\/wp\/v2\/users\/1"}],"replies":[{"embeddable":true,"href":"https:\/\/smarvet.eu\/bs\/wp-json\/wp\/v2\/comments?post=40"}],"version-history":[{"count":43,"href":"https:\/\/smarvet.eu\/bs\/wp-json\/wp\/v2\/pages\/40\/revisions"}],"predecessor-version":[{"id":1709,"href":"https:\/\/smarvet.eu\/bs\/wp-json\/wp\/v2\/pages\/40\/revisions\/1709"}],"wp:attachment":[{"href":"https:\/\/smarvet.eu\/bs\/wp-json\/wp\/v2\/media?parent=40"}],"curies":[{"name":"wp","href":"https:\/\/api.w.org\/{rel}","templated":true}]}}