{"id":37,"date":"2025-02-13T18:12:54","date_gmt":"2025-02-13T18:12:54","guid":{"rendered":"https:\/\/smarvet.eu\/?page_id=37"},"modified":"2025-02-20T17:34:47","modified_gmt":"2025-02-20T17:34:47","slug":"about-us","status":"publish","type":"page","link":"https:\/\/smarvet.eu\/bs\/about-us\/","title":{"rendered":"O Nama"},"content":{"rendered":"<p>Locirani u kraljevskom gradu Klju\u010du na sjeverozapadu Bosne i Hercegovine <strong><a href=\"https:\/\/smarvet.eu\/bs\/\" data-type=\"page\" data-id=\"17\">Smarvet d.o.o.<\/a><\/strong> svoje po\u010detne korake \u010dini kao mala, kreativna drvna radionica. Danas brojimo oko 40 uposlenika i paralelno sa trendom ekspanzije i napredovanja na tr\u017ei\u0161tu unosimo nova radna mjesta u kompaniju.<\/p>\n\n\n\n<p>Rado nagla\u0161avamo da se na\u0161i proizvodi mogu prona\u0107i kako na regionalnom, tako i na globalnom tr\u017ei\u0161tu diljem svijeta, vrata ka globalnom tr\u017ei\u0161tu su nam otvorena kako stojimo iza date rije\u010di i obe\u0107anog proizvoda. Kvalitet, po\u0161tovanje rokova isporuke te orijentacija prema detaljima su na\u0161a garancija.<\/p>\n\n\n\n<p>\u010cinjenica da tradiciju izrade namje\u0161taja i sportskog programa od plemenitog drveta njegujemo ve\u0107 skoro tri decenije najbolji je pokazatelj na\u0161e posve\u0107enosti. Svakodnevno unaprije\u0111enje znanja i vje\u0161tina, tehnologije te procesa nam olak\u0161ava da odr\u017eimo iskorak sa trendovima na tr\u017ei\u0161tu, te time potkrijepljuje na\u0161u mogu\u0107nost da na sve zahtjeve na\u0161ih kupaca ponudimo efikasan odgovor.<\/p>\n\n\n\n<p>O na\u0161oj motivisanosti za rad pokazuje i \u010dinjenica da je Smarvet d.o.o. sa svojim tehnolo\u0161kim kapacitetima osposobljen za serijsku proizvodnju.\nIpak, kako naglasak stavljamo na kvalitet, fokus prilikom izradbe svakog komada pojedina\u010dno posve\u0107ujemo najfinijoj ru\u010dnoj obradi, kao i estetskim detaljima, \u0161to je osnovna karakteristika svake umjetni\u010dke radionice.<\/p>\n\n\n\n<p>S ponosom isti\u010demo da posjedujemo  FSC certifikat, kao i da je to jedan od standarda kojim se vodimo prilikom odabira dobavlja\u010da, kako bismo odr\u017eali konstantan kvalitet izra\u0111enih proizvoda.<\/p>\n\n\n\n<p>Tako\u0111er, za sve proizvode koje plasiramo bez obzira na tip zavr\u0161ne obrade, su kori\u0161teni proizvodi certifikovani prema EN 71-3 normi.<strong> EN 71-3 Standard Norme<\/strong>.<\/p>\n\n\n\n<p>Kao drvo koje se formira od najmanje sjemenke, tako se i na\u0161 trud, s vremenom, pro\u0161irio na vi\u0161e grane.<\/p>\n\n\n\n<figure class=\"wp-block-image size-full\"><img fetchpriority=\"high\" decoding=\"async\" width=\"1124\" height=\"1583\" src=\"https:\/\/smarvet.eu\/wp-content\/uploads\/2025\/02\/smarvet-team-cover-image.jpeg\" alt=\"\" class=\"wp-image-503\" srcset=\"https:\/\/smarvet.eu\/wp-content\/uploads\/2025\/02\/smarvet-team-cover-image.jpeg 1124w, https:\/\/smarvet.eu\/wp-content\/uploads\/2025\/02\/smarvet-team-cover-image-460x648.jpeg 460w, https:\/\/smarvet.eu\/wp-content\/uploads\/2025\/02\/smarvet-team-cover-image-760x1070.jpeg 760w, https:\/\/smarvet.eu\/wp-content\/uploads\/2025\/02\/smarvet-team-cover-image-9x12.jpeg 9w, https:\/\/smarvet.eu\/wp-content\/uploads\/2025\/02\/smarvet-team-cover-image-920x1296.jpeg 920w, https:\/\/smarvet.eu\/wp-content\/uploads\/2025\/02\/smarvet-team-cover-image-103x145.jpeg 103w, https:\/\/smarvet.eu\/wp-content\/uploads\/2025\/02\/smarvet-team-cover-image-206x290.jpeg 206w\" sizes=\"(max-width: 1124px) 100vw, 1124px\" \/><\/figure>\n\n\n\n<p>Iako primarno realiziramo vizije na\u0161ih kupaca, te\u017enja prema proizvodnji konceptualno i vizualno inovativnih  proizvoda potakla nas je na stvaranje sopstvenih brendova, \"<strong><a href=\"https:\/\/smarvet.eu\/bs\/kategorija-proizvoda\/designer-collections\/wood-arts-collection\/\" target=\"_blank\" rel=\"noreferrer noopener\">Wood Arts<\/a><\/strong>\" i \"<strong><a href=\"https:\/\/smarvet.eu\/bs\/kategorija-proizvoda\/designer-collections\/inat-collection\/\" target=\"_blank\" rel=\"noreferrer noopener\">Inat<\/a><\/strong>&#8220;.<\/p>\n\n\n\n<p>Umjetnost obrade plemenitog drveta i tradicija koja se ve\u0107 mjeri decenijama, garancija su kvaliteta i posve\u0107enosti o\u010duvanju okoline, zdravlja ljudi i pove\u0107anju zadovoljstva svih kupaca na\u0161ih novih dizajnerskih kolekcija.<\/p>\n\n\n\n<div style=\"height:100px\" aria-hidden=\"true\" class=\"wp-block-spacer\"><\/div>\n\n\n\n<p class=\"has-text-align-center\">Vi\u0161e o nama - <strong><a href=\"https:\/\/smarvet.eu\/bs\/category\/all-posts\/\">Posjeti Blog<\/a><\/strong>.<\/p>","protected":false},"excerpt":{"rendered":"<p>Located in the regal town Klju\u010d at the northwest of Bosnia and Herzegovina, Smarvet Company launched as a&hellip;<\/p>","protected":false},"author":1,"featured_media":0,"parent":0,"menu_order":0,"comment_status":"closed","ping_status":"closed","template":"","meta":{"footnotes":""},"class_list":["post-37","page","type-page","status-publish","hentry"],"yoast_head":"<!-- This site is optimized with the Yoast SEO plugin v27.3 - https:\/\/yoast.com\/product\/yoast-seo-wordpress\/ -->\n<title>About Us - Smarvet<\/title>\n<meta name=\"robots\" content=\"index, follow, max-snippet:-1, max-image-preview:large, max-video-preview:-1\" \/>\n<link rel=\"canonical\" href=\"https:\/\/smarvet.eu\/bs\/about-us\/\" \/>\n<meta property=\"og:locale\" content=\"bs_BA\" \/>\n<meta property=\"og:type\" content=\"article\" \/>\n<meta property=\"og:title\" content=\"About Us - Smarvet\" \/>\n<meta property=\"og:description\" content=\"Located in the regal town Klju\u010d at the northwest of Bosnia and Herzegovina, Smarvet Company launched as a&hellip;\" \/>\n<meta property=\"og:url\" content=\"https:\/\/smarvet.eu\/bs\/about-us\/\" \/>\n<meta property=\"og:site_name\" content=\"Smarvet\" \/>\n<meta property=\"article:modified_time\" content=\"2025-02-20T17:34:47+00:00\" \/>\n<meta property=\"og:image\" content=\"https:\/\/smarvet.eu\/wp-content\/uploads\/2025\/02\/smarvet-team-cover-image.jpeg\" \/>\n<meta name=\"twitter:card\" content=\"summary_large_image\" \/>\n<meta name=\"twitter:label1\" content=\"Est. reading time\" \/>\n\t<meta name=\"twitter:data1\" content=\"2 minute\" \/>\n<script type=\"application\/ld+json\" class=\"yoast-schema-graph\">{\"@context\":\"https:\\\/\\\/schema.org\",\"@graph\":[{\"@type\":\"WebPage\",\"@id\":\"https:\\\/\\\/smarvet.eu\\\/about-us\\\/\",\"url\":\"https:\\\/\\\/smarvet.eu\\\/about-us\\\/\",\"name\":\"About Us - Smarvet\",\"isPartOf\":{\"@id\":\"https:\\\/\\\/smarvet.eu\\\/#website\"},\"primaryImageOfPage\":{\"@id\":\"https:\\\/\\\/smarvet.eu\\\/about-us\\\/#primaryimage\"},\"image\":{\"@id\":\"https:\\\/\\\/smarvet.eu\\\/about-us\\\/#primaryimage\"},\"thumbnailUrl\":\"https:\\\/\\\/smarvet.eu\\\/wp-content\\\/uploads\\\/2025\\\/02\\\/smarvet-team-cover-image.jpeg\",\"datePublished\":\"2025-02-13T18:12:54+00:00\",\"dateModified\":\"2025-02-20T17:34:47+00:00\",\"breadcrumb\":{\"@id\":\"https:\\\/\\\/smarvet.eu\\\/about-us\\\/#breadcrumb\"},\"inLanguage\":\"bs-BA\",\"potentialAction\":[{\"@type\":\"ReadAction\",\"target\":[\"https:\\\/\\\/smarvet.eu\\\/about-us\\\/\"]}]},{\"@type\":\"ImageObject\",\"inLanguage\":\"bs-BA\",\"@id\":\"https:\\\/\\\/smarvet.eu\\\/about-us\\\/#primaryimage\",\"url\":\"https:\\\/\\\/smarvet.eu\\\/wp-content\\\/uploads\\\/2025\\\/02\\\/smarvet-team-cover-image.jpeg\",\"contentUrl\":\"https:\\\/\\\/smarvet.eu\\\/wp-content\\\/uploads\\\/2025\\\/02\\\/smarvet-team-cover-image.jpeg\"},{\"@type\":\"BreadcrumbList\",\"@id\":\"https:\\\/\\\/smarvet.eu\\\/about-us\\\/#breadcrumb\",\"itemListElement\":[{\"@type\":\"ListItem\",\"position\":1,\"name\":\"Home\",\"item\":\"https:\\\/\\\/smarvet.eu\\\/\"},{\"@type\":\"ListItem\",\"position\":2,\"name\":\"About Us\"}]},{\"@type\":\"WebSite\",\"@id\":\"https:\\\/\\\/smarvet.eu\\\/#website\",\"url\":\"https:\\\/\\\/smarvet.eu\\\/\",\"name\":\"Smarvet\",\"description\":\"\",\"potentialAction\":[{\"@type\":\"SearchAction\",\"target\":{\"@type\":\"EntryPoint\",\"urlTemplate\":\"https:\\\/\\\/smarvet.eu\\\/?s={search_term_string}\"},\"query-input\":{\"@type\":\"PropertyValueSpecification\",\"valueRequired\":true,\"valueName\":\"search_term_string\"}}],\"inLanguage\":\"bs-BA\"}]}<\/script>\n<!-- \/ Yoast SEO plugin. -->","yoast_head_json":{"title":"About Us - Smarvet","robots":{"index":"index","follow":"follow","max-snippet":"max-snippet:-1","max-image-preview":"max-image-preview:large","max-video-preview":"max-video-preview:-1"},"canonical":"https:\/\/smarvet.eu\/bs\/about-us\/","og_locale":"bs_BA","og_type":"article","og_title":"About Us - Smarvet","og_description":"Located in the regal town Klju\u010d at the northwest of Bosnia and Herzegovina, Smarvet Company launched as a&hellip;","og_url":"https:\/\/smarvet.eu\/bs\/about-us\/","og_site_name":"Smarvet","article_modified_time":"2025-02-20T17:34:47+00:00","og_image":[{"url":"https:\/\/smarvet.eu\/wp-content\/uploads\/2025\/02\/smarvet-team-cover-image.jpeg","type":"","width":"","height":""}],"twitter_card":"summary_large_image","twitter_misc":{"Est. reading time":"2 minute"},"schema":{"@context":"https:\/\/schema.org","@graph":[{"@type":"WebPage","@id":"https:\/\/smarvet.eu\/about-us\/","url":"https:\/\/smarvet.eu\/about-us\/","name":"About Us - Smarvet","isPartOf":{"@id":"https:\/\/smarvet.eu\/#website"},"primaryImageOfPage":{"@id":"https:\/\/smarvet.eu\/about-us\/#primaryimage"},"image":{"@id":"https:\/\/smarvet.eu\/about-us\/#primaryimage"},"thumbnailUrl":"https:\/\/smarvet.eu\/wp-content\/uploads\/2025\/02\/smarvet-team-cover-image.jpeg","datePublished":"2025-02-13T18:12:54+00:00","dateModified":"2025-02-20T17:34:47+00:00","breadcrumb":{"@id":"https:\/\/smarvet.eu\/about-us\/#breadcrumb"},"inLanguage":"bs-BA","potentialAction":[{"@type":"ReadAction","target":["https:\/\/smarvet.eu\/about-us\/"]}]},{"@type":"ImageObject","inLanguage":"bs-BA","@id":"https:\/\/smarvet.eu\/about-us\/#primaryimage","url":"https:\/\/smarvet.eu\/wp-content\/uploads\/2025\/02\/smarvet-team-cover-image.jpeg","contentUrl":"https:\/\/smarvet.eu\/wp-content\/uploads\/2025\/02\/smarvet-team-cover-image.jpeg"},{"@type":"BreadcrumbList","@id":"https:\/\/smarvet.eu\/about-us\/#breadcrumb","itemListElement":[{"@type":"ListItem","position":1,"name":"Home","item":"https:\/\/smarvet.eu\/"},{"@type":"ListItem","position":2,"name":"About Us"}]},{"@type":"WebSite","@id":"https:\/\/smarvet.eu\/#website","url":"https:\/\/smarvet.eu\/","name":"Smarvet","description":"","potentialAction":[{"@type":"SearchAction","target":{"@type":"EntryPoint","urlTemplate":"https:\/\/smarvet.eu\/?s={search_term_string}"},"query-input":{"@type":"PropertyValueSpecification","valueRequired":true,"valueName":"search_term_string"}}],"inLanguage":"bs-BA"}]}},"jetpack_sharing_enabled":true,"_links":{"self":[{"href":"https:\/\/smarvet.eu\/bs\/wp-json\/wp\/v2\/pages\/37","targetHints":{"allow":["GET"]}}],"collection":[{"href":"https:\/\/smarvet.eu\/bs\/wp-json\/wp\/v2\/pages"}],"about":[{"href":"https:\/\/smarvet.eu\/bs\/wp-json\/wp\/v2\/types\/page"}],"author":[{"embeddable":true,"href":"https:\/\/smarvet.eu\/bs\/wp-json\/wp\/v2\/users\/1"}],"replies":[{"embeddable":true,"href":"https:\/\/smarvet.eu\/bs\/wp-json\/wp\/v2\/comments?post=37"}],"version-history":[{"count":10,"href":"https:\/\/smarvet.eu\/bs\/wp-json\/wp\/v2\/pages\/37\/revisions"}],"predecessor-version":[{"id":652,"href":"https:\/\/smarvet.eu\/bs\/wp-json\/wp\/v2\/pages\/37\/revisions\/652"}],"wp:attachment":[{"href":"https:\/\/smarvet.eu\/bs\/wp-json\/wp\/v2\/media?parent=37"}],"curies":[{"name":"wp","href":"https:\/\/api.w.org\/{rel}","templated":true}]}}